{"id":2827,"date":"2026-01-17T18:15:48","date_gmt":"2026-01-17T17:15:48","guid":{"rendered":"https:\/\/staging.ecommerce.tuttocapsuletools.it\/prodotto\/sandeme-crema-corpo-caffe-verde-200-ml-conf-1-box-12-2\/"},"modified":"2026-04-16T03:07:06","modified_gmt":"2026-04-16T01:07:06","slug":"sandeme-crema-corpo-caffe-verde-200-ml-conf-1-box-12-2","status":"publish","type":"product","link":"https:\/\/staging.ecommerce.tuttocapsuletools.it\/en\/prodotto\/sandeme-crema-corpo-caffe-verde-200-ml-conf-1-box-12-2\/","title":{"rendered":"SANDEME&#8217; Crema corpo caff\u00e8 verde 200 ml"},"content":{"rendered":"<p>Crema corpo arricchita con ingredienti dalle propriet\u00e0 antiossidanti, emollienti ed idratanti.<br \/>\nLa sinergia di estratto di caff\u00e9 verde contenente acido clorogenico e caffeina,<br \/>\ndi olio di jojoba e acido ialuronico \u00e8 utile per contrastare la perdita di tono della pelle<br \/>\ne prevenirne l\u2019invecchiamento.<br \/>\nComponenti funzionali:<br \/>\nEstratto di Caff\u00e8 verde: antiossidante, titolato in acido clorogenico 45% e in caffeina 2%;<br \/>\nOlio di Jojoba: idratante, nutriente, ricostituente del film lipidico;<br \/>\nAcido Jaluronico: idratante, antiage, effetto tensore;<br \/>\nVitamina E: riepitelizzante, elasticizzante, antiossidante<\/p>\n<p>Crema corpo arricchita con ingredienti dalle propriet\u00e0 antiossidanti, emollienti ed idratanti.La sinergia di estratto di caff\u00e9 verde contenente acido clorogenico e caffeina,di olio di jojoba e acido ialuronico \u00e8 utile per contrastare la perdita di tono della pellee prevenirne l&#8217;invecchiamento.Componenti funzionali:Estratto di Caff\u00e8 verde: antiossidante, titolato in acido clorogenico 45% e in caffeina 2%;Olio di Jojoba: idratante, nutriente, ricostituente del film lipidico;Acido Jaluronico: idratante, antiage, effetto tensore;Vitamina E: riepitelizzante, elasticizzante, antiossidante&#8221;<\/p>\n","protected":false},"excerpt":{"rendered":"<p>SANDEME Crema corpo 200 ml<\/p>\n","protected":false},"featured_media":756,"comment_status":"open","ping_status":"closed","template":"","meta":{"_acf_changed":false},"product_brand":[306],"product_cat":[296,307],"product_tag":[],"product_family":[],"product_group":[],"product_class":[],"class_list":{"0":"post-2827","1":"product","2":"type-product","3":"status-publish","4":"has-post-thumbnail","6":"product_brand-sandeme","7":"product_cat-alt","8":"product_cat-bea","10":"first","11":"instock","12":"shipping-taxable","13":"purchasable","14":"product-type-simple"},"acf":[],"_links":{"self":[{"href":"https:\/\/staging.ecommerce.tuttocapsuletools.it\/en\/wp-json\/wp\/v2\/product\/2827","targetHints":{"allow":["GET"]}}],"collection":[{"href":"https:\/\/staging.ecommerce.tuttocapsuletools.it\/en\/wp-json\/wp\/v2\/product"}],"about":[{"href":"https:\/\/staging.ecommerce.tuttocapsuletools.it\/en\/wp-json\/wp\/v2\/types\/product"}],"replies":[{"embeddable":true,"href":"https:\/\/staging.ecommerce.tuttocapsuletools.it\/en\/wp-json\/wp\/v2\/comments?post=2827"}],"wp:featuredmedia":[{"embeddable":true,"href":"https:\/\/staging.ecommerce.tuttocapsuletools.it\/en\/wp-json\/wp\/v2\/media\/756"}],"wp:attachment":[{"href":"https:\/\/staging.ecommerce.tuttocapsuletools.it\/en\/wp-json\/wp\/v2\/media?parent=2827"}],"wp:term":[{"taxonomy":"product_brand","embeddable":true,"href":"https:\/\/staging.ecommerce.tuttocapsuletools.it\/en\/wp-json\/wp\/v2\/product_brand?post=2827"},{"taxonomy":"product_cat","embeddable":true,"href":"https:\/\/staging.ecommerce.tuttocapsuletools.it\/en\/wp-json\/wp\/v2\/product_cat?post=2827"},{"taxonomy":"product_tag","embeddable":true,"href":"https:\/\/staging.ecommerce.tuttocapsuletools.it\/en\/wp-json\/wp\/v2\/product_tag?post=2827"},{"taxonomy":"product_family","embeddable":true,"href":"https:\/\/staging.ecommerce.tuttocapsuletools.it\/en\/wp-json\/wp\/v2\/product_family?post=2827"},{"taxonomy":"product_group","embeddable":true,"href":"https:\/\/staging.ecommerce.tuttocapsuletools.it\/en\/wp-json\/wp\/v2\/product_group?post=2827"},{"taxonomy":"product_class","embeddable":true,"href":"https:\/\/staging.ecommerce.tuttocapsuletools.it\/en\/wp-json\/wp\/v2\/product_class?post=2827"}],"curies":[{"name":"wp","href":"https:\/\/api.w.org\/{rel}","templated":true}]}}