{"id":4230,"date":"2026-01-30T10:47:41","date_gmt":"2026-01-30T09:47:41","guid":{"rendered":"https:\/\/staging.ecommerce.tuttocapsuletools.it\/prodotto\/pagliero-dolce-gusto-solubile-creme-brulee-conf-16-box-6-2\/"},"modified":"2026-04-16T05:10:17","modified_gmt":"2026-04-16T03:10:17","slug":"pagliero-dolce-gusto-solubile-creme-brulee-conf-16-box-6-2","status":"publish","type":"product","link":"https:\/\/staging.ecommerce.tuttocapsuletools.it\/en\/prodotto\/pagliero-dolce-gusto-solubile-creme-brulee-conf-16-box-6-2\/","title":{"rendered":"Pagliero Cr\u00e9me Brul\u00e8e 16 capsule"},"content":{"rendered":"<p>The elegance of French dessert in a warm, enveloping drink. Vanilla and caramelised sugar create a balance between creamy sweetness and toasted notes. A gourmet delight for a regal end to a meal.<\/p>\n","protected":false},"excerpt":{"rendered":"<p>Box of 6 packs of 16 capsules<br \/>\nCr\u00e8me br\u00fbl\u00e9e flavoured instant drink<br \/>\nCompatible with Dolce Gusto machines<br \/>\nRecommended dosage: 180 ml (5 levels)<\/p>\n","protected":false},"featured_media":0,"comment_status":"open","ping_status":"closed","template":"","meta":{"_acf_changed":false},"product_brand":[302],"product_cat":[333,322],"product_tag":[],"product_family":[],"product_group":[],"product_class":[],"class_list":{"0":"post-4230","1":"product","2":"type-product","3":"status-publish","5":"product_brand-pagliero","6":"product_cat-d-g","7":"product_cat-sol","9":"first","10":"instock","11":"shipping-taxable","12":"purchasable","13":"product-type-simple"},"acf":[],"_links":{"self":[{"href":"https:\/\/staging.ecommerce.tuttocapsuletools.it\/en\/wp-json\/wp\/v2\/product\/4230","targetHints":{"allow":["GET"]}}],"collection":[{"href":"https:\/\/staging.ecommerce.tuttocapsuletools.it\/en\/wp-json\/wp\/v2\/product"}],"about":[{"href":"https:\/\/staging.ecommerce.tuttocapsuletools.it\/en\/wp-json\/wp\/v2\/types\/product"}],"replies":[{"embeddable":true,"href":"https:\/\/staging.ecommerce.tuttocapsuletools.it\/en\/wp-json\/wp\/v2\/comments?post=4230"}],"wp:attachment":[{"href":"https:\/\/staging.ecommerce.tuttocapsuletools.it\/en\/wp-json\/wp\/v2\/media?parent=4230"}],"wp:term":[{"taxonomy":"product_brand","embeddable":true,"href":"https:\/\/staging.ecommerce.tuttocapsuletools.it\/en\/wp-json\/wp\/v2\/product_brand?post=4230"},{"taxonomy":"product_cat","embeddable":true,"href":"https:\/\/staging.ecommerce.tuttocapsuletools.it\/en\/wp-json\/wp\/v2\/product_cat?post=4230"},{"taxonomy":"product_tag","embeddable":true,"href":"https:\/\/staging.ecommerce.tuttocapsuletools.it\/en\/wp-json\/wp\/v2\/product_tag?post=4230"},{"taxonomy":"product_family","embeddable":true,"href":"https:\/\/staging.ecommerce.tuttocapsuletools.it\/en\/wp-json\/wp\/v2\/product_family?post=4230"},{"taxonomy":"product_group","embeddable":true,"href":"https:\/\/staging.ecommerce.tuttocapsuletools.it\/en\/wp-json\/wp\/v2\/product_group?post=4230"},{"taxonomy":"product_class","embeddable":true,"href":"https:\/\/staging.ecommerce.tuttocapsuletools.it\/en\/wp-json\/wp\/v2\/product_class?post=4230"}],"curies":[{"name":"wp","href":"https:\/\/api.w.org\/{rel}","templated":true}]}}