{"id":10173,"date":"2026-03-12T16:34:01","date_gmt":"2026-03-12T15:34:01","guid":{"rendered":"https:\/\/staging.ecommerce.tuttocapsuletools.it\/prodotto\/dolcevita-macaron-12-cps-dolce-gusto-2\/"},"modified":"2026-04-02T11:44:19","modified_gmt":"2026-04-02T09:44:19","slug":"dolcevita-macaron-12-cps-dolce-gusto-2","status":"publish","type":"product","link":"https:\/\/staging.ecommerce.tuttocapsuletools.it\/fr\/prodotto\/dolcevita-macaron-12-cps-dolce-gusto-2\/","title":{"rendered":"DolceVita Macaron 12 cps Dolce Gusto"},"content":{"rendered":"<p>Laissez-vous s\u00e9duire par le go\u00fbt raffin\u00e9 de notre boisson \u00e0 l&rsquo;amande, un hommage \u00e0 la p\u00e2tisserie fine fran\u00e7aise. Chaque gorg\u00e9e lib\u00e8re l&rsquo;ar\u00f4me doux et l\u00e9g\u00e8rement torr\u00e9fi\u00e9 des c\u00e9l\u00e8bres macarons, fusionnant la d\u00e9licatesse de l&rsquo;amande avec une consistance cr\u00e9meuse et velout\u00e9e. C&rsquo;est le choix parfait pour ceux qui recherchent une pause sophistiqu\u00e9e et parfum\u00e9e, capable de transformer un simple moment de d\u00e9tente en une petite exp\u00e9rience gourmande au charme parisien. Une v\u00e9ritable tentation pour le palais, \u00e9quilibr\u00e9e et irr\u00e9sistiblement douce.<\/p>\n","protected":false},"excerpt":{"rendered":"<p>Contient 12 capsules Dolce Gusto<br \/>\nBoisson soluble au caf\u00e9 et saveur d&rsquo;amande<br \/>\nCompatible avec les machines Dolce Gusto<br \/>\nLongueur conseill\u00e9e : 120 ml (3\/4 niveaux)<\/p>\n","protected":false},"featured_media":0,"comment_status":"open","ping_status":"closed","template":"","meta":{"_acf_changed":false},"product_brand":[362],"product_cat":[16],"product_tag":[],"product_family":[],"product_group":[],"product_class":[],"class_list":{"0":"post-10173","1":"product","2":"type-product","3":"status-publish","5":"product_brand-italfoods","6":"product_cat-senza-categoria","8":"first","9":"instock","10":"shipping-taxable","11":"product-type-simple"},"acf":[],"_links":{"self":[{"href":"https:\/\/staging.ecommerce.tuttocapsuletools.it\/fr\/wp-json\/wp\/v2\/product\/10173","targetHints":{"allow":["GET"]}}],"collection":[{"href":"https:\/\/staging.ecommerce.tuttocapsuletools.it\/fr\/wp-json\/wp\/v2\/product"}],"about":[{"href":"https:\/\/staging.ecommerce.tuttocapsuletools.it\/fr\/wp-json\/wp\/v2\/types\/product"}],"replies":[{"embeddable":true,"href":"https:\/\/staging.ecommerce.tuttocapsuletools.it\/fr\/wp-json\/wp\/v2\/comments?post=10173"}],"wp:attachment":[{"href":"https:\/\/staging.ecommerce.tuttocapsuletools.it\/fr\/wp-json\/wp\/v2\/media?parent=10173"}],"wp:term":[{"taxonomy":"product_brand","embeddable":true,"href":"https:\/\/staging.ecommerce.tuttocapsuletools.it\/fr\/wp-json\/wp\/v2\/product_brand?post=10173"},{"taxonomy":"product_cat","embeddable":true,"href":"https:\/\/staging.ecommerce.tuttocapsuletools.it\/fr\/wp-json\/wp\/v2\/product_cat?post=10173"},{"taxonomy":"product_tag","embeddable":true,"href":"https:\/\/staging.ecommerce.tuttocapsuletools.it\/fr\/wp-json\/wp\/v2\/product_tag?post=10173"},{"taxonomy":"product_family","embeddable":true,"href":"https:\/\/staging.ecommerce.tuttocapsuletools.it\/fr\/wp-json\/wp\/v2\/product_family?post=10173"},{"taxonomy":"product_group","embeddable":true,"href":"https:\/\/staging.ecommerce.tuttocapsuletools.it\/fr\/wp-json\/wp\/v2\/product_group?post=10173"},{"taxonomy":"product_class","embeddable":true,"href":"https:\/\/staging.ecommerce.tuttocapsuletools.it\/fr\/wp-json\/wp\/v2\/product_class?post=10173"}],"curies":[{"name":"wp","href":"https:\/\/api.w.org\/{rel}","templated":true}]}}