{"id":11724,"date":"2026-03-13T11:17:31","date_gmt":"2026-03-13T10:17:31","guid":{"rendered":"https:\/\/staging.ecommerce.tuttocapsuletools.it\/prodotto\/pagliero-specialty-etiopia-cialde-20-2\/"},"modified":"2026-03-25T10:46:07","modified_gmt":"2026-03-25T09:46:07","slug":"pagliero-specialty-etiopia-cialde-20-2","status":"publish","type":"product","link":"https:\/\/staging.ecommerce.tuttocapsuletools.it\/fr\/prodotto\/pagliero-specialty-etiopia-cialde-20-2\/","title":{"rendered":"Pagliero Specialty Etiopia Cialde 20"},"content":{"rendered":"<p>De la r\u00e9gion \u00e9thiopienne de Sidamo, un caf\u00e9 brillant : des notes de jasmin et d&rsquo;agrumes rencontrent un corps velout\u00e9 et une finale cacaot\u00e9e. Une gorg\u00e9e sophistiqu\u00e9e qui raconte l&rsquo;essence de l&rsquo;\u00c9thiopie.<\/p>\n","protected":false},"excerpt":{"rendered":"<p>Paquet de 200g<br \/>\nCaf\u00e9 Specialty moulu<br \/>\n100% Arabica &#8211; \u00c9thiopie Sidamo Hawassa<br \/>\nExtraction recommand\u00e9e: Moka<br \/>\nTorr\u00e9faction claire<\/p>\n","protected":false},"featured_media":0,"comment_status":"open","ping_status":"closed","template":"","meta":{"_acf_changed":false},"product_brand":[302],"product_cat":[16],"product_tag":[],"product_family":[],"product_group":[],"product_class":[],"class_list":{"0":"post-11724","1":"product","2":"type-product","3":"status-publish","5":"product_brand-pagliero","6":"product_cat-senza-categoria","8":"first","9":"instock","10":"shipping-taxable","11":"product-type-simple"},"acf":[],"_links":{"self":[{"href":"https:\/\/staging.ecommerce.tuttocapsuletools.it\/fr\/wp-json\/wp\/v2\/product\/11724","targetHints":{"allow":["GET"]}}],"collection":[{"href":"https:\/\/staging.ecommerce.tuttocapsuletools.it\/fr\/wp-json\/wp\/v2\/product"}],"about":[{"href":"https:\/\/staging.ecommerce.tuttocapsuletools.it\/fr\/wp-json\/wp\/v2\/types\/product"}],"replies":[{"embeddable":true,"href":"https:\/\/staging.ecommerce.tuttocapsuletools.it\/fr\/wp-json\/wp\/v2\/comments?post=11724"}],"wp:attachment":[{"href":"https:\/\/staging.ecommerce.tuttocapsuletools.it\/fr\/wp-json\/wp\/v2\/media?parent=11724"}],"wp:term":[{"taxonomy":"product_brand","embeddable":true,"href":"https:\/\/staging.ecommerce.tuttocapsuletools.it\/fr\/wp-json\/wp\/v2\/product_brand?post=11724"},{"taxonomy":"product_cat","embeddable":true,"href":"https:\/\/staging.ecommerce.tuttocapsuletools.it\/fr\/wp-json\/wp\/v2\/product_cat?post=11724"},{"taxonomy":"product_tag","embeddable":true,"href":"https:\/\/staging.ecommerce.tuttocapsuletools.it\/fr\/wp-json\/wp\/v2\/product_tag?post=11724"},{"taxonomy":"product_family","embeddable":true,"href":"https:\/\/staging.ecommerce.tuttocapsuletools.it\/fr\/wp-json\/wp\/v2\/product_family?post=11724"},{"taxonomy":"product_group","embeddable":true,"href":"https:\/\/staging.ecommerce.tuttocapsuletools.it\/fr\/wp-json\/wp\/v2\/product_group?post=11724"},{"taxonomy":"product_class","embeddable":true,"href":"https:\/\/staging.ecommerce.tuttocapsuletools.it\/fr\/wp-json\/wp\/v2\/product_class?post=11724"}],"curies":[{"name":"wp","href":"https:\/\/api.w.org\/{rel}","templated":true}]}}