{"id":11877,"date":"2026-03-25T10:54:27","date_gmt":"2026-03-25T09:54:27","guid":{"rendered":"https:\/\/staging.ecommerce.tuttocapsuletools.it\/prodotto\/borbone-nespresso-cortado-conf-10-2\/"},"modified":"2026-04-02T11:54:21","modified_gmt":"2026-04-02T09:54:21","slug":"borbone-nespresso-cortado-conf-10-2","status":"publish","type":"product","link":"https:\/\/staging.ecommerce.tuttocapsuletools.it\/fr\/prodotto\/borbone-nespresso-cortado-conf-10-2\/","title":{"rendered":"BORBONE Nespresso Cortado Conf. 10"},"content":{"rendered":"<p>Une boisson soluble de style cortado avec un \u00e9quilibre entre caf\u00e9 et lait. Son onctuosit\u00e9 et son go\u00fbt doux la rendent id\u00e9ale pour une pause r\u00e9confortante.<\/p>\n","protected":false},"excerpt":{"rendered":"<p>\u00c9tui de 10 capsules<br \/>\nBoisson soluble caf\u00e9 macchiato<br \/>\nCapsule en plastique<\/p>\n","protected":false},"featured_media":0,"comment_status":"open","ping_status":"closed","template":"","meta":{"_acf_changed":false},"product_brand":[328],"product_cat":[16],"product_tag":[],"product_family":[],"product_group":[],"product_class":[],"class_list":{"0":"post-11877","1":"product","2":"type-product","3":"status-publish","5":"product_brand-borbone","6":"product_cat-senza-categoria","8":"first","9":"outofstock","10":"shipping-taxable","11":"product-type-simple"},"acf":[],"_links":{"self":[{"href":"https:\/\/staging.ecommerce.tuttocapsuletools.it\/fr\/wp-json\/wp\/v2\/product\/11877","targetHints":{"allow":["GET"]}}],"collection":[{"href":"https:\/\/staging.ecommerce.tuttocapsuletools.it\/fr\/wp-json\/wp\/v2\/product"}],"about":[{"href":"https:\/\/staging.ecommerce.tuttocapsuletools.it\/fr\/wp-json\/wp\/v2\/types\/product"}],"replies":[{"embeddable":true,"href":"https:\/\/staging.ecommerce.tuttocapsuletools.it\/fr\/wp-json\/wp\/v2\/comments?post=11877"}],"wp:attachment":[{"href":"https:\/\/staging.ecommerce.tuttocapsuletools.it\/fr\/wp-json\/wp\/v2\/media?parent=11877"}],"wp:term":[{"taxonomy":"product_brand","embeddable":true,"href":"https:\/\/staging.ecommerce.tuttocapsuletools.it\/fr\/wp-json\/wp\/v2\/product_brand?post=11877"},{"taxonomy":"product_cat","embeddable":true,"href":"https:\/\/staging.ecommerce.tuttocapsuletools.it\/fr\/wp-json\/wp\/v2\/product_cat?post=11877"},{"taxonomy":"product_tag","embeddable":true,"href":"https:\/\/staging.ecommerce.tuttocapsuletools.it\/fr\/wp-json\/wp\/v2\/product_tag?post=11877"},{"taxonomy":"product_family","embeddable":true,"href":"https:\/\/staging.ecommerce.tuttocapsuletools.it\/fr\/wp-json\/wp\/v2\/product_family?post=11877"},{"taxonomy":"product_group","embeddable":true,"href":"https:\/\/staging.ecommerce.tuttocapsuletools.it\/fr\/wp-json\/wp\/v2\/product_group?post=11877"},{"taxonomy":"product_class","embeddable":true,"href":"https:\/\/staging.ecommerce.tuttocapsuletools.it\/fr\/wp-json\/wp\/v2\/product_class?post=11877"}],"curies":[{"name":"wp","href":"https:\/\/api.w.org\/{rel}","templated":true}]}}