{"id":12235,"date":"2026-04-02T12:01:33","date_gmt":"2026-04-02T10:01:33","guid":{"rendered":"https:\/\/staging.ecommerce.tuttocapsuletools.it\/prodotto\/pagliero-nesp-vellutato-conf-10-2\/"},"modified":"2026-04-15T16:54:43","modified_gmt":"2026-04-15T14:54:43","slug":"pagliero-nesp-vellutato-conf-10-2","status":"publish","type":"product","link":"https:\/\/staging.ecommerce.tuttocapsuletools.it\/fr\/prodotto\/pagliero-nesp-vellutato-conf-10-2\/","title":{"rendered":"PAGLIERO Nesp vellutato Conf 10"},"content":{"rendered":"<p>Capsules en aluminium compatibles Nespresso au profil d\u00e9licat. Un caf\u00e9 100% Arabica qui offre un go\u00fbt velout\u00e9 et doux, parfait pour ceux qui pr\u00e9f\u00e8rent un expresso fin et tr\u00e8s aromatique.<\/p>\n","protected":false},"excerpt":{"rendered":"<p>Capsules en aluminium compatibles Nespresso au profil d\u00e9licat. Un caf\u00e9 100% Arabica qui offre un go\u00fbt velout\u00e9 et doux, parfait pour ceux qui pr\u00e9f\u00e8rent un expresso fin et tr\u00e8s aromatique.<\/p>\n","protected":false},"featured_media":0,"comment_status":"open","ping_status":"closed","template":"","meta":{"_acf_changed":false},"product_brand":[302],"product_cat":[16],"product_tag":[],"product_family":[],"product_group":[],"product_class":[],"class_list":{"0":"post-12235","1":"product","2":"type-product","3":"status-publish","5":"product_brand-pagliero","6":"product_cat-senza-categoria","8":"first","9":"outofstock","10":"shipping-taxable","11":"product-type-simple"},"acf":[],"_links":{"self":[{"href":"https:\/\/staging.ecommerce.tuttocapsuletools.it\/fr\/wp-json\/wp\/v2\/product\/12235","targetHints":{"allow":["GET"]}}],"collection":[{"href":"https:\/\/staging.ecommerce.tuttocapsuletools.it\/fr\/wp-json\/wp\/v2\/product"}],"about":[{"href":"https:\/\/staging.ecommerce.tuttocapsuletools.it\/fr\/wp-json\/wp\/v2\/types\/product"}],"replies":[{"embeddable":true,"href":"https:\/\/staging.ecommerce.tuttocapsuletools.it\/fr\/wp-json\/wp\/v2\/comments?post=12235"}],"wp:attachment":[{"href":"https:\/\/staging.ecommerce.tuttocapsuletools.it\/fr\/wp-json\/wp\/v2\/media?parent=12235"}],"wp:term":[{"taxonomy":"product_brand","embeddable":true,"href":"https:\/\/staging.ecommerce.tuttocapsuletools.it\/fr\/wp-json\/wp\/v2\/product_brand?post=12235"},{"taxonomy":"product_cat","embeddable":true,"href":"https:\/\/staging.ecommerce.tuttocapsuletools.it\/fr\/wp-json\/wp\/v2\/product_cat?post=12235"},{"taxonomy":"product_tag","embeddable":true,"href":"https:\/\/staging.ecommerce.tuttocapsuletools.it\/fr\/wp-json\/wp\/v2\/product_tag?post=12235"},{"taxonomy":"product_family","embeddable":true,"href":"https:\/\/staging.ecommerce.tuttocapsuletools.it\/fr\/wp-json\/wp\/v2\/product_family?post=12235"},{"taxonomy":"product_group","embeddable":true,"href":"https:\/\/staging.ecommerce.tuttocapsuletools.it\/fr\/wp-json\/wp\/v2\/product_group?post=12235"},{"taxonomy":"product_class","embeddable":true,"href":"https:\/\/staging.ecommerce.tuttocapsuletools.it\/fr\/wp-json\/wp\/v2\/product_class?post=12235"}],"curies":[{"name":"wp","href":"https:\/\/api.w.org\/{rel}","templated":true}]}}