{"id":2810,"date":"2026-01-17T18:15:41","date_gmt":"2026-01-17T17:15:41","guid":{"rendered":"https:\/\/staging.ecommerce.tuttocapsuletools.it\/prodotto\/pagliero-accessori-tazza-conic-espresso-conf-1-box-6\/"},"modified":"2026-04-15T20:52:05","modified_gmt":"2026-04-15T18:52:05","slug":"pagliero-accessori-tazza-conic-espresso-conf-1-box-6","status":"publish","type":"product","link":"https:\/\/staging.ecommerce.tuttocapsuletools.it\/fr\/prodotto\/pagliero-accessori-tazza-conic-espresso-conf-1-box-6\/","title":{"rendered":"Pagliero tazzine da caff\u00e8 6 pezzi"},"content":{"rendered":"<p>L&rsquo;art du caf\u00e9, en pleine lumi\u00e8re. La transparence cristalline du verre met en valeur visuellement chaque cr\u00e9ation, des nuances de l&rsquo;espresso aux stratifications de mousse, marocchini et cr\u00e8mes froides. Con\u00e7ues pour allier l&rsquo;excellence du design italien \u00e0 la plus grande fonctionnalit\u00e9 et praticit\u00e9, les tasses Pagliero sont l&rsquo;outil parfait pour valoriser le savoir-faire du barista.<\/p>\n","protected":false},"excerpt":{"rendered":"<p>kit de 6 tasses \u00e0 caf\u00e9<br \/>\nMat\u00e9riau: verre<br \/>\nCapacit\u00e9: 80 ml<br \/>\nLavables au lave-vaisselle<\/p>\n","protected":false},"featured_media":739,"comment_status":"open","ping_status":"closed","template":"","meta":{"_acf_changed":false},"product_brand":[302],"product_cat":[296,301],"product_tag":[],"product_family":[],"product_group":[],"product_class":[],"class_list":{"0":"post-2810","1":"product","2":"type-product","3":"status-publish","4":"has-post-thumbnail","6":"product_brand-pagliero","7":"product_cat-alt","8":"product_cat-bic","10":"first","11":"instock","12":"shipping-taxable","13":"product-type-simple"},"acf":[],"_links":{"self":[{"href":"https:\/\/staging.ecommerce.tuttocapsuletools.it\/fr\/wp-json\/wp\/v2\/product\/2810","targetHints":{"allow":["GET"]}}],"collection":[{"href":"https:\/\/staging.ecommerce.tuttocapsuletools.it\/fr\/wp-json\/wp\/v2\/product"}],"about":[{"href":"https:\/\/staging.ecommerce.tuttocapsuletools.it\/fr\/wp-json\/wp\/v2\/types\/product"}],"replies":[{"embeddable":true,"href":"https:\/\/staging.ecommerce.tuttocapsuletools.it\/fr\/wp-json\/wp\/v2\/comments?post=2810"}],"wp:featuredmedia":[{"embeddable":true,"href":"https:\/\/staging.ecommerce.tuttocapsuletools.it\/fr\/wp-json\/wp\/v2\/media\/739"}],"wp:attachment":[{"href":"https:\/\/staging.ecommerce.tuttocapsuletools.it\/fr\/wp-json\/wp\/v2\/media?parent=2810"}],"wp:term":[{"taxonomy":"product_brand","embeddable":true,"href":"https:\/\/staging.ecommerce.tuttocapsuletools.it\/fr\/wp-json\/wp\/v2\/product_brand?post=2810"},{"taxonomy":"product_cat","embeddable":true,"href":"https:\/\/staging.ecommerce.tuttocapsuletools.it\/fr\/wp-json\/wp\/v2\/product_cat?post=2810"},{"taxonomy":"product_tag","embeddable":true,"href":"https:\/\/staging.ecommerce.tuttocapsuletools.it\/fr\/wp-json\/wp\/v2\/product_tag?post=2810"},{"taxonomy":"product_family","embeddable":true,"href":"https:\/\/staging.ecommerce.tuttocapsuletools.it\/fr\/wp-json\/wp\/v2\/product_family?post=2810"},{"taxonomy":"product_group","embeddable":true,"href":"https:\/\/staging.ecommerce.tuttocapsuletools.it\/fr\/wp-json\/wp\/v2\/product_group?post=2810"},{"taxonomy":"product_class","embeddable":true,"href":"https:\/\/staging.ecommerce.tuttocapsuletools.it\/fr\/wp-json\/wp\/v2\/product_class?post=2810"}],"curies":[{"name":"wp","href":"https:\/\/api.w.org\/{rel}","templated":true}]}}