{"id":2814,"date":"2026-01-17T18:15:42","date_gmt":"2026-01-17T17:15:42","guid":{"rendered":"https:\/\/staging.ecommerce.tuttocapsuletools.it\/prodotto\/pagliero-accessori-piattino-conic-cappuccino-conf-1-box-6\/"},"modified":"2026-04-15T20:52:05","modified_gmt":"2026-04-15T18:52:05","slug":"pagliero-accessori-piattino-conic-cappuccino-conf-1-box-6","status":"publish","type":"product","link":"https:\/\/staging.ecommerce.tuttocapsuletools.it\/fr\/prodotto\/pagliero-accessori-piattino-conic-cappuccino-conf-1-box-6\/","title":{"rendered":"Pagliero piattini da caff\u00e8 6 pezzi"},"content":{"rendered":"<p>Polyvalence et style pour chaque moment. La soucoupe assortie aux tasses \u00e0 caf\u00e9 Pagliero offre une fonctionnalit\u00e9 maximale: parfaite pour accueillir une tranche de g\u00e2teau, prot\u00e9ger les surfaces ou y poser \u00e9l\u00e9gamment la cuill\u00e8re. Con\u00e7ue pour le quotidien le plus dynamique, elle garantit praticit\u00e9 sans renoncer au design.<\/p>\n","protected":false},"excerpt":{"rendered":"<p>set de 6 soucoupes pour tasses \u00e0 caf\u00e9<br \/>\nMat\u00e9riau : verre<br \/>\nDiam\u00e8tre : 118 mm<br \/>\nLavables au lave-vaisselle<\/p>\n","protected":false},"featured_media":743,"comment_status":"open","ping_status":"closed","template":"","meta":{"_acf_changed":false},"product_brand":[302],"product_cat":[296,301],"product_tag":[],"product_family":[],"product_group":[],"product_class":[],"class_list":{"0":"post-2814","1":"product","2":"type-product","3":"status-publish","4":"has-post-thumbnail","6":"product_brand-pagliero","7":"product_cat-alt","8":"product_cat-bic","10":"first","11":"instock","12":"shipping-taxable","13":"product-type-simple"},"acf":[],"_links":{"self":[{"href":"https:\/\/staging.ecommerce.tuttocapsuletools.it\/fr\/wp-json\/wp\/v2\/product\/2814","targetHints":{"allow":["GET"]}}],"collection":[{"href":"https:\/\/staging.ecommerce.tuttocapsuletools.it\/fr\/wp-json\/wp\/v2\/product"}],"about":[{"href":"https:\/\/staging.ecommerce.tuttocapsuletools.it\/fr\/wp-json\/wp\/v2\/types\/product"}],"replies":[{"embeddable":true,"href":"https:\/\/staging.ecommerce.tuttocapsuletools.it\/fr\/wp-json\/wp\/v2\/comments?post=2814"}],"wp:featuredmedia":[{"embeddable":true,"href":"https:\/\/staging.ecommerce.tuttocapsuletools.it\/fr\/wp-json\/wp\/v2\/media\/743"}],"wp:attachment":[{"href":"https:\/\/staging.ecommerce.tuttocapsuletools.it\/fr\/wp-json\/wp\/v2\/media?parent=2814"}],"wp:term":[{"taxonomy":"product_brand","embeddable":true,"href":"https:\/\/staging.ecommerce.tuttocapsuletools.it\/fr\/wp-json\/wp\/v2\/product_brand?post=2814"},{"taxonomy":"product_cat","embeddable":true,"href":"https:\/\/staging.ecommerce.tuttocapsuletools.it\/fr\/wp-json\/wp\/v2\/product_cat?post=2814"},{"taxonomy":"product_tag","embeddable":true,"href":"https:\/\/staging.ecommerce.tuttocapsuletools.it\/fr\/wp-json\/wp\/v2\/product_tag?post=2814"},{"taxonomy":"product_family","embeddable":true,"href":"https:\/\/staging.ecommerce.tuttocapsuletools.it\/fr\/wp-json\/wp\/v2\/product_family?post=2814"},{"taxonomy":"product_group","embeddable":true,"href":"https:\/\/staging.ecommerce.tuttocapsuletools.it\/fr\/wp-json\/wp\/v2\/product_group?post=2814"},{"taxonomy":"product_class","embeddable":true,"href":"https:\/\/staging.ecommerce.tuttocapsuletools.it\/fr\/wp-json\/wp\/v2\/product_class?post=2814"}],"curies":[{"name":"wp","href":"https:\/\/api.w.org\/{rel}","templated":true}]}}