{"id":2830,"date":"2026-01-17T18:15:48","date_gmt":"2026-01-17T17:15:48","guid":{"rendered":"https:\/\/staging.ecommerce.tuttocapsuletools.it\/prodotto\/sandeme-burro-di-cacao-caffe-verde-4-5-ml-conf-1-box-30\/"},"modified":"2026-04-16T19:22:29","modified_gmt":"2026-04-16T17:22:29","slug":"sandeme-burro-di-cacao-caffe-verde-4-5-ml-conf-1-box-30","status":"publish","type":"product","link":"https:\/\/staging.ecommerce.tuttocapsuletools.it\/fr\/prodotto\/sandeme-burro-di-cacao-caffe-verde-4-5-ml-conf-1-box-30\/","title":{"rendered":"SANDEME&rsquo; Burro di cacao al caff\u00e8 verde"},"content":{"rendered":"<p>Burrocacao protettivo con estratto caff\u00e8 verde ricco in antiossidanti aromatizzato al caff\u00e8.<br \/>\nComponenti funzionali:<br \/>\nEstratto di Caff\u00e8 verde: antiossidante;<br \/>\nBurro di cacao e burro di karit\u00e8: emollienti e protettivi;<br \/>\nVitamina E: riepitelizzante, elasticizzante, antiossidante;<br \/>\nOlio di nocciolo di albicocca: idratante e nutriente<\/p>\n<p>Burrocacao protettivo con estratto caff\u00e8 verde ricco in antiossidanti aromatizzato al caff\u00e8.Componenti funzionali:Estratto di Caff\u00e8 verde: antiossidante;Burro di cacao e burro di karit\u00e8: emollienti e protettivi;Vitamina E: riepitelizzante, elasticizzante, antiossidante;Olio di nocciolo di albicocca: idratante e nutriente\u00a0\u00bb<\/p>\n","protected":false},"excerpt":{"rendered":"<p>SANDEME Burro di Cacao 4.5 ml<\/p>\n","protected":false},"featured_media":758,"comment_status":"open","ping_status":"closed","template":"","meta":{"_acf_changed":false},"product_brand":[306],"product_cat":[296,307],"product_tag":[],"product_family":[],"product_group":[],"product_class":[],"class_list":{"0":"post-2830","1":"product","2":"type-product","3":"status-publish","4":"has-post-thumbnail","6":"product_brand-sandeme","7":"product_cat-alt","8":"product_cat-bea","10":"first","11":"instock","12":"shipping-taxable","13":"purchasable","14":"product-type-simple"},"acf":[],"_links":{"self":[{"href":"https:\/\/staging.ecommerce.tuttocapsuletools.it\/fr\/wp-json\/wp\/v2\/product\/2830","targetHints":{"allow":["GET"]}}],"collection":[{"href":"https:\/\/staging.ecommerce.tuttocapsuletools.it\/fr\/wp-json\/wp\/v2\/product"}],"about":[{"href":"https:\/\/staging.ecommerce.tuttocapsuletools.it\/fr\/wp-json\/wp\/v2\/types\/product"}],"replies":[{"embeddable":true,"href":"https:\/\/staging.ecommerce.tuttocapsuletools.it\/fr\/wp-json\/wp\/v2\/comments?post=2830"}],"wp:featuredmedia":[{"embeddable":true,"href":"https:\/\/staging.ecommerce.tuttocapsuletools.it\/fr\/wp-json\/wp\/v2\/media\/758"}],"wp:attachment":[{"href":"https:\/\/staging.ecommerce.tuttocapsuletools.it\/fr\/wp-json\/wp\/v2\/media?parent=2830"}],"wp:term":[{"taxonomy":"product_brand","embeddable":true,"href":"https:\/\/staging.ecommerce.tuttocapsuletools.it\/fr\/wp-json\/wp\/v2\/product_brand?post=2830"},{"taxonomy":"product_cat","embeddable":true,"href":"https:\/\/staging.ecommerce.tuttocapsuletools.it\/fr\/wp-json\/wp\/v2\/product_cat?post=2830"},{"taxonomy":"product_tag","embeddable":true,"href":"https:\/\/staging.ecommerce.tuttocapsuletools.it\/fr\/wp-json\/wp\/v2\/product_tag?post=2830"},{"taxonomy":"product_family","embeddable":true,"href":"https:\/\/staging.ecommerce.tuttocapsuletools.it\/fr\/wp-json\/wp\/v2\/product_family?post=2830"},{"taxonomy":"product_group","embeddable":true,"href":"https:\/\/staging.ecommerce.tuttocapsuletools.it\/fr\/wp-json\/wp\/v2\/product_group?post=2830"},{"taxonomy":"product_class","embeddable":true,"href":"https:\/\/staging.ecommerce.tuttocapsuletools.it\/fr\/wp-json\/wp\/v2\/product_class?post=2830"}],"curies":[{"name":"wp","href":"https:\/\/api.w.org\/{rel}","templated":true}]}}