{"id":2884,"date":"2026-01-17T18:16:49","date_gmt":"2026-01-17T17:16:49","guid":{"rendered":"https:\/\/staging.ecommerce.tuttocapsuletools.it\/prodotto\/bialetti-caffettiera-moka-moka-express-2-tazze-conf-1-box-1\/"},"modified":"2026-04-16T00:22:13","modified_gmt":"2026-04-15T22:22:13","slug":"bialetti-caffettiera-moka-moka-express-2-tazze-conf-1-box-1","status":"publish","type":"product","link":"https:\/\/staging.ecommerce.tuttocapsuletools.it\/fr\/prodotto\/bialetti-caffettiera-moka-moka-express-2-tazze-conf-1-box-1\/","title":{"rendered":"Bialetti Moka Express 2 tazze"},"content":{"rendered":"<p>La Moka : l&rsquo;originale de 1933. N\u00e9e de l&rsquo;intuition d&rsquo;Alfonso Bialetti, la Moka Express est le symbole du Made in Italy dans le monde, m\u00eame expos\u00e9e au MoMA de New York. Un chef-d&rsquo;\u0153uvre Art D\u00e9co qui a conquis les cuisines des Italiens en pr\u00e8s de cent ans. Le design a \u00e9t\u00e9 perfectionn\u00e9 au fil du temps tout en conservant ses caract\u00e9ristiques fonctionnelles embl\u00e9matiques : la chaudi\u00e8re octogonale en aluminium, la valve exclusive inspectable et le r\u00e9cipient qui contient un caf\u00e9 noir, cors\u00e9 et chaud. Un rituel quotidien qui allie tradition et g\u00e9nie technique.<\/p>\n","protected":false},"excerpt":{"rendered":"<p>Cafeti\u00e8re Moka<br \/>\nMat\u00e9riau : aluminium<br \/>\nNe convient pas aux plaques \u00e0 induction<br \/>\nCapacit\u00e9 : 2 tasses \u00e0 caf\u00e9<\/p>\n","protected":false},"featured_media":816,"comment_status":"open","ping_status":"closed","template":"","meta":{"_acf_changed":false},"product_brand":[316],"product_cat":[317,318],"product_tag":[],"product_family":[],"product_group":[],"product_class":[],"class_list":{"0":"post-2884","1":"product","2":"type-product","3":"status-publish","4":"has-post-thumbnail","6":"product_brand-bialetti","7":"product_cat-mac","8":"product_cat-mok","10":"first","11":"instock","12":"shipping-taxable","13":"purchasable","14":"product-type-simple"},"acf":[],"_links":{"self":[{"href":"https:\/\/staging.ecommerce.tuttocapsuletools.it\/fr\/wp-json\/wp\/v2\/product\/2884","targetHints":{"allow":["GET"]}}],"collection":[{"href":"https:\/\/staging.ecommerce.tuttocapsuletools.it\/fr\/wp-json\/wp\/v2\/product"}],"about":[{"href":"https:\/\/staging.ecommerce.tuttocapsuletools.it\/fr\/wp-json\/wp\/v2\/types\/product"}],"replies":[{"embeddable":true,"href":"https:\/\/staging.ecommerce.tuttocapsuletools.it\/fr\/wp-json\/wp\/v2\/comments?post=2884"}],"wp:featuredmedia":[{"embeddable":true,"href":"https:\/\/staging.ecommerce.tuttocapsuletools.it\/fr\/wp-json\/wp\/v2\/media\/816"}],"wp:attachment":[{"href":"https:\/\/staging.ecommerce.tuttocapsuletools.it\/fr\/wp-json\/wp\/v2\/media?parent=2884"}],"wp:term":[{"taxonomy":"product_brand","embeddable":true,"href":"https:\/\/staging.ecommerce.tuttocapsuletools.it\/fr\/wp-json\/wp\/v2\/product_brand?post=2884"},{"taxonomy":"product_cat","embeddable":true,"href":"https:\/\/staging.ecommerce.tuttocapsuletools.it\/fr\/wp-json\/wp\/v2\/product_cat?post=2884"},{"taxonomy":"product_tag","embeddable":true,"href":"https:\/\/staging.ecommerce.tuttocapsuletools.it\/fr\/wp-json\/wp\/v2\/product_tag?post=2884"},{"taxonomy":"product_family","embeddable":true,"href":"https:\/\/staging.ecommerce.tuttocapsuletools.it\/fr\/wp-json\/wp\/v2\/product_family?post=2884"},{"taxonomy":"product_group","embeddable":true,"href":"https:\/\/staging.ecommerce.tuttocapsuletools.it\/fr\/wp-json\/wp\/v2\/product_group?post=2884"},{"taxonomy":"product_class","embeddable":true,"href":"https:\/\/staging.ecommerce.tuttocapsuletools.it\/fr\/wp-json\/wp\/v2\/product_class?post=2884"}],"curies":[{"name":"wp","href":"https:\/\/api.w.org\/{rel}","templated":true}]}}