{"id":2892,"date":"2026-01-17T18:16:52","date_gmt":"2026-01-17T17:16:52","guid":{"rendered":"https:\/\/staging.ecommerce.tuttocapsuletools.it\/prodotto\/bialetti-caffettiera-moka-venus-2-tazze-conf-1\/"},"modified":"2026-04-15T20:52:14","modified_gmt":"2026-04-15T18:52:14","slug":"bialetti-caffettiera-moka-venus-2-tazze-conf-1","status":"publish","type":"product","link":"https:\/\/staging.ecommerce.tuttocapsuletools.it\/fr\/prodotto\/bialetti-caffettiera-moka-venus-2-tazze-conf-1\/","title":{"rendered":"Bialetti Moka Venus 2 tazze"},"content":{"rendered":"<p>Venus : \u00e9l\u00e9gance et r\u00e9sistance en acier. Venus est la cafeti\u00e8re Bialetti au design \u00e9lanc\u00e9 et raffin\u00e9, pens\u00e9e pour ceux qui recherchent style et modernit\u00e9. Fabriqu\u00e9e en acier inoxydable 18\/10 de haute qualit\u00e9, elle est con\u00e7ue pour durer dans le temps en conservant sa brillance d&rsquo;origine. Gr\u00e2ce \u00e0 son mat\u00e9riau de haute qualit\u00e9, elle est parfaite pour une utilisation sur les plaques \u00e0 induction*, offrant un caf\u00e9 impeccable dans une forme \u00e9l\u00e9gante et inimitable. * Sauf pour la version 2 tasses<\/p>\n","protected":false},"excerpt":{"rendered":"<p>Cafeti\u00e8re Moka<br \/>\nMat\u00e9riau : acier inoxydable 18\/10<br \/>\nNe convient pas aux plaques \u00e0 induction<br \/>\nCapacit\u00e9 : 2 tasses \u00e0 caf\u00e9<\/p>\n","protected":false},"featured_media":824,"comment_status":"open","ping_status":"closed","template":"","meta":{"_acf_changed":false},"product_brand":[316],"product_cat":[317,318],"product_tag":[],"product_family":[],"product_group":[],"product_class":[],"class_list":{"0":"post-2892","1":"product","2":"type-product","3":"status-publish","4":"has-post-thumbnail","6":"product_brand-bialetti","7":"product_cat-mac","8":"product_cat-mok","10":"first","11":"instock","12":"shipping-taxable","13":"purchasable","14":"product-type-simple"},"acf":[],"_links":{"self":[{"href":"https:\/\/staging.ecommerce.tuttocapsuletools.it\/fr\/wp-json\/wp\/v2\/product\/2892","targetHints":{"allow":["GET"]}}],"collection":[{"href":"https:\/\/staging.ecommerce.tuttocapsuletools.it\/fr\/wp-json\/wp\/v2\/product"}],"about":[{"href":"https:\/\/staging.ecommerce.tuttocapsuletools.it\/fr\/wp-json\/wp\/v2\/types\/product"}],"replies":[{"embeddable":true,"href":"https:\/\/staging.ecommerce.tuttocapsuletools.it\/fr\/wp-json\/wp\/v2\/comments?post=2892"}],"wp:featuredmedia":[{"embeddable":true,"href":"https:\/\/staging.ecommerce.tuttocapsuletools.it\/fr\/wp-json\/wp\/v2\/media\/824"}],"wp:attachment":[{"href":"https:\/\/staging.ecommerce.tuttocapsuletools.it\/fr\/wp-json\/wp\/v2\/media?parent=2892"}],"wp:term":[{"taxonomy":"product_brand","embeddable":true,"href":"https:\/\/staging.ecommerce.tuttocapsuletools.it\/fr\/wp-json\/wp\/v2\/product_brand?post=2892"},{"taxonomy":"product_cat","embeddable":true,"href":"https:\/\/staging.ecommerce.tuttocapsuletools.it\/fr\/wp-json\/wp\/v2\/product_cat?post=2892"},{"taxonomy":"product_tag","embeddable":true,"href":"https:\/\/staging.ecommerce.tuttocapsuletools.it\/fr\/wp-json\/wp\/v2\/product_tag?post=2892"},{"taxonomy":"product_family","embeddable":true,"href":"https:\/\/staging.ecommerce.tuttocapsuletools.it\/fr\/wp-json\/wp\/v2\/product_family?post=2892"},{"taxonomy":"product_group","embeddable":true,"href":"https:\/\/staging.ecommerce.tuttocapsuletools.it\/fr\/wp-json\/wp\/v2\/product_group?post=2892"},{"taxonomy":"product_class","embeddable":true,"href":"https:\/\/staging.ecommerce.tuttocapsuletools.it\/fr\/wp-json\/wp\/v2\/product_class?post=2892"}],"curies":[{"name":"wp","href":"https:\/\/api.w.org\/{rel}","templated":true}]}}