{"id":2894,"date":"2026-01-17T18:16:52","date_gmt":"2026-01-17T17:16:52","guid":{"rendered":"https:\/\/staging.ecommerce.tuttocapsuletools.it\/prodotto\/bialetti-caffettiera-moka-mokina-in-fascia-conf-1-box-1-2\/"},"modified":"2026-04-16T00:07:15","modified_gmt":"2026-04-15T22:07:15","slug":"bialetti-caffettiera-moka-mokina-in-fascia-conf-1-box-1-2","status":"publish","type":"product","link":"https:\/\/staging.ecommerce.tuttocapsuletools.it\/fr\/prodotto\/bialetti-caffettiera-moka-mokina-in-fascia-conf-1-box-1-2\/","title":{"rendered":"Bialetti La Mokina 1 tazza"},"content":{"rendered":"<p>La Mokina est la plus petite de la maison Bialetti, con\u00e7ue pour vous offrir un caf\u00e9 au go\u00fbt prononc\u00e9 et \u00e0 la charge intense. V\u00e9ritable Moka Express miniature, c&rsquo;est le choix id\u00e9al pour ceux qui aiment l&rsquo;espresso court et concentr\u00e9. Parfaite pour une pause rapide ou lorsque vous recherchez un regain d&rsquo;\u00e9nergie imm\u00e9diat, la version demi-tasse permet de savourer chaque goutte d&rsquo;un caf\u00e9 impeccable. Un petit, grand plaisir quotidien.<\/p>\n","protected":false},"excerpt":{"rendered":"<p>Cafeti\u00e8re Moka<br \/>\nMat\u00e9riau : aluminium<br \/>\nNe convient pas aux plaques \u00e0 induction<br \/>\nCapacit\u00e9 : 1\/2 tasse \u00e0 caf\u00e9<\/p>\n","protected":false},"featured_media":826,"comment_status":"open","ping_status":"closed","template":"","meta":{"_acf_changed":false},"product_brand":[316],"product_cat":[317,318],"product_tag":[],"product_family":[],"product_group":[],"product_class":[],"class_list":{"0":"post-2894","1":"product","2":"type-product","3":"status-publish","4":"has-post-thumbnail","6":"product_brand-bialetti","7":"product_cat-mac","8":"product_cat-mok","10":"first","11":"instock","12":"shipping-taxable","13":"purchasable","14":"product-type-simple"},"acf":[],"_links":{"self":[{"href":"https:\/\/staging.ecommerce.tuttocapsuletools.it\/fr\/wp-json\/wp\/v2\/product\/2894","targetHints":{"allow":["GET"]}}],"collection":[{"href":"https:\/\/staging.ecommerce.tuttocapsuletools.it\/fr\/wp-json\/wp\/v2\/product"}],"about":[{"href":"https:\/\/staging.ecommerce.tuttocapsuletools.it\/fr\/wp-json\/wp\/v2\/types\/product"}],"replies":[{"embeddable":true,"href":"https:\/\/staging.ecommerce.tuttocapsuletools.it\/fr\/wp-json\/wp\/v2\/comments?post=2894"}],"wp:featuredmedia":[{"embeddable":true,"href":"https:\/\/staging.ecommerce.tuttocapsuletools.it\/fr\/wp-json\/wp\/v2\/media\/826"}],"wp:attachment":[{"href":"https:\/\/staging.ecommerce.tuttocapsuletools.it\/fr\/wp-json\/wp\/v2\/media?parent=2894"}],"wp:term":[{"taxonomy":"product_brand","embeddable":true,"href":"https:\/\/staging.ecommerce.tuttocapsuletools.it\/fr\/wp-json\/wp\/v2\/product_brand?post=2894"},{"taxonomy":"product_cat","embeddable":true,"href":"https:\/\/staging.ecommerce.tuttocapsuletools.it\/fr\/wp-json\/wp\/v2\/product_cat?post=2894"},{"taxonomy":"product_tag","embeddable":true,"href":"https:\/\/staging.ecommerce.tuttocapsuletools.it\/fr\/wp-json\/wp\/v2\/product_tag?post=2894"},{"taxonomy":"product_family","embeddable":true,"href":"https:\/\/staging.ecommerce.tuttocapsuletools.it\/fr\/wp-json\/wp\/v2\/product_family?post=2894"},{"taxonomy":"product_group","embeddable":true,"href":"https:\/\/staging.ecommerce.tuttocapsuletools.it\/fr\/wp-json\/wp\/v2\/product_group?post=2894"},{"taxonomy":"product_class","embeddable":true,"href":"https:\/\/staging.ecommerce.tuttocapsuletools.it\/fr\/wp-json\/wp\/v2\/product_class?post=2894"}],"curies":[{"name":"wp","href":"https:\/\/api.w.org\/{rel}","templated":true}]}}