{"id":2904,"date":"2026-01-17T18:16:54","date_gmt":"2026-01-17T17:16:54","guid":{"rendered":"https:\/\/staging.ecommerce.tuttocapsuletools.it\/prodotto\/bialetti-moka-accessori-piattello-induzione-13-cm-conf-1-box-1\/"},"modified":"2026-04-15T23:52:16","modified_gmt":"2026-04-15T21:52:16","slug":"bialetti-moka-accessori-piattello-induzione-13-cm-conf-1-box-1","status":"publish","type":"product","link":"https:\/\/staging.ecommerce.tuttocapsuletools.it\/fr\/prodotto\/bialetti-moka-accessori-piattello-induzione-13-cm-conf-1-box-1\/","title":{"rendered":"Bialetti piattello induzione"},"content":{"rendered":"<p>La plaque \u00e0 induction Bialetti est l&rsquo;accord parfait pour ceux qui poss\u00e8dent une Moka Express et une cuisine \u00e0 induction. Adapt\u00e9e \u00e0 toutes les cafeti\u00e8res (de 1 \u00e0 9 tasses), elle peut \u00e9galement \u00eatre utilis\u00e9e pour votre pot \u00e0 lait et, en g\u00e9n\u00e9ral, pour toutes les petites casseroles, sur toutes les plaques \u00e0 induction. La plaque \u00e0 induction est enti\u00e8rement en acier et, gr\u00e2ce \u00e0 sa grande \u00e9paisseur, elle permet une parfaite transmission de la chaleur.<\/p>\n","protected":false},"excerpt":{"rendered":"<p>Plaque \u00e0 induction<br \/>\nPour Moka Express de 1 \u00e0 9 tasses<br \/>\n100% Acier<\/p>\n","protected":false},"featured_media":836,"comment_status":"open","ping_status":"closed","template":"","meta":{"_acf_changed":false},"product_brand":[316],"product_cat":[297,296],"product_tag":[],"product_family":[],"product_group":[],"product_class":[],"class_list":{"0":"post-2904","1":"product","2":"type-product","3":"status-publish","4":"has-post-thumbnail","6":"product_brand-bialetti","7":"product_cat-acc","8":"product_cat-alt","10":"first","11":"instock","12":"shipping-taxable","13":"purchasable","14":"product-type-simple"},"acf":[],"_links":{"self":[{"href":"https:\/\/staging.ecommerce.tuttocapsuletools.it\/fr\/wp-json\/wp\/v2\/product\/2904","targetHints":{"allow":["GET"]}}],"collection":[{"href":"https:\/\/staging.ecommerce.tuttocapsuletools.it\/fr\/wp-json\/wp\/v2\/product"}],"about":[{"href":"https:\/\/staging.ecommerce.tuttocapsuletools.it\/fr\/wp-json\/wp\/v2\/types\/product"}],"replies":[{"embeddable":true,"href":"https:\/\/staging.ecommerce.tuttocapsuletools.it\/fr\/wp-json\/wp\/v2\/comments?post=2904"}],"wp:featuredmedia":[{"embeddable":true,"href":"https:\/\/staging.ecommerce.tuttocapsuletools.it\/fr\/wp-json\/wp\/v2\/media\/836"}],"wp:attachment":[{"href":"https:\/\/staging.ecommerce.tuttocapsuletools.it\/fr\/wp-json\/wp\/v2\/media?parent=2904"}],"wp:term":[{"taxonomy":"product_brand","embeddable":true,"href":"https:\/\/staging.ecommerce.tuttocapsuletools.it\/fr\/wp-json\/wp\/v2\/product_brand?post=2904"},{"taxonomy":"product_cat","embeddable":true,"href":"https:\/\/staging.ecommerce.tuttocapsuletools.it\/fr\/wp-json\/wp\/v2\/product_cat?post=2904"},{"taxonomy":"product_tag","embeddable":true,"href":"https:\/\/staging.ecommerce.tuttocapsuletools.it\/fr\/wp-json\/wp\/v2\/product_tag?post=2904"},{"taxonomy":"product_family","embeddable":true,"href":"https:\/\/staging.ecommerce.tuttocapsuletools.it\/fr\/wp-json\/wp\/v2\/product_family?post=2904"},{"taxonomy":"product_group","embeddable":true,"href":"https:\/\/staging.ecommerce.tuttocapsuletools.it\/fr\/wp-json\/wp\/v2\/product_group?post=2904"},{"taxonomy":"product_class","embeddable":true,"href":"https:\/\/staging.ecommerce.tuttocapsuletools.it\/fr\/wp-json\/wp\/v2\/product_class?post=2904"}],"curies":[{"name":"wp","href":"https:\/\/api.w.org\/{rel}","templated":true}]}}