{"id":2906,"date":"2026-01-17T18:16:54","date_gmt":"2026-01-17T17:16:54","guid":{"rendered":"https:\/\/staging.ecommerce.tuttocapsuletools.it\/prodotto\/bialetti-caffettiera-moka-moka-new-brikka-2-tazze-conf-1-box-1-2\/"},"modified":"2026-04-16T00:07:16","modified_gmt":"2026-04-15T22:07:16","slug":"bialetti-caffettiera-moka-moka-new-brikka-2-tazze-conf-1-box-1-2","status":"publish","type":"product","link":"https:\/\/staging.ecommerce.tuttocapsuletools.it\/fr\/prodotto\/bialetti-caffettiera-moka-moka-new-brikka-2-tazze-conf-1-box-1-2\/","title":{"rendered":"Bialetti Moka Brikka 2 tazze"},"content":{"rendered":"<p>Brikka : la seule Moka avec la cr\u00e8me de l&rsquo;espresso. La seule cafeti\u00e8re dot\u00e9e d&rsquo;un syst\u00e8me brevet\u00e9 capable d&rsquo;unir la saveur authentique de la Moka \u00e0 une cr\u00e8me cors\u00e9e et d\u00e9licieuse, typique du caf\u00e9. Une ic\u00f4ne d&rsquo;ing\u00e9nierie qui garantit des r\u00e9sultats exceptionnels \u00e0 chaque pr\u00e9paration. Elle inclut la valve de s\u00e9curit\u00e9 exclusive Bialetti, inspectable et tr\u00e8s facile \u00e0 nettoyer. Le secret pour ceux qui ne veulent pas renoncer \u00e0 l&rsquo;intensit\u00e9 de l&rsquo;espresso, m\u00eame \u00e0 la maison.<\/p>\n","protected":false},"excerpt":{"rendered":"<p>Cafeti\u00e8re Moka<br \/>\nMat\u00e9riau : acier inoxydable et aluminium<br \/>\nNe convient pas aux plaques \u00e0 induction<br \/>\nCapacit\u00e9 : 2 tasses \u00e0 caf\u00e9<\/p>\n","protected":false},"featured_media":838,"comment_status":"open","ping_status":"closed","template":"","meta":{"_acf_changed":false},"product_brand":[316],"product_cat":[317,318],"product_tag":[],"product_family":[],"product_group":[],"product_class":[],"class_list":{"0":"post-2906","1":"product","2":"type-product","3":"status-publish","4":"has-post-thumbnail","6":"product_brand-bialetti","7":"product_cat-mac","8":"product_cat-mok","10":"first","11":"instock","12":"shipping-taxable","13":"purchasable","14":"product-type-simple"},"acf":[],"_links":{"self":[{"href":"https:\/\/staging.ecommerce.tuttocapsuletools.it\/fr\/wp-json\/wp\/v2\/product\/2906","targetHints":{"allow":["GET"]}}],"collection":[{"href":"https:\/\/staging.ecommerce.tuttocapsuletools.it\/fr\/wp-json\/wp\/v2\/product"}],"about":[{"href":"https:\/\/staging.ecommerce.tuttocapsuletools.it\/fr\/wp-json\/wp\/v2\/types\/product"}],"replies":[{"embeddable":true,"href":"https:\/\/staging.ecommerce.tuttocapsuletools.it\/fr\/wp-json\/wp\/v2\/comments?post=2906"}],"wp:featuredmedia":[{"embeddable":true,"href":"https:\/\/staging.ecommerce.tuttocapsuletools.it\/fr\/wp-json\/wp\/v2\/media\/838"}],"wp:attachment":[{"href":"https:\/\/staging.ecommerce.tuttocapsuletools.it\/fr\/wp-json\/wp\/v2\/media?parent=2906"}],"wp:term":[{"taxonomy":"product_brand","embeddable":true,"href":"https:\/\/staging.ecommerce.tuttocapsuletools.it\/fr\/wp-json\/wp\/v2\/product_brand?post=2906"},{"taxonomy":"product_cat","embeddable":true,"href":"https:\/\/staging.ecommerce.tuttocapsuletools.it\/fr\/wp-json\/wp\/v2\/product_cat?post=2906"},{"taxonomy":"product_tag","embeddable":true,"href":"https:\/\/staging.ecommerce.tuttocapsuletools.it\/fr\/wp-json\/wp\/v2\/product_tag?post=2906"},{"taxonomy":"product_family","embeddable":true,"href":"https:\/\/staging.ecommerce.tuttocapsuletools.it\/fr\/wp-json\/wp\/v2\/product_family?post=2906"},{"taxonomy":"product_group","embeddable":true,"href":"https:\/\/staging.ecommerce.tuttocapsuletools.it\/fr\/wp-json\/wp\/v2\/product_group?post=2906"},{"taxonomy":"product_class","embeddable":true,"href":"https:\/\/staging.ecommerce.tuttocapsuletools.it\/fr\/wp-json\/wp\/v2\/product_class?post=2906"}],"curies":[{"name":"wp","href":"https:\/\/api.w.org\/{rel}","templated":true}]}}