{"id":2908,"date":"2026-01-17T18:16:54","date_gmt":"2026-01-17T17:16:54","guid":{"rendered":"https:\/\/staging.ecommerce.tuttocapsuletools.it\/prodotto\/bialetti-caffettiera-moka-moka-elettrika-2-tazze-conf-1-box-1-2\/"},"modified":"2026-04-15T18:52:14","modified_gmt":"2026-04-15T16:52:14","slug":"bialetti-caffettiera-moka-moka-elettrika-2-tazze-conf-1-box-1-2","status":"publish","type":"product","link":"https:\/\/staging.ecommerce.tuttocapsuletools.it\/fr\/prodotto\/bialetti-caffettiera-moka-moka-elettrika-2-tazze-conf-1-box-1-2\/","title":{"rendered":"Bialetti Moka Elettrika 2 tazze"},"content":{"rendered":"<p>La cafeti\u00e8re id\u00e9ale pour d\u00e9guster un excellent caf\u00e9 \u00e0 l&rsquo;int\u00e9rieur comme \u00e0 l&rsquo;ext\u00e9rieur. Fabriqu\u00e9e en aluminium de haute qualit\u00e9 avec une poign\u00e9e ergonomique, Elettrika allie le design embl\u00e9matique de Bialetti \u00e0 une fonctionnalit\u00e9 portable maximale. Facile \u00e0 nettoyer et \u00e9quip\u00e9e d&rsquo;une soupape de s\u00e9curit\u00e9, elle s&rsquo;active simplement en branchant la fiche, garantissant un espresso parfait en voyage, au bureau ou en vacances. Une synth\u00e8se parfaite de qualit\u00e9 et de praticit\u00e9 pour ne jamais renoncer \u00e0 votre rituel quotidien.<\/p>\n","protected":false},"excerpt":{"rendered":"<p>Cafeti\u00e8re Moka<br \/>\n\u00c9lectrique &#8211; non programmable<br \/>\nMat\u00e9riau : aluminium<br \/>\nCapacit\u00e9 : 2 tasses \u00e0 caf\u00e9<\/p>\n","protected":false},"featured_media":840,"comment_status":"open","ping_status":"closed","template":"","meta":{"_acf_changed":false},"product_brand":[316],"product_cat":[317,318],"product_tag":[],"product_family":[],"product_group":[],"product_class":[],"class_list":{"0":"post-2908","1":"product","2":"type-product","3":"status-publish","4":"has-post-thumbnail","6":"product_brand-bialetti","7":"product_cat-mac","8":"product_cat-mok","10":"first","11":"instock","12":"shipping-taxable","13":"purchasable","14":"product-type-simple"},"acf":[],"_links":{"self":[{"href":"https:\/\/staging.ecommerce.tuttocapsuletools.it\/fr\/wp-json\/wp\/v2\/product\/2908","targetHints":{"allow":["GET"]}}],"collection":[{"href":"https:\/\/staging.ecommerce.tuttocapsuletools.it\/fr\/wp-json\/wp\/v2\/product"}],"about":[{"href":"https:\/\/staging.ecommerce.tuttocapsuletools.it\/fr\/wp-json\/wp\/v2\/types\/product"}],"replies":[{"embeddable":true,"href":"https:\/\/staging.ecommerce.tuttocapsuletools.it\/fr\/wp-json\/wp\/v2\/comments?post=2908"}],"wp:featuredmedia":[{"embeddable":true,"href":"https:\/\/staging.ecommerce.tuttocapsuletools.it\/fr\/wp-json\/wp\/v2\/media\/840"}],"wp:attachment":[{"href":"https:\/\/staging.ecommerce.tuttocapsuletools.it\/fr\/wp-json\/wp\/v2\/media?parent=2908"}],"wp:term":[{"taxonomy":"product_brand","embeddable":true,"href":"https:\/\/staging.ecommerce.tuttocapsuletools.it\/fr\/wp-json\/wp\/v2\/product_brand?post=2908"},{"taxonomy":"product_cat","embeddable":true,"href":"https:\/\/staging.ecommerce.tuttocapsuletools.it\/fr\/wp-json\/wp\/v2\/product_cat?post=2908"},{"taxonomy":"product_tag","embeddable":true,"href":"https:\/\/staging.ecommerce.tuttocapsuletools.it\/fr\/wp-json\/wp\/v2\/product_tag?post=2908"},{"taxonomy":"product_family","embeddable":true,"href":"https:\/\/staging.ecommerce.tuttocapsuletools.it\/fr\/wp-json\/wp\/v2\/product_family?post=2908"},{"taxonomy":"product_group","embeddable":true,"href":"https:\/\/staging.ecommerce.tuttocapsuletools.it\/fr\/wp-json\/wp\/v2\/product_group?post=2908"},{"taxonomy":"product_class","embeddable":true,"href":"https:\/\/staging.ecommerce.tuttocapsuletools.it\/fr\/wp-json\/wp\/v2\/product_class?post=2908"}],"curies":[{"name":"wp","href":"https:\/\/api.w.org\/{rel}","templated":true}]}}