{"id":2910,"date":"2026-01-17T18:16:55","date_gmt":"2026-01-17T17:16:55","guid":{"rendered":"https:\/\/staging.ecommerce.tuttocapsuletools.it\/prodotto\/bialetti-caffettiera-moka-moka-timer-3-tazze-conf-1-box-1-2\/"},"modified":"2026-04-15T22:37:14","modified_gmt":"2026-04-15T20:37:14","slug":"bialetti-caffettiera-moka-moka-timer-3-tazze-conf-1-box-1-2","status":"publish","type":"product","link":"https:\/\/staging.ecommerce.tuttocapsuletools.it\/fr\/prodotto\/bialetti-caffettiera-moka-moka-timer-3-tazze-conf-1-box-1-2\/","title":{"rendered":"Bialetti Moka Timer 3 tazze"},"content":{"rendered":"<p>La cafeti\u00e8re \u00e9lectrique programmable de Bialetti est con\u00e7ue pour ceux qui aiment se r\u00e9veiller avec l&rsquo;ar\u00f4me du caf\u00e9 d\u00e9j\u00e0 pr\u00eat. La base de minuterie permet de programmer la distribution \u00e0 l&rsquo;avance et maintient la boisson chaude pendant 30 minutes, vous garantissant tout le temps n\u00e9cessaire pour un r\u00e9veil sans pr\u00e9cipitation. Elle combine le rituel classique de la Moka avec la commodit\u00e9 de la technologie, pour un r\u00e9veil ponctuel, chaud et riche en saveur.<\/p>\n","protected":false},"excerpt":{"rendered":"<p>Cafeti\u00e8re Moka<br \/>\nProgrammable<br \/>\nMat\u00e9riau : aluminium<br \/>\nCapacit\u00e9 : 3 tasses \u00e0 caf\u00e9<\/p>\n","protected":false},"featured_media":842,"comment_status":"open","ping_status":"closed","template":"","meta":{"_acf_changed":false},"product_brand":[316],"product_cat":[317,318],"product_tag":[],"product_family":[],"product_group":[],"product_class":[],"class_list":{"0":"post-2910","1":"product","2":"type-product","3":"status-publish","4":"has-post-thumbnail","6":"product_brand-bialetti","7":"product_cat-mac","8":"product_cat-mok","10":"first","11":"instock","12":"shipping-taxable","13":"purchasable","14":"product-type-simple"},"acf":[],"_links":{"self":[{"href":"https:\/\/staging.ecommerce.tuttocapsuletools.it\/fr\/wp-json\/wp\/v2\/product\/2910","targetHints":{"allow":["GET"]}}],"collection":[{"href":"https:\/\/staging.ecommerce.tuttocapsuletools.it\/fr\/wp-json\/wp\/v2\/product"}],"about":[{"href":"https:\/\/staging.ecommerce.tuttocapsuletools.it\/fr\/wp-json\/wp\/v2\/types\/product"}],"replies":[{"embeddable":true,"href":"https:\/\/staging.ecommerce.tuttocapsuletools.it\/fr\/wp-json\/wp\/v2\/comments?post=2910"}],"wp:featuredmedia":[{"embeddable":true,"href":"https:\/\/staging.ecommerce.tuttocapsuletools.it\/fr\/wp-json\/wp\/v2\/media\/842"}],"wp:attachment":[{"href":"https:\/\/staging.ecommerce.tuttocapsuletools.it\/fr\/wp-json\/wp\/v2\/media?parent=2910"}],"wp:term":[{"taxonomy":"product_brand","embeddable":true,"href":"https:\/\/staging.ecommerce.tuttocapsuletools.it\/fr\/wp-json\/wp\/v2\/product_brand?post=2910"},{"taxonomy":"product_cat","embeddable":true,"href":"https:\/\/staging.ecommerce.tuttocapsuletools.it\/fr\/wp-json\/wp\/v2\/product_cat?post=2910"},{"taxonomy":"product_tag","embeddable":true,"href":"https:\/\/staging.ecommerce.tuttocapsuletools.it\/fr\/wp-json\/wp\/v2\/product_tag?post=2910"},{"taxonomy":"product_family","embeddable":true,"href":"https:\/\/staging.ecommerce.tuttocapsuletools.it\/fr\/wp-json\/wp\/v2\/product_family?post=2910"},{"taxonomy":"product_group","embeddable":true,"href":"https:\/\/staging.ecommerce.tuttocapsuletools.it\/fr\/wp-json\/wp\/v2\/product_group?post=2910"},{"taxonomy":"product_class","embeddable":true,"href":"https:\/\/staging.ecommerce.tuttocapsuletools.it\/fr\/wp-json\/wp\/v2\/product_class?post=2910"}],"curies":[{"name":"wp","href":"https:\/\/api.w.org\/{rel}","templated":true}]}}