{"id":2912,"date":"2026-01-17T18:16:55","date_gmt":"2026-01-17T17:16:55","guid":{"rendered":"https:\/\/staging.ecommerce.tuttocapsuletools.it\/prodotto\/bialetti-separa-capsule-di-legno-conf-1-box-1-2\/"},"modified":"2026-04-15T23:52:17","modified_gmt":"2026-04-15T21:52:17","slug":"bialetti-separa-capsule-di-legno-conf-1-box-1-2","status":"publish","type":"product","link":"https:\/\/staging.ecommerce.tuttocapsuletools.it\/fr\/prodotto\/bialetti-separa-capsule-di-legno-conf-1-box-1-2\/","title":{"rendered":"Bialetti separacapsulein legno"},"content":{"rendered":"<p>L&rsquo;ouvre-capsule exclusif Bialetti, en bois naturel, permet en un seul geste de s\u00e9parer l&rsquo;aluminium et l&rsquo;humidit\u00e9 des capsules pour une \u00e9limination correcte dans la collecte s\u00e9lective : l&rsquo;engagement pour un monde plus propre passe aussi par les petits gestes.<\/p>\n","protected":false},"excerpt":{"rendered":"<p>S\u00e9parateur de capsules manuel<br \/>\nMat\u00e9riau : bois de bambou<br \/>\npour capsules syst\u00e8me Bialetti<\/p>\n","protected":false},"featured_media":844,"comment_status":"open","ping_status":"closed","template":"","meta":{"_acf_changed":false},"product_brand":[316],"product_cat":[297,296],"product_tag":[],"product_family":[],"product_group":[],"product_class":[],"class_list":{"0":"post-2912","1":"product","2":"type-product","3":"status-publish","4":"has-post-thumbnail","6":"product_brand-bialetti","7":"product_cat-acc","8":"product_cat-alt","10":"first","11":"instock","12":"shipping-taxable","13":"purchasable","14":"product-type-simple"},"acf":[],"_links":{"self":[{"href":"https:\/\/staging.ecommerce.tuttocapsuletools.it\/fr\/wp-json\/wp\/v2\/product\/2912","targetHints":{"allow":["GET"]}}],"collection":[{"href":"https:\/\/staging.ecommerce.tuttocapsuletools.it\/fr\/wp-json\/wp\/v2\/product"}],"about":[{"href":"https:\/\/staging.ecommerce.tuttocapsuletools.it\/fr\/wp-json\/wp\/v2\/types\/product"}],"replies":[{"embeddable":true,"href":"https:\/\/staging.ecommerce.tuttocapsuletools.it\/fr\/wp-json\/wp\/v2\/comments?post=2912"}],"wp:featuredmedia":[{"embeddable":true,"href":"https:\/\/staging.ecommerce.tuttocapsuletools.it\/fr\/wp-json\/wp\/v2\/media\/844"}],"wp:attachment":[{"href":"https:\/\/staging.ecommerce.tuttocapsuletools.it\/fr\/wp-json\/wp\/v2\/media?parent=2912"}],"wp:term":[{"taxonomy":"product_brand","embeddable":true,"href":"https:\/\/staging.ecommerce.tuttocapsuletools.it\/fr\/wp-json\/wp\/v2\/product_brand?post=2912"},{"taxonomy":"product_cat","embeddable":true,"href":"https:\/\/staging.ecommerce.tuttocapsuletools.it\/fr\/wp-json\/wp\/v2\/product_cat?post=2912"},{"taxonomy":"product_tag","embeddable":true,"href":"https:\/\/staging.ecommerce.tuttocapsuletools.it\/fr\/wp-json\/wp\/v2\/product_tag?post=2912"},{"taxonomy":"product_family","embeddable":true,"href":"https:\/\/staging.ecommerce.tuttocapsuletools.it\/fr\/wp-json\/wp\/v2\/product_family?post=2912"},{"taxonomy":"product_group","embeddable":true,"href":"https:\/\/staging.ecommerce.tuttocapsuletools.it\/fr\/wp-json\/wp\/v2\/product_group?post=2912"},{"taxonomy":"product_class","embeddable":true,"href":"https:\/\/staging.ecommerce.tuttocapsuletools.it\/fr\/wp-json\/wp\/v2\/product_class?post=2912"}],"curies":[{"name":"wp","href":"https:\/\/api.w.org\/{rel}","templated":true}]}}