{"id":2942,"date":"2026-01-17T18:18:00","date_gmt":"2026-01-17T17:18:00","guid":{"rendered":"https:\/\/staging.ecommerce.tuttocapsuletools.it\/prodotto\/bialetti-bialetti-caffe-milano-conf-16-box-8\/"},"modified":"2026-04-15T18:52:17","modified_gmt":"2026-04-15T16:52:17","slug":"bialetti-bialetti-caffe-milano-conf-16-box-8","status":"publish","type":"product","link":"https:\/\/staging.ecommerce.tuttocapsuletools.it\/fr\/prodotto\/bialetti-bialetti-caffe-milano-conf-16-box-8\/","title":{"rendered":"Bialetti Milano 16 capsule"},"content":{"rendered":"<p>Un m\u00e9lange raffin\u00e9 et exclusif, d\u00e9di\u00e9 \u00e0 ceux qui pr\u00e9f\u00e8rent un caf\u00e9 au caract\u00e8re doux et sophistiqu\u00e9. Ce 100% Arabica se distingue par un corps d\u00e9licat et une structure l\u00e9g\u00e8re. Chaque gorg\u00e9e r\u00e9v\u00e8le d&rsquo;\u00e9l\u00e9gantes notes florales accompagn\u00e9es d&rsquo;un arri\u00e8re-go\u00fbt de fruits secs, cr\u00e9ant une exp\u00e9rience sensorielle harmonieuse et parfum\u00e9e. C&rsquo;est le caf\u00e9 id\u00e9al pour une pause de classe, parfait pour ceux qui aiment d\u00e9guster l&rsquo;essence la plus pure et la plus douce du grain.<\/p>\n","protected":false},"excerpt":{"rendered":"<p>16 capsules<br \/>\nM\u00e9lange 100% Arabica<br \/>\nTorr\u00e9faction claire<br \/>\nCapsules compatibles syst\u00e8me Bialetti<br \/>\nLongueur conseill\u00e9e : 40ml<\/p>\n","protected":false},"featured_media":900,"comment_status":"open","ping_status":"closed","template":"","meta":{"_acf_changed":false},"product_brand":[316],"product_cat":[319,320],"product_tag":[],"product_family":[],"product_group":[],"product_class":[],"class_list":{"0":"post-2942","1":"product","2":"type-product","3":"status-publish","4":"has-post-thumbnail","6":"product_brand-bialetti","7":"product_cat-bia","8":"product_cat-caf","10":"first","11":"instock","12":"shipping-taxable","13":"purchasable","14":"product-type-simple"},"acf":[],"_links":{"self":[{"href":"https:\/\/staging.ecommerce.tuttocapsuletools.it\/fr\/wp-json\/wp\/v2\/product\/2942","targetHints":{"allow":["GET"]}}],"collection":[{"href":"https:\/\/staging.ecommerce.tuttocapsuletools.it\/fr\/wp-json\/wp\/v2\/product"}],"about":[{"href":"https:\/\/staging.ecommerce.tuttocapsuletools.it\/fr\/wp-json\/wp\/v2\/types\/product"}],"replies":[{"embeddable":true,"href":"https:\/\/staging.ecommerce.tuttocapsuletools.it\/fr\/wp-json\/wp\/v2\/comments?post=2942"}],"wp:featuredmedia":[{"embeddable":true,"href":"https:\/\/staging.ecommerce.tuttocapsuletools.it\/fr\/wp-json\/wp\/v2\/media\/900"}],"wp:attachment":[{"href":"https:\/\/staging.ecommerce.tuttocapsuletools.it\/fr\/wp-json\/wp\/v2\/media?parent=2942"}],"wp:term":[{"taxonomy":"product_brand","embeddable":true,"href":"https:\/\/staging.ecommerce.tuttocapsuletools.it\/fr\/wp-json\/wp\/v2\/product_brand?post=2942"},{"taxonomy":"product_cat","embeddable":true,"href":"https:\/\/staging.ecommerce.tuttocapsuletools.it\/fr\/wp-json\/wp\/v2\/product_cat?post=2942"},{"taxonomy":"product_tag","embeddable":true,"href":"https:\/\/staging.ecommerce.tuttocapsuletools.it\/fr\/wp-json\/wp\/v2\/product_tag?post=2942"},{"taxonomy":"product_family","embeddable":true,"href":"https:\/\/staging.ecommerce.tuttocapsuletools.it\/fr\/wp-json\/wp\/v2\/product_family?post=2942"},{"taxonomy":"product_group","embeddable":true,"href":"https:\/\/staging.ecommerce.tuttocapsuletools.it\/fr\/wp-json\/wp\/v2\/product_group?post=2942"},{"taxonomy":"product_class","embeddable":true,"href":"https:\/\/staging.ecommerce.tuttocapsuletools.it\/fr\/wp-json\/wp\/v2\/product_class?post=2942"}],"curies":[{"name":"wp","href":"https:\/\/api.w.org\/{rel}","templated":true}]}}