{"id":2954,"date":"2026-01-17T18:18:05","date_gmt":"2026-01-17T17:18:05","guid":{"rendered":"https:\/\/staging.ecommerce.tuttocapsuletools.it\/prodotto\/bialetti-bialetti-caffe-palermo-conf-16-box-8\/"},"modified":"2026-04-15T18:52:18","modified_gmt":"2026-04-15T16:52:18","slug":"bialetti-bialetti-caffe-palermo-conf-16-box-8","status":"publish","type":"product","link":"https:\/\/staging.ecommerce.tuttocapsuletools.it\/fr\/prodotto\/bialetti-bialetti-caffe-palermo-conf-16-box-8\/","title":{"rendered":"Bialetti Palermo 16 capsule"},"content":{"rendered":"<p>Laissez-vous envelopper par le charme de l&rsquo;Irish Coffee : une boisson qui capture l&rsquo;essence de la tradition irlandaise dans un m\u00e9lange parfait. L&rsquo;intensit\u00e9 du caf\u00e9 se marie aux notes chaudes et d\u00e9cid\u00e9es du whiskey et au moelleux velout\u00e9 de la cr\u00e8me de lait. Une exp\u00e9rience enveloppante et r\u00e9confortante, id\u00e9ale pour ceux qui recherchent une pause de caract\u00e8re, capable de r\u00e9chauffer le corps et l&rsquo;esprit avec son go\u00fbt incomparable et sa texture cr\u00e9meuse.<\/p>\n","protected":false},"excerpt":{"rendered":"<p>16 Capsules<br \/>\nM\u00e9lange 10% Arabica 90% Robusta<br \/>\nTorr\u00e9faction Extra Fonc\u00e9e<br \/>\nCapsules compatibles avec le syst\u00e8me Bialetti<br \/>\nLongueur conseill\u00e9e : 40ml<\/p>\n","protected":false},"featured_media":912,"comment_status":"open","ping_status":"closed","template":"","meta":{"_acf_changed":false},"product_brand":[316],"product_cat":[319,320],"product_tag":[],"product_family":[],"product_group":[],"product_class":[],"class_list":{"0":"post-2954","1":"product","2":"type-product","3":"status-publish","4":"has-post-thumbnail","6":"product_brand-bialetti","7":"product_cat-bia","8":"product_cat-caf","10":"first","11":"instock","12":"shipping-taxable","13":"purchasable","14":"product-type-simple"},"acf":[],"_links":{"self":[{"href":"https:\/\/staging.ecommerce.tuttocapsuletools.it\/fr\/wp-json\/wp\/v2\/product\/2954","targetHints":{"allow":["GET"]}}],"collection":[{"href":"https:\/\/staging.ecommerce.tuttocapsuletools.it\/fr\/wp-json\/wp\/v2\/product"}],"about":[{"href":"https:\/\/staging.ecommerce.tuttocapsuletools.it\/fr\/wp-json\/wp\/v2\/types\/product"}],"replies":[{"embeddable":true,"href":"https:\/\/staging.ecommerce.tuttocapsuletools.it\/fr\/wp-json\/wp\/v2\/comments?post=2954"}],"wp:featuredmedia":[{"embeddable":true,"href":"https:\/\/staging.ecommerce.tuttocapsuletools.it\/fr\/wp-json\/wp\/v2\/media\/912"}],"wp:attachment":[{"href":"https:\/\/staging.ecommerce.tuttocapsuletools.it\/fr\/wp-json\/wp\/v2\/media?parent=2954"}],"wp:term":[{"taxonomy":"product_brand","embeddable":true,"href":"https:\/\/staging.ecommerce.tuttocapsuletools.it\/fr\/wp-json\/wp\/v2\/product_brand?post=2954"},{"taxonomy":"product_cat","embeddable":true,"href":"https:\/\/staging.ecommerce.tuttocapsuletools.it\/fr\/wp-json\/wp\/v2\/product_cat?post=2954"},{"taxonomy":"product_tag","embeddable":true,"href":"https:\/\/staging.ecommerce.tuttocapsuletools.it\/fr\/wp-json\/wp\/v2\/product_tag?post=2954"},{"taxonomy":"product_family","embeddable":true,"href":"https:\/\/staging.ecommerce.tuttocapsuletools.it\/fr\/wp-json\/wp\/v2\/product_family?post=2954"},{"taxonomy":"product_group","embeddable":true,"href":"https:\/\/staging.ecommerce.tuttocapsuletools.it\/fr\/wp-json\/wp\/v2\/product_group?post=2954"},{"taxonomy":"product_class","embeddable":true,"href":"https:\/\/staging.ecommerce.tuttocapsuletools.it\/fr\/wp-json\/wp\/v2\/product_class?post=2954"}],"curies":[{"name":"wp","href":"https:\/\/api.w.org\/{rel}","templated":true}]}}