{"id":2978,"date":"2026-01-17T18:18:12","date_gmt":"2026-01-17T17:18:12","guid":{"rendered":"https:\/\/staging.ecommerce.tuttocapsuletools.it\/prodotto\/bialetti-grani-caffe-experto-classico-500-gr-conf-1-box-6-2\/"},"modified":"2026-04-16T00:07:23","modified_gmt":"2026-04-15T22:07:23","slug":"bialetti-grani-caffe-experto-classico-500-gr-conf-1-box-6-2","status":"publish","type":"product","link":"https:\/\/staging.ecommerce.tuttocapsuletools.it\/fr\/prodotto\/bialetti-grani-caffe-experto-classico-500-gr-conf-1-box-6-2\/","title":{"rendered":"BIaletti Experto Classico 500 gr"},"content":{"rendered":"<p>Un m\u00e9lange \u00e9quilibr\u00e9 qui offre un caf\u00e9 au corps moyen et \u00e0 l&rsquo;ar\u00f4me harmonieux. Caract\u00e9ris\u00e9 par des notes douces de c\u00e9r\u00e9ales et de fruits secs, c&rsquo;est le choix id\u00e9al pour ceux qui recherchent l&rsquo;espresso quotidien parfait, fid\u00e8le au go\u00fbt authentique Bialetti.<\/p>\n","protected":false},"excerpt":{"rendered":"<p>Caf\u00e9 en grains 500g<br \/>\nM\u00e9lange 50% Arabica et 50% Robusta<br \/>\nTorr\u00e9faction moyenne<br \/>\nExtraction conseill\u00e9e : Moka, Espresso<\/p>\n","protected":false},"featured_media":938,"comment_status":"open","ping_status":"closed","template":"","meta":{"_acf_changed":false},"product_brand":[316],"product_cat":[320,323],"product_tag":[],"product_family":[],"product_group":[],"product_class":[],"class_list":{"0":"post-2978","1":"product","2":"type-product","3":"status-publish","4":"has-post-thumbnail","6":"product_brand-bialetti","7":"product_cat-caf","8":"product_cat-grn","10":"first","11":"instock","12":"shipping-taxable","13":"purchasable","14":"product-type-simple"},"acf":[],"_links":{"self":[{"href":"https:\/\/staging.ecommerce.tuttocapsuletools.it\/fr\/wp-json\/wp\/v2\/product\/2978","targetHints":{"allow":["GET"]}}],"collection":[{"href":"https:\/\/staging.ecommerce.tuttocapsuletools.it\/fr\/wp-json\/wp\/v2\/product"}],"about":[{"href":"https:\/\/staging.ecommerce.tuttocapsuletools.it\/fr\/wp-json\/wp\/v2\/types\/product"}],"replies":[{"embeddable":true,"href":"https:\/\/staging.ecommerce.tuttocapsuletools.it\/fr\/wp-json\/wp\/v2\/comments?post=2978"}],"wp:featuredmedia":[{"embeddable":true,"href":"https:\/\/staging.ecommerce.tuttocapsuletools.it\/fr\/wp-json\/wp\/v2\/media\/938"}],"wp:attachment":[{"href":"https:\/\/staging.ecommerce.tuttocapsuletools.it\/fr\/wp-json\/wp\/v2\/media?parent=2978"}],"wp:term":[{"taxonomy":"product_brand","embeddable":true,"href":"https:\/\/staging.ecommerce.tuttocapsuletools.it\/fr\/wp-json\/wp\/v2\/product_brand?post=2978"},{"taxonomy":"product_cat","embeddable":true,"href":"https:\/\/staging.ecommerce.tuttocapsuletools.it\/fr\/wp-json\/wp\/v2\/product_cat?post=2978"},{"taxonomy":"product_tag","embeddable":true,"href":"https:\/\/staging.ecommerce.tuttocapsuletools.it\/fr\/wp-json\/wp\/v2\/product_tag?post=2978"},{"taxonomy":"product_family","embeddable":true,"href":"https:\/\/staging.ecommerce.tuttocapsuletools.it\/fr\/wp-json\/wp\/v2\/product_family?post=2978"},{"taxonomy":"product_group","embeddable":true,"href":"https:\/\/staging.ecommerce.tuttocapsuletools.it\/fr\/wp-json\/wp\/v2\/product_group?post=2978"},{"taxonomy":"product_class","embeddable":true,"href":"https:\/\/staging.ecommerce.tuttocapsuletools.it\/fr\/wp-json\/wp\/v2\/product_class?post=2978"}],"curies":[{"name":"wp","href":"https:\/\/api.w.org\/{rel}","templated":true}]}}