{"id":2984,"date":"2026-01-17T18:18:13","date_gmt":"2026-01-17T17:18:13","guid":{"rendered":"https:\/\/staging.ecommerce.tuttocapsuletools.it\/prodotto\/bialetti-macchina-cappuccinatore-milk-frother-mk01-2\/"},"modified":"2026-04-15T20:52:23","modified_gmt":"2026-04-15T18:52:23","slug":"bialetti-macchina-cappuccinatore-milk-frother-mk01-2","status":"publish","type":"product","link":"https:\/\/staging.ecommerce.tuttocapsuletools.it\/fr\/prodotto\/bialetti-macchina-cappuccinatore-milk-frother-mk01-2\/","title":{"rendered":"Bialetti Cappuccinatore"},"content":{"rendered":"<p>Le mousseur \u00e0 lait Bialetti est un mousseur \u00e0 cappuccino \u00e9lectrique pour ceux qui aiment se faire plaisir avec un cappuccino cr\u00e9meux. Le double fouet, l&rsquo;un pour monter la mousse de lait et l&rsquo;autre pour le chauffer, est parfait pour pr\u00e9parer de d\u00e9licieux cappuccinos rapidement et facilement. Il est facile \u00e0 nettoyer gr\u00e2ce \u00e0 son rev\u00eatement antiadh\u00e9sif interne, il s&rsquo;\u00e9teint automatiquement et sa base froide ind\u00e9pendante permet de le poser sur n&rsquo;importe quelle surface, m\u00eame sur la table de votre petit-d\u00e9jeuner.<\/p>\n","protected":false},"excerpt":{"rendered":"<p>Mousseur \u00e0 lait \u00e9lectrique<br \/>\nCapacit\u00e9 0,3 l<br \/>\nBase froide ind\u00e9pendante<\/p>\n","protected":false},"featured_media":944,"comment_status":"open","ping_status":"closed","template":"","meta":{"_acf_changed":false},"product_brand":[316],"product_cat":[296,324],"product_tag":[],"product_family":[],"product_group":[],"product_class":[],"class_list":{"0":"post-2984","1":"product","2":"type-product","3":"status-publish","4":"has-post-thumbnail","6":"product_brand-bialetti","7":"product_cat-alt","8":"product_cat-cap","10":"first","11":"instock","12":"shipping-taxable","13":"purchasable","14":"product-type-simple"},"acf":[],"_links":{"self":[{"href":"https:\/\/staging.ecommerce.tuttocapsuletools.it\/fr\/wp-json\/wp\/v2\/product\/2984","targetHints":{"allow":["GET"]}}],"collection":[{"href":"https:\/\/staging.ecommerce.tuttocapsuletools.it\/fr\/wp-json\/wp\/v2\/product"}],"about":[{"href":"https:\/\/staging.ecommerce.tuttocapsuletools.it\/fr\/wp-json\/wp\/v2\/types\/product"}],"replies":[{"embeddable":true,"href":"https:\/\/staging.ecommerce.tuttocapsuletools.it\/fr\/wp-json\/wp\/v2\/comments?post=2984"}],"wp:featuredmedia":[{"embeddable":true,"href":"https:\/\/staging.ecommerce.tuttocapsuletools.it\/fr\/wp-json\/wp\/v2\/media\/944"}],"wp:attachment":[{"href":"https:\/\/staging.ecommerce.tuttocapsuletools.it\/fr\/wp-json\/wp\/v2\/media?parent=2984"}],"wp:term":[{"taxonomy":"product_brand","embeddable":true,"href":"https:\/\/staging.ecommerce.tuttocapsuletools.it\/fr\/wp-json\/wp\/v2\/product_brand?post=2984"},{"taxonomy":"product_cat","embeddable":true,"href":"https:\/\/staging.ecommerce.tuttocapsuletools.it\/fr\/wp-json\/wp\/v2\/product_cat?post=2984"},{"taxonomy":"product_tag","embeddable":true,"href":"https:\/\/staging.ecommerce.tuttocapsuletools.it\/fr\/wp-json\/wp\/v2\/product_tag?post=2984"},{"taxonomy":"product_family","embeddable":true,"href":"https:\/\/staging.ecommerce.tuttocapsuletools.it\/fr\/wp-json\/wp\/v2\/product_family?post=2984"},{"taxonomy":"product_group","embeddable":true,"href":"https:\/\/staging.ecommerce.tuttocapsuletools.it\/fr\/wp-json\/wp\/v2\/product_group?post=2984"},{"taxonomy":"product_class","embeddable":true,"href":"https:\/\/staging.ecommerce.tuttocapsuletools.it\/fr\/wp-json\/wp\/v2\/product_class?post=2984"}],"curies":[{"name":"wp","href":"https:\/\/api.w.org\/{rel}","templated":true}]}}