{"id":3122,"date":"2026-01-30T10:45:38","date_gmt":"2026-01-30T09:45:38","guid":{"rendered":"https:\/\/staging.ecommerce.tuttocapsuletools.it\/prodotto\/borbone-dolce-gusto-decaffeinato-conf-50-box-1-2\/"},"modified":"2026-04-02T11:54:08","modified_gmt":"2026-04-02T09:54:08","slug":"borbone-dolce-gusto-decaffeinato-conf-50-box-1-2","status":"publish","type":"product","link":"https:\/\/staging.ecommerce.tuttocapsuletools.it\/fr\/prodotto\/borbone-dolce-gusto-decaffeinato-conf-50-box-1-2\/","title":{"rendered":"BORBONE DG Caffe&rsquo; Decaffeinato Conf. 50"},"content":{"rendered":"<p>Capsules d\u00e9caf\u00e9in\u00e9es Dolce Gusto, m\u00e9lange cr\u00e9meux et aromatique. Expresso \u00e9quilibr\u00e9 sans caf\u00e9ine, cr\u00e8me velout\u00e9e et corps persistant.<\/p>\n","protected":false},"excerpt":{"rendered":"<p>Notes \u00e9pic\u00e9es avec un soup\u00e7on de pain grill\u00e9 et de noisette<br \/>\nD\u00e9caf\u00e9in\u00e9<br \/>\nCompatible avec les machines Nescaf\u00e9 Dolce Gusto*<\/p>\n","protected":false},"featured_media":0,"comment_status":"open","ping_status":"closed","template":"","meta":{"_acf_changed":false},"product_brand":[328],"product_cat":[321,333],"product_tag":[],"product_family":[],"product_group":[],"product_class":[],"class_list":{"0":"post-3122","1":"product","2":"type-product","3":"status-publish","5":"product_brand-borbone","6":"product_cat-dek","7":"product_cat-d-g","9":"first","10":"outofstock","11":"shipping-taxable","12":"purchasable","13":"product-type-simple"},"acf":[],"_links":{"self":[{"href":"https:\/\/staging.ecommerce.tuttocapsuletools.it\/fr\/wp-json\/wp\/v2\/product\/3122","targetHints":{"allow":["GET"]}}],"collection":[{"href":"https:\/\/staging.ecommerce.tuttocapsuletools.it\/fr\/wp-json\/wp\/v2\/product"}],"about":[{"href":"https:\/\/staging.ecommerce.tuttocapsuletools.it\/fr\/wp-json\/wp\/v2\/types\/product"}],"replies":[{"embeddable":true,"href":"https:\/\/staging.ecommerce.tuttocapsuletools.it\/fr\/wp-json\/wp\/v2\/comments?post=3122"}],"wp:attachment":[{"href":"https:\/\/staging.ecommerce.tuttocapsuletools.it\/fr\/wp-json\/wp\/v2\/media?parent=3122"}],"wp:term":[{"taxonomy":"product_brand","embeddable":true,"href":"https:\/\/staging.ecommerce.tuttocapsuletools.it\/fr\/wp-json\/wp\/v2\/product_brand?post=3122"},{"taxonomy":"product_cat","embeddable":true,"href":"https:\/\/staging.ecommerce.tuttocapsuletools.it\/fr\/wp-json\/wp\/v2\/product_cat?post=3122"},{"taxonomy":"product_tag","embeddable":true,"href":"https:\/\/staging.ecommerce.tuttocapsuletools.it\/fr\/wp-json\/wp\/v2\/product_tag?post=3122"},{"taxonomy":"product_family","embeddable":true,"href":"https:\/\/staging.ecommerce.tuttocapsuletools.it\/fr\/wp-json\/wp\/v2\/product_family?post=3122"},{"taxonomy":"product_group","embeddable":true,"href":"https:\/\/staging.ecommerce.tuttocapsuletools.it\/fr\/wp-json\/wp\/v2\/product_group?post=3122"},{"taxonomy":"product_class","embeddable":true,"href":"https:\/\/staging.ecommerce.tuttocapsuletools.it\/fr\/wp-json\/wp\/v2\/product_class?post=3122"}],"curies":[{"name":"wp","href":"https:\/\/api.w.org\/{rel}","templated":true}]}}