{"id":3176,"date":"2026-01-17T18:20:41","date_gmt":"2026-01-17T17:20:41","guid":{"rendered":"https:\/\/staging.ecommerce.tuttocapsuletools.it\/prodotto\/borbone-macinato-caffe-macinato-blu-nobile-conf-1-box-16-da-250-gr\/"},"modified":"2026-04-15T18:52:41","modified_gmt":"2026-04-15T16:52:41","slug":"borbone-macinato-caffe-macinato-blu-nobile-conf-1-box-16-da-250-gr","status":"publish","type":"product","link":"https:\/\/staging.ecommerce.tuttocapsuletools.it\/fr\/prodotto\/borbone-macinato-caffe-macinato-blu-nobile-conf-1-box-16-da-250-gr\/","title":{"rendered":"Borbone Blu\/Nobile 250 gr"},"content":{"rendered":"<p>Caf\u00e9 moulu avec un m\u00e9lange riche et structur\u00e9, au go\u00fbt doux et intense. Les notes d\u00e9licates de cacao et de fruits secs s&rsquo;accompagnent d&rsquo;une cr\u00e8me velout\u00e9e, id\u00e9ale pour une utilisation dans une moka ou des machines automatiques.<\/p>\n","protected":false},"excerpt":{"rendered":"<p>M\u00e9lange noble<br \/>\nDoux, intense, cors\u00e9<br \/>\nConvient pour machines \u00e0 caf\u00e9 automatiques ou moka<\/p>\n","protected":false},"featured_media":1107,"comment_status":"open","ping_status":"closed","template":"","meta":{"_acf_changed":false},"product_brand":[328],"product_cat":[320,325],"product_tag":[],"product_family":[],"product_group":[],"product_class":[],"class_list":{"0":"post-3176","1":"product","2":"type-product","3":"status-publish","4":"has-post-thumbnail","6":"product_brand-borbone","7":"product_cat-caf","8":"product_cat-mcn","10":"first","11":"instock","12":"shipping-taxable","13":"purchasable","14":"product-type-simple"},"acf":[],"_links":{"self":[{"href":"https:\/\/staging.ecommerce.tuttocapsuletools.it\/fr\/wp-json\/wp\/v2\/product\/3176","targetHints":{"allow":["GET"]}}],"collection":[{"href":"https:\/\/staging.ecommerce.tuttocapsuletools.it\/fr\/wp-json\/wp\/v2\/product"}],"about":[{"href":"https:\/\/staging.ecommerce.tuttocapsuletools.it\/fr\/wp-json\/wp\/v2\/types\/product"}],"replies":[{"embeddable":true,"href":"https:\/\/staging.ecommerce.tuttocapsuletools.it\/fr\/wp-json\/wp\/v2\/comments?post=3176"}],"wp:featuredmedia":[{"embeddable":true,"href":"https:\/\/staging.ecommerce.tuttocapsuletools.it\/fr\/wp-json\/wp\/v2\/media\/1107"}],"wp:attachment":[{"href":"https:\/\/staging.ecommerce.tuttocapsuletools.it\/fr\/wp-json\/wp\/v2\/media?parent=3176"}],"wp:term":[{"taxonomy":"product_brand","embeddable":true,"href":"https:\/\/staging.ecommerce.tuttocapsuletools.it\/fr\/wp-json\/wp\/v2\/product_brand?post=3176"},{"taxonomy":"product_cat","embeddable":true,"href":"https:\/\/staging.ecommerce.tuttocapsuletools.it\/fr\/wp-json\/wp\/v2\/product_cat?post=3176"},{"taxonomy":"product_tag","embeddable":true,"href":"https:\/\/staging.ecommerce.tuttocapsuletools.it\/fr\/wp-json\/wp\/v2\/product_tag?post=3176"},{"taxonomy":"product_family","embeddable":true,"href":"https:\/\/staging.ecommerce.tuttocapsuletools.it\/fr\/wp-json\/wp\/v2\/product_family?post=3176"},{"taxonomy":"product_group","embeddable":true,"href":"https:\/\/staging.ecommerce.tuttocapsuletools.it\/fr\/wp-json\/wp\/v2\/product_group?post=3176"},{"taxonomy":"product_class","embeddable":true,"href":"https:\/\/staging.ecommerce.tuttocapsuletools.it\/fr\/wp-json\/wp\/v2\/product_class?post=3176"}],"curies":[{"name":"wp","href":"https:\/\/api.w.org\/{rel}","templated":true}]}}