{"id":3230,"date":"2026-01-30T10:45:50","date_gmt":"2026-01-30T09:45:50","guid":{"rendered":"https:\/\/staging.ecommerce.tuttocapsuletools.it\/prodotto\/il-cavaliere-dolce-gusto-caffe-top-cremaaroma-dolce-conf-50-box-1-2\/"},"modified":"2026-04-15T23:52:50","modified_gmt":"2026-04-15T21:52:50","slug":"il-cavaliere-dolce-gusto-caffe-top-cremaaroma-dolce-conf-50-box-1-2","status":"publish","type":"product","link":"https:\/\/staging.ecommerce.tuttocapsuletools.it\/fr\/prodotto\/il-cavaliere-dolce-gusto-caffe-top-cremaaroma-dolce-conf-50-box-1-2\/","title":{"rendered":"Il Cavaliere Top Crema 50 capsule"},"content":{"rendered":"<p>Capsules compatibles Dolce Gusto avec un m\u00e9lange au go\u00fbt doux et enveloppant. Des notes de chocolat et de vanille se combinent dans un expresso cr\u00e9meux et aromatique, id\u00e9al pour une pause gourmande.<\/p>\n","protected":false},"excerpt":{"rendered":"<p>Paquet de 50 capsules<br \/>\nM\u00e9lange doux et rond<br \/>\nCompatible avec Nescaf\u00e8 Dolce Gusto<\/p>\n","protected":false},"featured_media":0,"comment_status":"open","ping_status":"closed","template":"","meta":{"_acf_changed":false},"product_brand":[337],"product_cat":[320,333],"product_tag":[],"product_family":[],"product_group":[],"product_class":[],"class_list":{"0":"post-3230","1":"product","2":"type-product","3":"status-publish","5":"product_brand-cavaliere","6":"product_cat-caf","7":"product_cat-d-g","9":"first","10":"instock","11":"shipping-taxable","12":"purchasable","13":"product-type-simple"},"acf":[],"_links":{"self":[{"href":"https:\/\/staging.ecommerce.tuttocapsuletools.it\/fr\/wp-json\/wp\/v2\/product\/3230","targetHints":{"allow":["GET"]}}],"collection":[{"href":"https:\/\/staging.ecommerce.tuttocapsuletools.it\/fr\/wp-json\/wp\/v2\/product"}],"about":[{"href":"https:\/\/staging.ecommerce.tuttocapsuletools.it\/fr\/wp-json\/wp\/v2\/types\/product"}],"replies":[{"embeddable":true,"href":"https:\/\/staging.ecommerce.tuttocapsuletools.it\/fr\/wp-json\/wp\/v2\/comments?post=3230"}],"wp:attachment":[{"href":"https:\/\/staging.ecommerce.tuttocapsuletools.it\/fr\/wp-json\/wp\/v2\/media?parent=3230"}],"wp:term":[{"taxonomy":"product_brand","embeddable":true,"href":"https:\/\/staging.ecommerce.tuttocapsuletools.it\/fr\/wp-json\/wp\/v2\/product_brand?post=3230"},{"taxonomy":"product_cat","embeddable":true,"href":"https:\/\/staging.ecommerce.tuttocapsuletools.it\/fr\/wp-json\/wp\/v2\/product_cat?post=3230"},{"taxonomy":"product_tag","embeddable":true,"href":"https:\/\/staging.ecommerce.tuttocapsuletools.it\/fr\/wp-json\/wp\/v2\/product_tag?post=3230"},{"taxonomy":"product_family","embeddable":true,"href":"https:\/\/staging.ecommerce.tuttocapsuletools.it\/fr\/wp-json\/wp\/v2\/product_family?post=3230"},{"taxonomy":"product_group","embeddable":true,"href":"https:\/\/staging.ecommerce.tuttocapsuletools.it\/fr\/wp-json\/wp\/v2\/product_group?post=3230"},{"taxonomy":"product_class","embeddable":true,"href":"https:\/\/staging.ecommerce.tuttocapsuletools.it\/fr\/wp-json\/wp\/v2\/product_class?post=3230"}],"curies":[{"name":"wp","href":"https:\/\/api.w.org\/{rel}","templated":true}]}}