{"id":3256,"date":"2026-01-17T18:21:24","date_gmt":"2026-01-17T17:21:24","guid":{"rendered":"https:\/\/staging.ecommerce.tuttocapsuletools.it\/prodotto\/caffitaly-caffitaly-caffe-chicco-doro-espresso-conf-10-box-48\/"},"modified":"2026-04-16T00:07:55","modified_gmt":"2026-04-15T22:07:55","slug":"caffitaly-caffitaly-caffe-chicco-doro-espresso-conf-10-box-48","status":"publish","type":"product","link":"https:\/\/staging.ecommerce.tuttocapsuletools.it\/fr\/prodotto\/caffitaly-caffitaly-caffe-chicco-doro-espresso-conf-10-box-48\/","title":{"rendered":"Chicco D&rsquo;Oro Espresso 10 capsule"},"content":{"rendered":"<p>Un m\u00e9lange de haute qualit\u00e9 au go\u00fbt intense et \u00e0 l&rsquo;ar\u00f4me persistant. Un espresso de caract\u00e8re, id\u00e9al pour ceux qui recherchent une pause \u00e9nergique avec la commodit\u00e9 des capsules Caffitaly.<\/p>\n","protected":false},"excerpt":{"rendered":"<p>10 capsules compatibles Caffitaly System<br \/>\n8 grammes de caf\u00e9 par capsule<br \/>\nM\u00e9lange d&rsquo;Arabica et Robusta<br \/>\nNotes aromatiques : Cacao<\/p>\n","protected":false},"featured_media":1185,"comment_status":"open","ping_status":"closed","template":"","meta":{"_acf_changed":false},"product_brand":[341],"product_cat":[320,331],"product_tag":[],"product_family":[],"product_group":[],"product_class":[],"class_list":{"0":"post-3256","1":"product","2":"type-product","3":"status-publish","4":"has-post-thumbnail","6":"product_brand-caffitaly","7":"product_cat-caf","8":"product_cat-ita","10":"first","11":"instock","12":"shipping-taxable","13":"purchasable","14":"product-type-simple"},"acf":[],"_links":{"self":[{"href":"https:\/\/staging.ecommerce.tuttocapsuletools.it\/fr\/wp-json\/wp\/v2\/product\/3256","targetHints":{"allow":["GET"]}}],"collection":[{"href":"https:\/\/staging.ecommerce.tuttocapsuletools.it\/fr\/wp-json\/wp\/v2\/product"}],"about":[{"href":"https:\/\/staging.ecommerce.tuttocapsuletools.it\/fr\/wp-json\/wp\/v2\/types\/product"}],"replies":[{"embeddable":true,"href":"https:\/\/staging.ecommerce.tuttocapsuletools.it\/fr\/wp-json\/wp\/v2\/comments?post=3256"}],"wp:featuredmedia":[{"embeddable":true,"href":"https:\/\/staging.ecommerce.tuttocapsuletools.it\/fr\/wp-json\/wp\/v2\/media\/1185"}],"wp:attachment":[{"href":"https:\/\/staging.ecommerce.tuttocapsuletools.it\/fr\/wp-json\/wp\/v2\/media?parent=3256"}],"wp:term":[{"taxonomy":"product_brand","embeddable":true,"href":"https:\/\/staging.ecommerce.tuttocapsuletools.it\/fr\/wp-json\/wp\/v2\/product_brand?post=3256"},{"taxonomy":"product_cat","embeddable":true,"href":"https:\/\/staging.ecommerce.tuttocapsuletools.it\/fr\/wp-json\/wp\/v2\/product_cat?post=3256"},{"taxonomy":"product_tag","embeddable":true,"href":"https:\/\/staging.ecommerce.tuttocapsuletools.it\/fr\/wp-json\/wp\/v2\/product_tag?post=3256"},{"taxonomy":"product_family","embeddable":true,"href":"https:\/\/staging.ecommerce.tuttocapsuletools.it\/fr\/wp-json\/wp\/v2\/product_family?post=3256"},{"taxonomy":"product_group","embeddable":true,"href":"https:\/\/staging.ecommerce.tuttocapsuletools.it\/fr\/wp-json\/wp\/v2\/product_group?post=3256"},{"taxonomy":"product_class","embeddable":true,"href":"https:\/\/staging.ecommerce.tuttocapsuletools.it\/fr\/wp-json\/wp\/v2\/product_class?post=3256"}],"curies":[{"name":"wp","href":"https:\/\/api.w.org\/{rel}","templated":true}]}}