{"id":3266,"date":"2026-01-17T18:22:17","date_gmt":"2026-01-17T17:22:17","guid":{"rendered":"https:\/\/staging.ecommerce.tuttocapsuletools.it\/prodotto\/caffitaly-caffitaly-caffe-intenso-conf-10-box-48\/"},"modified":"2026-04-15T18:52:50","modified_gmt":"2026-04-15T16:52:50","slug":"caffitaly-caffitaly-caffe-intenso-conf-10-box-48","status":"publish","type":"product","link":"https:\/\/staging.ecommerce.tuttocapsuletools.it\/fr\/prodotto\/caffitaly-caffitaly-caffe-intenso-conf-10-box-48\/","title":{"rendered":"Caffitaly Intenso 10 capsule"},"content":{"rendered":"<p>M\u00e9lange au ton vif et \u00e0 la personnalit\u00e9 marqu\u00e9e. Son go\u00fbt rond et velout\u00e9 le rend parfait pour le r\u00e9veil matinal ou pour terminer les repas sur une note agr\u00e9able et d\u00e9cisive.<\/p>\n","protected":false},"excerpt":{"rendered":"<p>10 capsules compatibles Caffitaly System<br \/>\n8 grammes de caf\u00e9 par capsule<br \/>\nM\u00e9lange 70% Arabica &#8211; 30% Robusta<br \/>\nNotes aromatiques : Biscuits et Noisette<\/p>\n","protected":false},"featured_media":1195,"comment_status":"open","ping_status":"closed","template":"","meta":{"_acf_changed":false},"product_brand":[341],"product_cat":[320,331],"product_tag":[],"product_family":[],"product_group":[],"product_class":[],"class_list":{"0":"post-3266","1":"product","2":"type-product","3":"status-publish","4":"has-post-thumbnail","6":"product_brand-caffitaly","7":"product_cat-caf","8":"product_cat-ita","10":"first","11":"instock","12":"shipping-taxable","13":"purchasable","14":"product-type-simple"},"acf":[],"_links":{"self":[{"href":"https:\/\/staging.ecommerce.tuttocapsuletools.it\/fr\/wp-json\/wp\/v2\/product\/3266","targetHints":{"allow":["GET"]}}],"collection":[{"href":"https:\/\/staging.ecommerce.tuttocapsuletools.it\/fr\/wp-json\/wp\/v2\/product"}],"about":[{"href":"https:\/\/staging.ecommerce.tuttocapsuletools.it\/fr\/wp-json\/wp\/v2\/types\/product"}],"replies":[{"embeddable":true,"href":"https:\/\/staging.ecommerce.tuttocapsuletools.it\/fr\/wp-json\/wp\/v2\/comments?post=3266"}],"wp:featuredmedia":[{"embeddable":true,"href":"https:\/\/staging.ecommerce.tuttocapsuletools.it\/fr\/wp-json\/wp\/v2\/media\/1195"}],"wp:attachment":[{"href":"https:\/\/staging.ecommerce.tuttocapsuletools.it\/fr\/wp-json\/wp\/v2\/media?parent=3266"}],"wp:term":[{"taxonomy":"product_brand","embeddable":true,"href":"https:\/\/staging.ecommerce.tuttocapsuletools.it\/fr\/wp-json\/wp\/v2\/product_brand?post=3266"},{"taxonomy":"product_cat","embeddable":true,"href":"https:\/\/staging.ecommerce.tuttocapsuletools.it\/fr\/wp-json\/wp\/v2\/product_cat?post=3266"},{"taxonomy":"product_tag","embeddable":true,"href":"https:\/\/staging.ecommerce.tuttocapsuletools.it\/fr\/wp-json\/wp\/v2\/product_tag?post=3266"},{"taxonomy":"product_family","embeddable":true,"href":"https:\/\/staging.ecommerce.tuttocapsuletools.it\/fr\/wp-json\/wp\/v2\/product_family?post=3266"},{"taxonomy":"product_group","embeddable":true,"href":"https:\/\/staging.ecommerce.tuttocapsuletools.it\/fr\/wp-json\/wp\/v2\/product_group?post=3266"},{"taxonomy":"product_class","embeddable":true,"href":"https:\/\/staging.ecommerce.tuttocapsuletools.it\/fr\/wp-json\/wp\/v2\/product_class?post=3266"}],"curies":[{"name":"wp","href":"https:\/\/api.w.org\/{rel}","templated":true}]}}