{"id":3270,"date":"2026-01-17T18:22:18","date_gmt":"2026-01-17T17:22:18","guid":{"rendered":"https:\/\/staging.ecommerce.tuttocapsuletools.it\/prodotto\/caffitaly-caffitaly-caffe-cagliari-elite-bio-conf-10-box-48\/"},"modified":"2026-04-15T23:52:54","modified_gmt":"2026-04-15T21:52:54","slug":"caffitaly-caffitaly-caffe-cagliari-elite-bio-conf-10-box-48","status":"publish","type":"product","link":"https:\/\/staging.ecommerce.tuttocapsuletools.it\/fr\/prodotto\/caffitaly-caffitaly-caffe-cagliari-elite-bio-conf-10-box-48\/","title":{"rendered":"Cagliari Elite Bio 10 capsule"},"content":{"rendered":"<p>M\u00e9lange biologique de qualit\u00e9, aromatique et l\u00e9ger. Il lib\u00e8re de d\u00e9licates notes d&rsquo;agrumes et de noisette, offrant un caf\u00e9 agr\u00e9ablement cors\u00e9 au go\u00fbt d\u00e9licat et \u00e0 faible teneur en caf\u00e9ine.<\/p>\n","protected":false},"excerpt":{"rendered":"<p>10 capsules compatibles Caffitaly System<br \/>\n8 grammes de caf\u00e9 par capsule<br \/>\n100% Arabica<br \/>\nNotes aromatiques: Agrumes et Noisette<\/p>\n","protected":false},"featured_media":1199,"comment_status":"open","ping_status":"closed","template":"","meta":{"_acf_changed":false},"product_brand":[341],"product_cat":[320,331],"product_tag":[],"product_family":[],"product_group":[],"product_class":[],"class_list":{"0":"post-3270","1":"product","2":"type-product","3":"status-publish","4":"has-post-thumbnail","6":"product_brand-caffitaly","7":"product_cat-caf","8":"product_cat-ita","10":"first","11":"instock","12":"shipping-taxable","13":"purchasable","14":"product-type-simple"},"acf":[],"_links":{"self":[{"href":"https:\/\/staging.ecommerce.tuttocapsuletools.it\/fr\/wp-json\/wp\/v2\/product\/3270","targetHints":{"allow":["GET"]}}],"collection":[{"href":"https:\/\/staging.ecommerce.tuttocapsuletools.it\/fr\/wp-json\/wp\/v2\/product"}],"about":[{"href":"https:\/\/staging.ecommerce.tuttocapsuletools.it\/fr\/wp-json\/wp\/v2\/types\/product"}],"replies":[{"embeddable":true,"href":"https:\/\/staging.ecommerce.tuttocapsuletools.it\/fr\/wp-json\/wp\/v2\/comments?post=3270"}],"wp:featuredmedia":[{"embeddable":true,"href":"https:\/\/staging.ecommerce.tuttocapsuletools.it\/fr\/wp-json\/wp\/v2\/media\/1199"}],"wp:attachment":[{"href":"https:\/\/staging.ecommerce.tuttocapsuletools.it\/fr\/wp-json\/wp\/v2\/media?parent=3270"}],"wp:term":[{"taxonomy":"product_brand","embeddable":true,"href":"https:\/\/staging.ecommerce.tuttocapsuletools.it\/fr\/wp-json\/wp\/v2\/product_brand?post=3270"},{"taxonomy":"product_cat","embeddable":true,"href":"https:\/\/staging.ecommerce.tuttocapsuletools.it\/fr\/wp-json\/wp\/v2\/product_cat?post=3270"},{"taxonomy":"product_tag","embeddable":true,"href":"https:\/\/staging.ecommerce.tuttocapsuletools.it\/fr\/wp-json\/wp\/v2\/product_tag?post=3270"},{"taxonomy":"product_family","embeddable":true,"href":"https:\/\/staging.ecommerce.tuttocapsuletools.it\/fr\/wp-json\/wp\/v2\/product_family?post=3270"},{"taxonomy":"product_group","embeddable":true,"href":"https:\/\/staging.ecommerce.tuttocapsuletools.it\/fr\/wp-json\/wp\/v2\/product_group?post=3270"},{"taxonomy":"product_class","embeddable":true,"href":"https:\/\/staging.ecommerce.tuttocapsuletools.it\/fr\/wp-json\/wp\/v2\/product_class?post=3270"}],"curies":[{"name":"wp","href":"https:\/\/api.w.org\/{rel}","templated":true}]}}