{"id":3272,"date":"2026-01-17T18:22:18","date_gmt":"2026-01-17T17:22:18","guid":{"rendered":"https:\/\/staging.ecommerce.tuttocapsuletools.it\/prodotto\/caffitaly-caffitaly-caffe-cagliari-grand-espresso-conf-10-box-48-2\/"},"modified":"2026-04-16T00:07:57","modified_gmt":"2026-04-15T22:07:57","slug":"caffitaly-caffitaly-caffe-cagliari-grand-espresso-conf-10-box-48-2","status":"publish","type":"product","link":"https:\/\/staging.ecommerce.tuttocapsuletools.it\/fr\/prodotto\/caffitaly-caffitaly-caffe-cagliari-grand-espresso-conf-10-box-48-2\/","title":{"rendered":"Cagliari Grand Espresso 10 capsule"},"content":{"rendered":"<p>Un m\u00e9lange sup\u00e9rieur, doux en bouche et d\u00e9licat en ar\u00f4me. Il se distingue par son profil enveloppant avec des notes de noisette et de caramel, id\u00e9al pour un espresso \u00e9quilibr\u00e9 et raffin\u00e9.<\/p>\n","protected":false},"excerpt":{"rendered":"<p>10 capsules compatibles Caffitaly System<br \/>\n8 grammes de caf\u00e9 par capsule<br \/>\nM\u00e9lange 70% Arabica &#8211; 30% Robusta<br \/>\nNotes aromatiques : Noisettes et Caramel<br \/>\nR\u00e9compens\u00e9 de Deux Moulins dans le Guide Caf\u00e9 et Torr\u00e9faction d&rsquo;Italie 2026<\/p>\n","protected":false},"featured_media":1201,"comment_status":"open","ping_status":"closed","template":"","meta":{"_acf_changed":false},"product_brand":[341],"product_cat":[320,331],"product_tag":[],"product_family":[],"product_group":[],"product_class":[],"class_list":{"0":"post-3272","1":"product","2":"type-product","3":"status-publish","4":"has-post-thumbnail","6":"product_brand-caffitaly","7":"product_cat-caf","8":"product_cat-ita","10":"first","11":"instock","12":"shipping-taxable","13":"purchasable","14":"product-type-simple"},"acf":[],"_links":{"self":[{"href":"https:\/\/staging.ecommerce.tuttocapsuletools.it\/fr\/wp-json\/wp\/v2\/product\/3272","targetHints":{"allow":["GET"]}}],"collection":[{"href":"https:\/\/staging.ecommerce.tuttocapsuletools.it\/fr\/wp-json\/wp\/v2\/product"}],"about":[{"href":"https:\/\/staging.ecommerce.tuttocapsuletools.it\/fr\/wp-json\/wp\/v2\/types\/product"}],"replies":[{"embeddable":true,"href":"https:\/\/staging.ecommerce.tuttocapsuletools.it\/fr\/wp-json\/wp\/v2\/comments?post=3272"}],"wp:featuredmedia":[{"embeddable":true,"href":"https:\/\/staging.ecommerce.tuttocapsuletools.it\/fr\/wp-json\/wp\/v2\/media\/1201"}],"wp:attachment":[{"href":"https:\/\/staging.ecommerce.tuttocapsuletools.it\/fr\/wp-json\/wp\/v2\/media?parent=3272"}],"wp:term":[{"taxonomy":"product_brand","embeddable":true,"href":"https:\/\/staging.ecommerce.tuttocapsuletools.it\/fr\/wp-json\/wp\/v2\/product_brand?post=3272"},{"taxonomy":"product_cat","embeddable":true,"href":"https:\/\/staging.ecommerce.tuttocapsuletools.it\/fr\/wp-json\/wp\/v2\/product_cat?post=3272"},{"taxonomy":"product_tag","embeddable":true,"href":"https:\/\/staging.ecommerce.tuttocapsuletools.it\/fr\/wp-json\/wp\/v2\/product_tag?post=3272"},{"taxonomy":"product_family","embeddable":true,"href":"https:\/\/staging.ecommerce.tuttocapsuletools.it\/fr\/wp-json\/wp\/v2\/product_family?post=3272"},{"taxonomy":"product_group","embeddable":true,"href":"https:\/\/staging.ecommerce.tuttocapsuletools.it\/fr\/wp-json\/wp\/v2\/product_group?post=3272"},{"taxonomy":"product_class","embeddable":true,"href":"https:\/\/staging.ecommerce.tuttocapsuletools.it\/fr\/wp-json\/wp\/v2\/product_class?post=3272"}],"curies":[{"name":"wp","href":"https:\/\/api.w.org\/{rel}","templated":true}]}}