{"id":3278,"date":"2026-01-17T18:22:19","date_gmt":"2026-01-17T17:22:19","guid":{"rendered":"https:\/\/staging.ecommerce.tuttocapsuletools.it\/prodotto\/caffitaly-caffitaly-caffe-silver-cagliari-conf-10-box-48\/"},"modified":"2026-04-16T01:52:58","modified_gmt":"2026-04-15T23:52:58","slug":"caffitaly-caffitaly-caffe-silver-cagliari-conf-10-box-48","status":"publish","type":"product","link":"https:\/\/staging.ecommerce.tuttocapsuletools.it\/fr\/prodotto\/caffitaly-caffitaly-caffe-silver-cagliari-conf-10-box-48\/","title":{"rendered":"Cagliari Silver 10 capsule"},"content":{"rendered":"<p>S\u00e9lection \u00e9quilibr\u00e9e au corps plein et enveloppant. Un caf\u00e9 \u00e0 la forte personnalit\u00e9 qui exprime des notes de caramel et de chocolat noir, associ\u00e9es \u00e0 d&rsquo;agr\u00e9ables notes de cacao et d&rsquo;amande.<\/p>\n","protected":false},"excerpt":{"rendered":"<p>10 capsules compatibles Caffitaly System<br \/>\n8 grammes de caf\u00e9 par capsule<br \/>\nM\u00e9lange 50% Arabica &#8211; 50% Robusta<br \/>\nNotes aromatiques : Cacao et Amande<\/p>\n","protected":false},"featured_media":1207,"comment_status":"open","ping_status":"closed","template":"","meta":{"_acf_changed":false},"product_brand":[341],"product_cat":[320,331],"product_tag":[],"product_family":[],"product_group":[],"product_class":[],"class_list":{"0":"post-3278","1":"product","2":"type-product","3":"status-publish","4":"has-post-thumbnail","6":"product_brand-caffitaly","7":"product_cat-caf","8":"product_cat-ita","10":"first","11":"instock","12":"shipping-taxable","13":"purchasable","14":"product-type-simple"},"acf":[],"_links":{"self":[{"href":"https:\/\/staging.ecommerce.tuttocapsuletools.it\/fr\/wp-json\/wp\/v2\/product\/3278","targetHints":{"allow":["GET"]}}],"collection":[{"href":"https:\/\/staging.ecommerce.tuttocapsuletools.it\/fr\/wp-json\/wp\/v2\/product"}],"about":[{"href":"https:\/\/staging.ecommerce.tuttocapsuletools.it\/fr\/wp-json\/wp\/v2\/types\/product"}],"replies":[{"embeddable":true,"href":"https:\/\/staging.ecommerce.tuttocapsuletools.it\/fr\/wp-json\/wp\/v2\/comments?post=3278"}],"wp:featuredmedia":[{"embeddable":true,"href":"https:\/\/staging.ecommerce.tuttocapsuletools.it\/fr\/wp-json\/wp\/v2\/media\/1207"}],"wp:attachment":[{"href":"https:\/\/staging.ecommerce.tuttocapsuletools.it\/fr\/wp-json\/wp\/v2\/media?parent=3278"}],"wp:term":[{"taxonomy":"product_brand","embeddable":true,"href":"https:\/\/staging.ecommerce.tuttocapsuletools.it\/fr\/wp-json\/wp\/v2\/product_brand?post=3278"},{"taxonomy":"product_cat","embeddable":true,"href":"https:\/\/staging.ecommerce.tuttocapsuletools.it\/fr\/wp-json\/wp\/v2\/product_cat?post=3278"},{"taxonomy":"product_tag","embeddable":true,"href":"https:\/\/staging.ecommerce.tuttocapsuletools.it\/fr\/wp-json\/wp\/v2\/product_tag?post=3278"},{"taxonomy":"product_family","embeddable":true,"href":"https:\/\/staging.ecommerce.tuttocapsuletools.it\/fr\/wp-json\/wp\/v2\/product_family?post=3278"},{"taxonomy":"product_group","embeddable":true,"href":"https:\/\/staging.ecommerce.tuttocapsuletools.it\/fr\/wp-json\/wp\/v2\/product_group?post=3278"},{"taxonomy":"product_class","embeddable":true,"href":"https:\/\/staging.ecommerce.tuttocapsuletools.it\/fr\/wp-json\/wp\/v2\/product_class?post=3278"}],"curies":[{"name":"wp","href":"https:\/\/api.w.org\/{rel}","templated":true}]}}