{"id":3342,"date":"2026-01-17T18:22:33","date_gmt":"2026-01-17T17:22:33","guid":{"rendered":"https:\/\/staging.ecommerce.tuttocapsuletools.it\/prodotto\/costadoro-macinato-caffe-mon-brasile-250gr-lattina-conf-1-box-6\/"},"modified":"2026-04-15T23:53:02","modified_gmt":"2026-04-15T21:53:02","slug":"costadoro-macinato-caffe-mon-brasile-250gr-lattina-conf-1-box-6","status":"publish","type":"product","link":"https:\/\/staging.ecommerce.tuttocapsuletools.it\/fr\/prodotto\/costadoro-macinato-caffe-mon-brasile-250gr-lattina-conf-1-box-6\/","title":{"rendered":"Costadoro Brasile 250 gr"},"content":{"rendered":"<p>Caf\u00e9 100% Arabica provenant du Br\u00e9sil dans une \u00e9l\u00e9gante bo\u00eete. Notes aromatiques de cacao, caramel et amande pour une exp\u00e9rience mono-origine douce et enveloppante.<\/p>\n","protected":false},"excerpt":{"rendered":"<p>Bo\u00eete de 250 grammes en conserve<br \/>\nCaf\u00e9 moulu<br \/>\nM\u00e9lange 100% Arabica<br \/>\nMono-origine Br\u00e9sil<\/p>\n","protected":false},"featured_media":1263,"comment_status":"open","ping_status":"closed","template":"","meta":{"_acf_changed":false},"product_brand":[346],"product_cat":[320,325],"product_tag":[],"product_family":[],"product_group":[],"product_class":[],"class_list":{"0":"post-3342","1":"product","2":"type-product","3":"status-publish","4":"has-post-thumbnail","6":"product_brand-costadoro","7":"product_cat-caf","8":"product_cat-mcn","10":"first","11":"instock","12":"shipping-taxable","13":"purchasable","14":"product-type-simple"},"acf":[],"_links":{"self":[{"href":"https:\/\/staging.ecommerce.tuttocapsuletools.it\/fr\/wp-json\/wp\/v2\/product\/3342","targetHints":{"allow":["GET"]}}],"collection":[{"href":"https:\/\/staging.ecommerce.tuttocapsuletools.it\/fr\/wp-json\/wp\/v2\/product"}],"about":[{"href":"https:\/\/staging.ecommerce.tuttocapsuletools.it\/fr\/wp-json\/wp\/v2\/types\/product"}],"replies":[{"embeddable":true,"href":"https:\/\/staging.ecommerce.tuttocapsuletools.it\/fr\/wp-json\/wp\/v2\/comments?post=3342"}],"wp:featuredmedia":[{"embeddable":true,"href":"https:\/\/staging.ecommerce.tuttocapsuletools.it\/fr\/wp-json\/wp\/v2\/media\/1263"}],"wp:attachment":[{"href":"https:\/\/staging.ecommerce.tuttocapsuletools.it\/fr\/wp-json\/wp\/v2\/media?parent=3342"}],"wp:term":[{"taxonomy":"product_brand","embeddable":true,"href":"https:\/\/staging.ecommerce.tuttocapsuletools.it\/fr\/wp-json\/wp\/v2\/product_brand?post=3342"},{"taxonomy":"product_cat","embeddable":true,"href":"https:\/\/staging.ecommerce.tuttocapsuletools.it\/fr\/wp-json\/wp\/v2\/product_cat?post=3342"},{"taxonomy":"product_tag","embeddable":true,"href":"https:\/\/staging.ecommerce.tuttocapsuletools.it\/fr\/wp-json\/wp\/v2\/product_tag?post=3342"},{"taxonomy":"product_family","embeddable":true,"href":"https:\/\/staging.ecommerce.tuttocapsuletools.it\/fr\/wp-json\/wp\/v2\/product_family?post=3342"},{"taxonomy":"product_group","embeddable":true,"href":"https:\/\/staging.ecommerce.tuttocapsuletools.it\/fr\/wp-json\/wp\/v2\/product_group?post=3342"},{"taxonomy":"product_class","embeddable":true,"href":"https:\/\/staging.ecommerce.tuttocapsuletools.it\/fr\/wp-json\/wp\/v2\/product_class?post=3342"}],"curies":[{"name":"wp","href":"https:\/\/api.w.org\/{rel}","templated":true}]}}