{"id":3352,"date":"2026-01-17T18:22:35","date_gmt":"2026-01-17T17:22:35","guid":{"rendered":"https:\/\/staging.ecommerce.tuttocapsuletools.it\/prodotto\/covim-a-modo-mio-caffe-ora-gold-arabica-honduras-conf-48-box-2\/"},"modified":"2026-04-16T00:08:05","modified_gmt":"2026-04-15T22:08:05","slug":"covim-a-modo-mio-caffe-ora-gold-arabica-honduras-conf-48-box-2","status":"publish","type":"product","link":"https:\/\/staging.ecommerce.tuttocapsuletools.it\/fr\/prodotto\/covim-a-modo-mio-caffe-ora-gold-arabica-honduras-conf-48-box-2\/","title":{"rendered":"Covim Ora Gold Arabica 48 capsule"},"content":{"rendered":"<p>S\u00e9lection de qualit\u00e9 d&rsquo;Arabica pour le syst\u00e8me A Modo Mio. Un caf\u00e9 \u00e0 l&rsquo;ar\u00f4me noble et parfum\u00e9 avec une acidit\u00e9 douce, parfait pour ceux qui recherchent l&rsquo;\u00e9l\u00e9gance d&rsquo;un espresso sup\u00e9rieur.<\/p>\n","protected":false},"excerpt":{"rendered":"<p>Paquet de 48 capsules<br \/>\nCompatible avec Lavazza A Modo Mio<\/p>\n","protected":false},"featured_media":1273,"comment_status":"open","ping_status":"closed","template":"","meta":{"_acf_changed":false},"product_brand":[349],"product_cat":[329,320],"product_tag":[],"product_family":[],"product_group":[],"product_class":[],"class_list":{"0":"post-3352","1":"product","2":"type-product","3":"status-publish","4":"has-post-thumbnail","6":"product_brand-covim","7":"product_cat-amm","8":"product_cat-caf","10":"first","11":"instock","12":"shipping-taxable","13":"purchasable","14":"product-type-simple"},"acf":[],"_links":{"self":[{"href":"https:\/\/staging.ecommerce.tuttocapsuletools.it\/fr\/wp-json\/wp\/v2\/product\/3352","targetHints":{"allow":["GET"]}}],"collection":[{"href":"https:\/\/staging.ecommerce.tuttocapsuletools.it\/fr\/wp-json\/wp\/v2\/product"}],"about":[{"href":"https:\/\/staging.ecommerce.tuttocapsuletools.it\/fr\/wp-json\/wp\/v2\/types\/product"}],"replies":[{"embeddable":true,"href":"https:\/\/staging.ecommerce.tuttocapsuletools.it\/fr\/wp-json\/wp\/v2\/comments?post=3352"}],"wp:featuredmedia":[{"embeddable":true,"href":"https:\/\/staging.ecommerce.tuttocapsuletools.it\/fr\/wp-json\/wp\/v2\/media\/1273"}],"wp:attachment":[{"href":"https:\/\/staging.ecommerce.tuttocapsuletools.it\/fr\/wp-json\/wp\/v2\/media?parent=3352"}],"wp:term":[{"taxonomy":"product_brand","embeddable":true,"href":"https:\/\/staging.ecommerce.tuttocapsuletools.it\/fr\/wp-json\/wp\/v2\/product_brand?post=3352"},{"taxonomy":"product_cat","embeddable":true,"href":"https:\/\/staging.ecommerce.tuttocapsuletools.it\/fr\/wp-json\/wp\/v2\/product_cat?post=3352"},{"taxonomy":"product_tag","embeddable":true,"href":"https:\/\/staging.ecommerce.tuttocapsuletools.it\/fr\/wp-json\/wp\/v2\/product_tag?post=3352"},{"taxonomy":"product_family","embeddable":true,"href":"https:\/\/staging.ecommerce.tuttocapsuletools.it\/fr\/wp-json\/wp\/v2\/product_family?post=3352"},{"taxonomy":"product_group","embeddable":true,"href":"https:\/\/staging.ecommerce.tuttocapsuletools.it\/fr\/wp-json\/wp\/v2\/product_group?post=3352"},{"taxonomy":"product_class","embeddable":true,"href":"https:\/\/staging.ecommerce.tuttocapsuletools.it\/fr\/wp-json\/wp\/v2\/product_class?post=3352"}],"curies":[{"name":"wp","href":"https:\/\/api.w.org\/{rel}","templated":true}]}}