{"id":3358,"date":"2026-01-30T10:46:04","date_gmt":"2026-01-30T09:46:04","guid":{"rendered":"https:\/\/staging.ecommerce.tuttocapsuletools.it\/prodotto\/covim-dolce-gusto-caffe-gustopiu-granbar-conf-16-box-6-2\/"},"modified":"2026-04-15T20:23:54","modified_gmt":"2026-04-15T18:23:54","slug":"covim-dolce-gusto-caffe-gustopiu-granbar-conf-16-box-6-2","status":"publish","type":"product","link":"https:\/\/staging.ecommerce.tuttocapsuletools.it\/fr\/prodotto\/covim-dolce-gusto-caffe-gustopiu-granbar-conf-16-box-6-2\/","title":{"rendered":"Covim GustoPi\u00f9 Granbar 16 capsule"},"content":{"rendered":"<p>Un caf\u00e9 \u00e9quilibr\u00e9 et parfum\u00e9 en capsules pour Dolce Gusto. Il allie harmonieusement force et douceur, offrant une tasse d&rsquo;espresso \u00e0 la qualit\u00e9 constante et au go\u00fbt rond.<\/p>\n","protected":false},"excerpt":{"rendered":"<p>Paquet de 16 capsules<br \/>\nCompatible avec Nescaf\u00e9 Dolce Gusto<\/p>\n","protected":false},"featured_media":0,"comment_status":"open","ping_status":"closed","template":"","meta":{"_acf_changed":false},"product_brand":[349],"product_cat":[320,333],"product_tag":[],"product_family":[],"product_group":[],"product_class":[],"class_list":{"0":"post-3358","1":"product","2":"type-product","3":"status-publish","5":"product_brand-covim","6":"product_cat-caf","7":"product_cat-d-g","9":"first","10":"instock","11":"shipping-taxable","12":"purchasable","13":"product-type-simple"},"acf":[],"_links":{"self":[{"href":"https:\/\/staging.ecommerce.tuttocapsuletools.it\/fr\/wp-json\/wp\/v2\/product\/3358","targetHints":{"allow":["GET"]}}],"collection":[{"href":"https:\/\/staging.ecommerce.tuttocapsuletools.it\/fr\/wp-json\/wp\/v2\/product"}],"about":[{"href":"https:\/\/staging.ecommerce.tuttocapsuletools.it\/fr\/wp-json\/wp\/v2\/types\/product"}],"replies":[{"embeddable":true,"href":"https:\/\/staging.ecommerce.tuttocapsuletools.it\/fr\/wp-json\/wp\/v2\/comments?post=3358"}],"wp:attachment":[{"href":"https:\/\/staging.ecommerce.tuttocapsuletools.it\/fr\/wp-json\/wp\/v2\/media?parent=3358"}],"wp:term":[{"taxonomy":"product_brand","embeddable":true,"href":"https:\/\/staging.ecommerce.tuttocapsuletools.it\/fr\/wp-json\/wp\/v2\/product_brand?post=3358"},{"taxonomy":"product_cat","embeddable":true,"href":"https:\/\/staging.ecommerce.tuttocapsuletools.it\/fr\/wp-json\/wp\/v2\/product_cat?post=3358"},{"taxonomy":"product_tag","embeddable":true,"href":"https:\/\/staging.ecommerce.tuttocapsuletools.it\/fr\/wp-json\/wp\/v2\/product_tag?post=3358"},{"taxonomy":"product_family","embeddable":true,"href":"https:\/\/staging.ecommerce.tuttocapsuletools.it\/fr\/wp-json\/wp\/v2\/product_family?post=3358"},{"taxonomy":"product_group","embeddable":true,"href":"https:\/\/staging.ecommerce.tuttocapsuletools.it\/fr\/wp-json\/wp\/v2\/product_group?post=3358"},{"taxonomy":"product_class","embeddable":true,"href":"https:\/\/staging.ecommerce.tuttocapsuletools.it\/fr\/wp-json\/wp\/v2\/product_class?post=3358"}],"curies":[{"name":"wp","href":"https:\/\/api.w.org\/{rel}","templated":true}]}}