{"id":3366,"date":"2026-01-17T18:22:38","date_gmt":"2026-01-17T17:22:38","guid":{"rendered":"https:\/\/staging.ecommerce.tuttocapsuletools.it\/prodotto\/covim-nespresso-caffe-granbar-conf-30-box-4\/"},"modified":"2026-04-15T18:53:01","modified_gmt":"2026-04-15T16:53:01","slug":"covim-nespresso-caffe-granbar-conf-30-box-4","status":"publish","type":"product","link":"https:\/\/staging.ecommerce.tuttocapsuletools.it\/fr\/prodotto\/covim-nespresso-caffe-granbar-conf-30-box-4\/","title":{"rendered":"Covim Granbar 30 capsule"},"content":{"rendered":"<p>M\u00e9lange harmonieux en capsules d&rsquo;aluminium compatibles Nespresso. Un caf\u00e9 \u00e0 l&rsquo;ar\u00f4me persistant et au go\u00fbt \u00e9quilibr\u00e9, id\u00e9al pour une pause de pur plaisir quotidien en format premium.<\/p>\n","protected":false},"excerpt":{"rendered":"<p>Paquet de 30 capsules<br \/>\nCapsules en aluminium<br \/>\nCompatible avec Nespresso<\/p>\n","protected":false},"featured_media":1281,"comment_status":"open","ping_status":"closed","template":"","meta":{"_acf_changed":false},"product_brand":[349],"product_cat":[320,335],"product_tag":[],"product_family":[],"product_group":[],"product_class":[],"class_list":{"0":"post-3366","1":"product","2":"type-product","3":"status-publish","4":"has-post-thumbnail","6":"product_brand-covim","7":"product_cat-caf","8":"product_cat-nes","10":"first","11":"instock","12":"shipping-taxable","13":"purchasable","14":"product-type-simple"},"acf":[],"_links":{"self":[{"href":"https:\/\/staging.ecommerce.tuttocapsuletools.it\/fr\/wp-json\/wp\/v2\/product\/3366","targetHints":{"allow":["GET"]}}],"collection":[{"href":"https:\/\/staging.ecommerce.tuttocapsuletools.it\/fr\/wp-json\/wp\/v2\/product"}],"about":[{"href":"https:\/\/staging.ecommerce.tuttocapsuletools.it\/fr\/wp-json\/wp\/v2\/types\/product"}],"replies":[{"embeddable":true,"href":"https:\/\/staging.ecommerce.tuttocapsuletools.it\/fr\/wp-json\/wp\/v2\/comments?post=3366"}],"wp:featuredmedia":[{"embeddable":true,"href":"https:\/\/staging.ecommerce.tuttocapsuletools.it\/fr\/wp-json\/wp\/v2\/media\/1281"}],"wp:attachment":[{"href":"https:\/\/staging.ecommerce.tuttocapsuletools.it\/fr\/wp-json\/wp\/v2\/media?parent=3366"}],"wp:term":[{"taxonomy":"product_brand","embeddable":true,"href":"https:\/\/staging.ecommerce.tuttocapsuletools.it\/fr\/wp-json\/wp\/v2\/product_brand?post=3366"},{"taxonomy":"product_cat","embeddable":true,"href":"https:\/\/staging.ecommerce.tuttocapsuletools.it\/fr\/wp-json\/wp\/v2\/product_cat?post=3366"},{"taxonomy":"product_tag","embeddable":true,"href":"https:\/\/staging.ecommerce.tuttocapsuletools.it\/fr\/wp-json\/wp\/v2\/product_tag?post=3366"},{"taxonomy":"product_family","embeddable":true,"href":"https:\/\/staging.ecommerce.tuttocapsuletools.it\/fr\/wp-json\/wp\/v2\/product_family?post=3366"},{"taxonomy":"product_group","embeddable":true,"href":"https:\/\/staging.ecommerce.tuttocapsuletools.it\/fr\/wp-json\/wp\/v2\/product_group?post=3366"},{"taxonomy":"product_class","embeddable":true,"href":"https:\/\/staging.ecommerce.tuttocapsuletools.it\/fr\/wp-json\/wp\/v2\/product_class?post=3366"}],"curies":[{"name":"wp","href":"https:\/\/api.w.org\/{rel}","templated":true}]}}