{"id":3428,"date":"2026-01-17T18:23:39","date_gmt":"2026-01-17T17:23:39","guid":{"rendered":"https:\/\/staging.ecommerce.tuttocapsuletools.it\/prodotto\/hag-nespresso-decaffeinato-classico-decaffeinato-conf-10-box-10\/"},"modified":"2026-04-02T11:57:54","modified_gmt":"2026-04-02T09:57:54","slug":"hag-nespresso-decaffeinato-classico-decaffeinato-conf-10-box-10","status":"publish","type":"product","link":"https:\/\/staging.ecommerce.tuttocapsuletools.it\/fr\/prodotto\/hag-nespresso-decaffeinato-classico-decaffeinato-conf-10-box-10\/","title":{"rendered":"HAG Nesp Classico Decaffeinato Conf.10"},"content":{"rendered":"<p>Caratteristiche:<br \/> capsule compatibili con sistema Nespresso \u00ae*<br \/>20 confezioni da 10 capsule<br \/> Intensit\u00e0 6<\/p>\n","protected":false},"excerpt":{"rendered":"<p>20 box di Caff\u00e8 Hag Decaffeinato in confezioni da 10 capsule per macchine Nespresso \u00ae*. Intensit\u00e0 6. Un caff\u00e8 dal gusto delicato e dalla corposit\u00e0 raffinata per un espresso unico, impreziosito da note di cacao e frutti di bosco. Sorprendente per la sua cremosit\u00e0, un\u2019esperienza unica di aromi e sapori. Non un decaffeinato, ma IL Decaffeinato.<\/p>\n","protected":false},"featured_media":1334,"comment_status":"open","ping_status":"closed","template":"","meta":{"_acf_changed":false},"product_brand":[357],"product_cat":[321,335],"product_tag":[],"product_family":[],"product_group":[],"product_class":[],"class_list":{"0":"post-3428","1":"product","2":"type-product","3":"status-publish","4":"has-post-thumbnail","6":"product_brand-hag","7":"product_cat-dek","8":"product_cat-nes","10":"first","11":"outofstock","12":"shipping-taxable","13":"purchasable","14":"product-type-simple"},"acf":[],"_links":{"self":[{"href":"https:\/\/staging.ecommerce.tuttocapsuletools.it\/fr\/wp-json\/wp\/v2\/product\/3428","targetHints":{"allow":["GET"]}}],"collection":[{"href":"https:\/\/staging.ecommerce.tuttocapsuletools.it\/fr\/wp-json\/wp\/v2\/product"}],"about":[{"href":"https:\/\/staging.ecommerce.tuttocapsuletools.it\/fr\/wp-json\/wp\/v2\/types\/product"}],"replies":[{"embeddable":true,"href":"https:\/\/staging.ecommerce.tuttocapsuletools.it\/fr\/wp-json\/wp\/v2\/comments?post=3428"}],"wp:featuredmedia":[{"embeddable":true,"href":"https:\/\/staging.ecommerce.tuttocapsuletools.it\/fr\/wp-json\/wp\/v2\/media\/1334"}],"wp:attachment":[{"href":"https:\/\/staging.ecommerce.tuttocapsuletools.it\/fr\/wp-json\/wp\/v2\/media?parent=3428"}],"wp:term":[{"taxonomy":"product_brand","embeddable":true,"href":"https:\/\/staging.ecommerce.tuttocapsuletools.it\/fr\/wp-json\/wp\/v2\/product_brand?post=3428"},{"taxonomy":"product_cat","embeddable":true,"href":"https:\/\/staging.ecommerce.tuttocapsuletools.it\/fr\/wp-json\/wp\/v2\/product_cat?post=3428"},{"taxonomy":"product_tag","embeddable":true,"href":"https:\/\/staging.ecommerce.tuttocapsuletools.it\/fr\/wp-json\/wp\/v2\/product_tag?post=3428"},{"taxonomy":"product_family","embeddable":true,"href":"https:\/\/staging.ecommerce.tuttocapsuletools.it\/fr\/wp-json\/wp\/v2\/product_family?post=3428"},{"taxonomy":"product_group","embeddable":true,"href":"https:\/\/staging.ecommerce.tuttocapsuletools.it\/fr\/wp-json\/wp\/v2\/product_group?post=3428"},{"taxonomy":"product_class","embeddable":true,"href":"https:\/\/staging.ecommerce.tuttocapsuletools.it\/fr\/wp-json\/wp\/v2\/product_class?post=3428"}],"curies":[{"name":"wp","href":"https:\/\/api.w.org\/{rel}","templated":true}]}}