{"id":3460,"date":"2026-01-30T10:46:14","date_gmt":"2026-01-30T09:46:14","guid":{"rendered":"https:\/\/staging.ecommerce.tuttocapsuletools.it\/prodotto\/il-gattopardo-dolce-gusto-dek-decaffeinato-conf-16-box-8-2\/"},"modified":"2026-04-15T23:53:16","modified_gmt":"2026-04-15T21:53:16","slug":"il-gattopardo-dolce-gusto-dek-decaffeinato-conf-16-box-8-2","status":"publish","type":"product","link":"https:\/\/staging.ecommerce.tuttocapsuletools.it\/fr\/prodotto\/il-gattopardo-dolce-gusto-dek-decaffeinato-conf-16-box-8-2\/","title":{"rendered":"Il Gattopardo Decaffeinato 16 capsule"},"content":{"rendered":"<p>Dek est un m\u00e9lange de grains Arabica de haute qualit\u00e9 provenant d&rsquo;Am\u00e9rique du Sud et de grains Robusta lav\u00e9s s\u00e9lectionn\u00e9s, qui donne une tasse cr\u00e9meuse et sucr\u00e9e, aussi agr\u00e9able qu&rsquo;un caf\u00e9 non d\u00e9caf\u00e9in\u00e9.<\/p>\n","protected":false},"excerpt":{"rendered":"<p>Bo\u00eete de 8 paquets de 16 capsules<br \/>\nCapsules compatibles Dolce Gusto<br \/>\n\u00c9quilibre entre Arabica et Robusta<\/p>\n","protected":false},"featured_media":0,"comment_status":"open","ping_status":"closed","template":"","meta":{"_acf_changed":false},"product_brand":[358],"product_cat":[321,333],"product_tag":[],"product_family":[],"product_group":[],"product_class":[],"class_list":{"0":"post-3460","1":"product","2":"type-product","3":"status-publish","5":"product_brand-il-gattopardo","6":"product_cat-dek","7":"product_cat-d-g","9":"first","10":"instock","11":"shipping-taxable","12":"purchasable","13":"product-type-simple"},"acf":[],"_links":{"self":[{"href":"https:\/\/staging.ecommerce.tuttocapsuletools.it\/fr\/wp-json\/wp\/v2\/product\/3460","targetHints":{"allow":["GET"]}}],"collection":[{"href":"https:\/\/staging.ecommerce.tuttocapsuletools.it\/fr\/wp-json\/wp\/v2\/product"}],"about":[{"href":"https:\/\/staging.ecommerce.tuttocapsuletools.it\/fr\/wp-json\/wp\/v2\/types\/product"}],"replies":[{"embeddable":true,"href":"https:\/\/staging.ecommerce.tuttocapsuletools.it\/fr\/wp-json\/wp\/v2\/comments?post=3460"}],"wp:attachment":[{"href":"https:\/\/staging.ecommerce.tuttocapsuletools.it\/fr\/wp-json\/wp\/v2\/media?parent=3460"}],"wp:term":[{"taxonomy":"product_brand","embeddable":true,"href":"https:\/\/staging.ecommerce.tuttocapsuletools.it\/fr\/wp-json\/wp\/v2\/product_brand?post=3460"},{"taxonomy":"product_cat","embeddable":true,"href":"https:\/\/staging.ecommerce.tuttocapsuletools.it\/fr\/wp-json\/wp\/v2\/product_cat?post=3460"},{"taxonomy":"product_tag","embeddable":true,"href":"https:\/\/staging.ecommerce.tuttocapsuletools.it\/fr\/wp-json\/wp\/v2\/product_tag?post=3460"},{"taxonomy":"product_family","embeddable":true,"href":"https:\/\/staging.ecommerce.tuttocapsuletools.it\/fr\/wp-json\/wp\/v2\/product_family?post=3460"},{"taxonomy":"product_group","embeddable":true,"href":"https:\/\/staging.ecommerce.tuttocapsuletools.it\/fr\/wp-json\/wp\/v2\/product_group?post=3460"},{"taxonomy":"product_class","embeddable":true,"href":"https:\/\/staging.ecommerce.tuttocapsuletools.it\/fr\/wp-json\/wp\/v2\/product_class?post=3460"}],"curies":[{"name":"wp","href":"https:\/\/api.w.org\/{rel}","templated":true}]}}