{"id":3518,"date":"2026-01-17T18:24:44","date_gmt":"2026-01-17T17:24:44","guid":{"rendered":"https:\/\/staging.ecommerce.tuttocapsuletools.it\/prodotto\/illy-illy-iperesp-caffe-etiopia-conf-18-box-6\/"},"modified":"2026-04-15T18:53:19","modified_gmt":"2026-04-15T16:53:19","slug":"illy-illy-iperesp-caffe-etiopia-conf-18-box-6","status":"publish","type":"product","link":"https:\/\/staging.ecommerce.tuttocapsuletools.it\/fr\/prodotto\/illy-illy-iperesp-caffe-etiopia-conf-18-box-6\/","title":{"rendered":"Illy Etiopia &#8211; Ctiopia 18 capsule"},"content":{"rendered":"<p>Un caf\u00e9 au go\u00fbt d\u00e9licat et au corps brillant, qui pousse spontan\u00e9ment. Il offre une exp\u00e9rience sensorielle unique avec de fines notes florales de jasmin, de fleur d&rsquo;oranger et de camomille.<\/p>\n","protected":false},"excerpt":{"rendered":"<p>Paquet de 18 capsules<br \/>\nCompatible avec les machines Illy Iperespresso<br \/>\n100% arabica mono-origine \u00c9thiopie<br \/>\nNotes aromatiques : florales de jasmin, fleurs d&rsquo;oranger et camomille<\/p>\n","protected":false},"featured_media":1402,"comment_status":"open","ping_status":"closed","template":"","meta":{"_acf_changed":false},"product_brand":[359],"product_cat":[320,360],"product_tag":[],"product_family":[],"product_group":[],"product_class":[],"class_list":{"0":"post-3518","1":"product","2":"type-product","3":"status-publish","4":"has-post-thumbnail","6":"product_brand-illy","7":"product_cat-caf","8":"product_cat-ill","10":"first","11":"instock","12":"shipping-taxable","13":"purchasable","14":"product-type-simple"},"acf":[],"_links":{"self":[{"href":"https:\/\/staging.ecommerce.tuttocapsuletools.it\/fr\/wp-json\/wp\/v2\/product\/3518","targetHints":{"allow":["GET"]}}],"collection":[{"href":"https:\/\/staging.ecommerce.tuttocapsuletools.it\/fr\/wp-json\/wp\/v2\/product"}],"about":[{"href":"https:\/\/staging.ecommerce.tuttocapsuletools.it\/fr\/wp-json\/wp\/v2\/types\/product"}],"replies":[{"embeddable":true,"href":"https:\/\/staging.ecommerce.tuttocapsuletools.it\/fr\/wp-json\/wp\/v2\/comments?post=3518"}],"wp:featuredmedia":[{"embeddable":true,"href":"https:\/\/staging.ecommerce.tuttocapsuletools.it\/fr\/wp-json\/wp\/v2\/media\/1402"}],"wp:attachment":[{"href":"https:\/\/staging.ecommerce.tuttocapsuletools.it\/fr\/wp-json\/wp\/v2\/media?parent=3518"}],"wp:term":[{"taxonomy":"product_brand","embeddable":true,"href":"https:\/\/staging.ecommerce.tuttocapsuletools.it\/fr\/wp-json\/wp\/v2\/product_brand?post=3518"},{"taxonomy":"product_cat","embeddable":true,"href":"https:\/\/staging.ecommerce.tuttocapsuletools.it\/fr\/wp-json\/wp\/v2\/product_cat?post=3518"},{"taxonomy":"product_tag","embeddable":true,"href":"https:\/\/staging.ecommerce.tuttocapsuletools.it\/fr\/wp-json\/wp\/v2\/product_tag?post=3518"},{"taxonomy":"product_family","embeddable":true,"href":"https:\/\/staging.ecommerce.tuttocapsuletools.it\/fr\/wp-json\/wp\/v2\/product_family?post=3518"},{"taxonomy":"product_group","embeddable":true,"href":"https:\/\/staging.ecommerce.tuttocapsuletools.it\/fr\/wp-json\/wp\/v2\/product_group?post=3518"},{"taxonomy":"product_class","embeddable":true,"href":"https:\/\/staging.ecommerce.tuttocapsuletools.it\/fr\/wp-json\/wp\/v2\/product_class?post=3518"}],"curies":[{"name":"wp","href":"https:\/\/api.w.org\/{rel}","templated":true}]}}