{"id":3542,"date":"2026-01-17T18:24:49","date_gmt":"2026-01-17T17:24:49","guid":{"rendered":"https:\/\/staging.ecommerce.tuttocapsuletools.it\/prodotto\/illy-macinato-caffe-macinato-decaffeinato-250-gr-box-12\/"},"modified":"2026-04-16T00:08:27","modified_gmt":"2026-04-15T22:08:27","slug":"illy-macinato-caffe-macinato-decaffeinato-250-gr-box-12","status":"publish","type":"product","link":"https:\/\/staging.ecommerce.tuttocapsuletools.it\/fr\/prodotto\/illy-macinato-caffe-macinato-decaffeinato-250-gr-box-12\/","title":{"rendered":"Illy Decaffeinato 250 gr"},"content":{"rendered":"<p>Tout le go\u00fbt et l&rsquo;ar\u00f4me du m\u00e9lange illy avec une teneur en caf\u00e9ine inf\u00e9rieure \u00e0 0,05 %. Il pr\u00e9sente un profil \u00e9quilibr\u00e9 avec de douces notes de caramel, de chocolat et de pain grill\u00e9.<\/p>\n","protected":false},"excerpt":{"rendered":"<p>Paquet de 250 grammes<br \/>\nCaf\u00e9 moulu<br \/>\nM\u00e9lange 100% arabica<br \/>\nNotes aromatiques : caramel, chocolat, pain grill\u00e9 et un arri\u00e8re-go\u00fbt doux.<\/p>\n","protected":false},"featured_media":1425,"comment_status":"open","ping_status":"closed","template":"","meta":{"_acf_changed":false},"product_brand":[359],"product_cat":[321,325],"product_tag":[],"product_family":[],"product_group":[],"product_class":[],"class_list":{"0":"post-3542","1":"product","2":"type-product","3":"status-publish","4":"has-post-thumbnail","6":"product_brand-illy","7":"product_cat-dek","8":"product_cat-mcn","10":"first","11":"instock","12":"shipping-taxable","13":"purchasable","14":"product-type-simple"},"acf":[],"_links":{"self":[{"href":"https:\/\/staging.ecommerce.tuttocapsuletools.it\/fr\/wp-json\/wp\/v2\/product\/3542","targetHints":{"allow":["GET"]}}],"collection":[{"href":"https:\/\/staging.ecommerce.tuttocapsuletools.it\/fr\/wp-json\/wp\/v2\/product"}],"about":[{"href":"https:\/\/staging.ecommerce.tuttocapsuletools.it\/fr\/wp-json\/wp\/v2\/types\/product"}],"replies":[{"embeddable":true,"href":"https:\/\/staging.ecommerce.tuttocapsuletools.it\/fr\/wp-json\/wp\/v2\/comments?post=3542"}],"wp:featuredmedia":[{"embeddable":true,"href":"https:\/\/staging.ecommerce.tuttocapsuletools.it\/fr\/wp-json\/wp\/v2\/media\/1425"}],"wp:attachment":[{"href":"https:\/\/staging.ecommerce.tuttocapsuletools.it\/fr\/wp-json\/wp\/v2\/media?parent=3542"}],"wp:term":[{"taxonomy":"product_brand","embeddable":true,"href":"https:\/\/staging.ecommerce.tuttocapsuletools.it\/fr\/wp-json\/wp\/v2\/product_brand?post=3542"},{"taxonomy":"product_cat","embeddable":true,"href":"https:\/\/staging.ecommerce.tuttocapsuletools.it\/fr\/wp-json\/wp\/v2\/product_cat?post=3542"},{"taxonomy":"product_tag","embeddable":true,"href":"https:\/\/staging.ecommerce.tuttocapsuletools.it\/fr\/wp-json\/wp\/v2\/product_tag?post=3542"},{"taxonomy":"product_family","embeddable":true,"href":"https:\/\/staging.ecommerce.tuttocapsuletools.it\/fr\/wp-json\/wp\/v2\/product_family?post=3542"},{"taxonomy":"product_group","embeddable":true,"href":"https:\/\/staging.ecommerce.tuttocapsuletools.it\/fr\/wp-json\/wp\/v2\/product_group?post=3542"},{"taxonomy":"product_class","embeddable":true,"href":"https:\/\/staging.ecommerce.tuttocapsuletools.it\/fr\/wp-json\/wp\/v2\/product_class?post=3542"}],"curies":[{"name":"wp","href":"https:\/\/api.w.org\/{rel}","templated":true}]}}