{"id":3568,"date":"2026-01-30T10:46:27","date_gmt":"2026-01-30T09:46:27","guid":{"rendered":"https:\/\/staging.ecommerce.tuttocapsuletools.it\/prodotto\/italfoods-a-modo-mio-solubile-creme-brulee-conf-12-box-8-2\/"},"modified":"2026-04-16T00:23:27","modified_gmt":"2026-04-15T22:23:27","slug":"italfoods-a-modo-mio-solubile-creme-brulee-conf-12-box-8-2","status":"publish","type":"product","link":"https:\/\/staging.ecommerce.tuttocapsuletools.it\/fr\/prodotto\/italfoods-a-modo-mio-solubile-creme-brulee-conf-12-box-8-2\/","title":{"rendered":"DolceVita Cr\u00e8me Brul\u00e8e 12 capsule"},"content":{"rendered":"<p>Boisson instantan\u00e9e au go\u00fbt de cr\u00e8me br\u00fbl\u00e9e : tout le plaisir du c\u00e9l\u00e8bre dessert fran\u00e7ais. Une saveur enveloppante de cr\u00e8me et de sucre caram\u00e9lis\u00e9<\/p>\n","protected":false},"excerpt":{"rendered":"<p>Contient 10 capsules A Modo Mio.<br \/>\nBoisson instantan\u00e9e Cr\u00e8me br\u00fbl\u00e9e.<br \/>\nCompatible avec les machines A Modo Mio.<br \/>\nDosage recommand\u00e9 : 90 ml.<\/p>\n","protected":false},"featured_media":0,"comment_status":"open","ping_status":"closed","template":"","meta":{"_acf_changed":false},"product_brand":[362],"product_cat":[329,322],"product_tag":[],"product_family":[],"product_group":[],"product_class":[],"class_list":{"0":"post-3568","1":"product","2":"type-product","3":"status-publish","5":"product_brand-italfoods","6":"product_cat-amm","7":"product_cat-sol","9":"first","10":"instock","11":"shipping-taxable","12":"purchasable","13":"product-type-simple"},"acf":[],"_links":{"self":[{"href":"https:\/\/staging.ecommerce.tuttocapsuletools.it\/fr\/wp-json\/wp\/v2\/product\/3568","targetHints":{"allow":["GET"]}}],"collection":[{"href":"https:\/\/staging.ecommerce.tuttocapsuletools.it\/fr\/wp-json\/wp\/v2\/product"}],"about":[{"href":"https:\/\/staging.ecommerce.tuttocapsuletools.it\/fr\/wp-json\/wp\/v2\/types\/product"}],"replies":[{"embeddable":true,"href":"https:\/\/staging.ecommerce.tuttocapsuletools.it\/fr\/wp-json\/wp\/v2\/comments?post=3568"}],"wp:attachment":[{"href":"https:\/\/staging.ecommerce.tuttocapsuletools.it\/fr\/wp-json\/wp\/v2\/media?parent=3568"}],"wp:term":[{"taxonomy":"product_brand","embeddable":true,"href":"https:\/\/staging.ecommerce.tuttocapsuletools.it\/fr\/wp-json\/wp\/v2\/product_brand?post=3568"},{"taxonomy":"product_cat","embeddable":true,"href":"https:\/\/staging.ecommerce.tuttocapsuletools.it\/fr\/wp-json\/wp\/v2\/product_cat?post=3568"},{"taxonomy":"product_tag","embeddable":true,"href":"https:\/\/staging.ecommerce.tuttocapsuletools.it\/fr\/wp-json\/wp\/v2\/product_tag?post=3568"},{"taxonomy":"product_family","embeddable":true,"href":"https:\/\/staging.ecommerce.tuttocapsuletools.it\/fr\/wp-json\/wp\/v2\/product_family?post=3568"},{"taxonomy":"product_group","embeddable":true,"href":"https:\/\/staging.ecommerce.tuttocapsuletools.it\/fr\/wp-json\/wp\/v2\/product_group?post=3568"},{"taxonomy":"product_class","embeddable":true,"href":"https:\/\/staging.ecommerce.tuttocapsuletools.it\/fr\/wp-json\/wp\/v2\/product_class?post=3568"}],"curies":[{"name":"wp","href":"https:\/\/api.w.org\/{rel}","templated":true}]}}