{"id":3572,"date":"2026-01-30T10:46:27","date_gmt":"2026-01-30T09:46:27","guid":{"rendered":"https:\/\/staging.ecommerce.tuttocapsuletools.it\/prodotto\/italfoods-a-modo-mio-solubile-ginseng-conf-12-box-8-2\/"},"modified":"2026-04-15T18:53:27","modified_gmt":"2026-04-15T16:53:27","slug":"italfoods-a-modo-mio-solubile-ginseng-conf-12-box-8-2","status":"publish","type":"product","link":"https:\/\/staging.ecommerce.tuttocapsuletools.it\/fr\/prodotto\/italfoods-a-modo-mio-solubile-ginseng-conf-12-box-8-2\/","title":{"rendered":"DolceVita Ginseng 12 capsule"},"content":{"rendered":"<p>\u00c9veillez vos sens gr\u00e2ce \u00e0 l&rsquo;harmonie entre le caf\u00e9 et le pouvoir naturel du ginseng. Une boisson \u00e9nergisante pour un regain de vitalit\u00e9 instantan\u00e9 et un go\u00fbt unique. Votre dose d&rsquo;\u00e9nergie quotidienne.<\/p>\n","protected":false},"excerpt":{"rendered":"<p>Contient 12 capsules A Modo Mio<br \/>\nCaf\u00e9 instantan\u00e9 et boisson au ginseng<br \/>\nCompatible avec les machines A Modo Mio<br \/>\nDosage recommand\u00e9 : 80 ml<\/p>\n","protected":false},"featured_media":0,"comment_status":"open","ping_status":"closed","template":"","meta":{"_acf_changed":false},"product_brand":[362],"product_cat":[329,322],"product_tag":[],"product_family":[],"product_group":[],"product_class":[],"class_list":{"0":"post-3572","1":"product","2":"type-product","3":"status-publish","5":"product_brand-italfoods","6":"product_cat-amm","7":"product_cat-sol","9":"first","10":"instock","11":"shipping-taxable","12":"purchasable","13":"product-type-simple"},"acf":[],"_links":{"self":[{"href":"https:\/\/staging.ecommerce.tuttocapsuletools.it\/fr\/wp-json\/wp\/v2\/product\/3572","targetHints":{"allow":["GET"]}}],"collection":[{"href":"https:\/\/staging.ecommerce.tuttocapsuletools.it\/fr\/wp-json\/wp\/v2\/product"}],"about":[{"href":"https:\/\/staging.ecommerce.tuttocapsuletools.it\/fr\/wp-json\/wp\/v2\/types\/product"}],"replies":[{"embeddable":true,"href":"https:\/\/staging.ecommerce.tuttocapsuletools.it\/fr\/wp-json\/wp\/v2\/comments?post=3572"}],"wp:attachment":[{"href":"https:\/\/staging.ecommerce.tuttocapsuletools.it\/fr\/wp-json\/wp\/v2\/media?parent=3572"}],"wp:term":[{"taxonomy":"product_brand","embeddable":true,"href":"https:\/\/staging.ecommerce.tuttocapsuletools.it\/fr\/wp-json\/wp\/v2\/product_brand?post=3572"},{"taxonomy":"product_cat","embeddable":true,"href":"https:\/\/staging.ecommerce.tuttocapsuletools.it\/fr\/wp-json\/wp\/v2\/product_cat?post=3572"},{"taxonomy":"product_tag","embeddable":true,"href":"https:\/\/staging.ecommerce.tuttocapsuletools.it\/fr\/wp-json\/wp\/v2\/product_tag?post=3572"},{"taxonomy":"product_family","embeddable":true,"href":"https:\/\/staging.ecommerce.tuttocapsuletools.it\/fr\/wp-json\/wp\/v2\/product_family?post=3572"},{"taxonomy":"product_group","embeddable":true,"href":"https:\/\/staging.ecommerce.tuttocapsuletools.it\/fr\/wp-json\/wp\/v2\/product_group?post=3572"},{"taxonomy":"product_class","embeddable":true,"href":"https:\/\/staging.ecommerce.tuttocapsuletools.it\/fr\/wp-json\/wp\/v2\/product_class?post=3572"}],"curies":[{"name":"wp","href":"https:\/\/api.w.org\/{rel}","templated":true}]}}