{"id":3586,"date":"2026-01-30T12:02:48","date_gmt":"2026-01-30T11:02:48","guid":{"rendered":"https:\/\/staging.ecommerce.tuttocapsuletools.it\/prodotto\/italfoods-a-modo-mio-solubile-camomilla-conf-12-box-8-2\/"},"modified":"2026-04-15T18:53:28","modified_gmt":"2026-04-15T16:53:28","slug":"italfoods-a-modo-mio-solubile-camomilla-conf-12-box-8-2","status":"publish","type":"product","link":"https:\/\/staging.ecommerce.tuttocapsuletools.it\/fr\/prodotto\/italfoods-a-modo-mio-solubile-camomilla-conf-12-box-8-2\/","title":{"rendered":"DolceVita Camomilla 12 capsule"},"content":{"rendered":"<p>Red\u00e9couvrez le plaisir du calme avec notre camomille en feuilles. Cette boisson, 100 % naturelle et sans sucres ajout\u00e9s, est un v\u00e9ritable hymne \u00e0 la d\u00e9tente : son infusion dor\u00e9e d\u00e9gage un parfum d\u00e9licat et rassurant, id\u00e9al pour dissiper les tensions de la journ\u00e9e et se pr\u00e9parer \u00e0 un repos serein. Un classique intemporel, pur et authentique, parfait pour ceux qui recherchent un moment de paix v\u00e9ritable et un doux r\u00e9confort pour le corps et l&rsquo;esprit.<\/p>\n","protected":false},"excerpt":{"rendered":"<p>Contient 12 capsules A Modo Mio<br \/>\nBoisson en feuilles \u00e0 base de camomille<br \/>\nSans sucre<br \/>\nCompatible avec les machines A Modo Mio<br \/>\nLongueur conseill\u00e9e : 90 ml<\/p>\n","protected":false},"featured_media":0,"comment_status":"open","ping_status":"closed","template":"","meta":{"_acf_changed":false},"product_brand":[362],"product_cat":[329,322],"product_tag":[],"product_family":[],"product_group":[],"product_class":[],"class_list":{"0":"post-3586","1":"product","2":"type-product","3":"status-publish","5":"product_brand-italfoods","6":"product_cat-amm","7":"product_cat-sol","9":"first","10":"instock","11":"shipping-taxable","12":"purchasable","13":"product-type-simple"},"acf":[],"_links":{"self":[{"href":"https:\/\/staging.ecommerce.tuttocapsuletools.it\/fr\/wp-json\/wp\/v2\/product\/3586","targetHints":{"allow":["GET"]}}],"collection":[{"href":"https:\/\/staging.ecommerce.tuttocapsuletools.it\/fr\/wp-json\/wp\/v2\/product"}],"about":[{"href":"https:\/\/staging.ecommerce.tuttocapsuletools.it\/fr\/wp-json\/wp\/v2\/types\/product"}],"replies":[{"embeddable":true,"href":"https:\/\/staging.ecommerce.tuttocapsuletools.it\/fr\/wp-json\/wp\/v2\/comments?post=3586"}],"wp:attachment":[{"href":"https:\/\/staging.ecommerce.tuttocapsuletools.it\/fr\/wp-json\/wp\/v2\/media?parent=3586"}],"wp:term":[{"taxonomy":"product_brand","embeddable":true,"href":"https:\/\/staging.ecommerce.tuttocapsuletools.it\/fr\/wp-json\/wp\/v2\/product_brand?post=3586"},{"taxonomy":"product_cat","embeddable":true,"href":"https:\/\/staging.ecommerce.tuttocapsuletools.it\/fr\/wp-json\/wp\/v2\/product_cat?post=3586"},{"taxonomy":"product_tag","embeddable":true,"href":"https:\/\/staging.ecommerce.tuttocapsuletools.it\/fr\/wp-json\/wp\/v2\/product_tag?post=3586"},{"taxonomy":"product_family","embeddable":true,"href":"https:\/\/staging.ecommerce.tuttocapsuletools.it\/fr\/wp-json\/wp\/v2\/product_family?post=3586"},{"taxonomy":"product_group","embeddable":true,"href":"https:\/\/staging.ecommerce.tuttocapsuletools.it\/fr\/wp-json\/wp\/v2\/product_group?post=3586"},{"taxonomy":"product_class","embeddable":true,"href":"https:\/\/staging.ecommerce.tuttocapsuletools.it\/fr\/wp-json\/wp\/v2\/product_class?post=3586"}],"curies":[{"name":"wp","href":"https:\/\/api.w.org\/{rel}","templated":true}]}}