{"id":3588,"date":"2026-01-30T10:46:29","date_gmt":"2026-01-30T09:46:29","guid":{"rendered":"https:\/\/staging.ecommerce.tuttocapsuletools.it\/prodotto\/italfoods-a-modo-mio-solubile-orzo-conf-12-box-8-2\/"},"modified":"2026-04-16T03:08:44","modified_gmt":"2026-04-16T01:08:44","slug":"italfoods-a-modo-mio-solubile-orzo-conf-12-box-8-2","status":"publish","type":"product","link":"https:\/\/staging.ecommerce.tuttocapsuletools.it\/fr\/prodotto\/italfoods-a-modo-mio-solubile-orzo-conf-12-box-8-2\/","title":{"rendered":"DolceVita Orzo 12 capsule"},"content":{"rendered":"<p>D\u00e9couvrez le plaisir authentique de l&rsquo;orge \u00e0 l&rsquo;\u00e9tat pur avec cette boisson 100 % naturelle et non sucr\u00e9e. Caract\u00e9ris\u00e9e par un ar\u00f4me torr\u00e9fi\u00e9 et enveloppant, elle repr\u00e9sente le choix d&rsquo;\u00e9lection pour ceux qui d\u00e9sirent une pause r\u00e9g\u00e9n\u00e9rante mais sont intol\u00e9rants \u00e0 la caf\u00e9ine ou pr\u00e9f\u00e8rent l&rsquo;\u00e9viter. Gr\u00e2ce \u00e0 ses propri\u00e9t\u00e9s digestives naturelles et \u00e0 sa faible teneur en mati\u00e8res grasses, c&rsquo;est une alternative au caf\u00e9 polyvalente et saine, parfaite \u00e0 d\u00e9guster \u00e0 tout moment de la journ\u00e9e, du petit-d\u00e9jeuner \u00e0 l&rsquo;apr\u00e8s-d\u00eener. Une boisson au go\u00fbt sinc\u00e8re, con\u00e7ue pour ceux qui aiment prendre soin d&rsquo;eux sans renoncer \u00e0 un rituel chaud et r\u00e9confortant.<\/p>\n","protected":false},"excerpt":{"rendered":"<p>Contient 12 capsules A Modo Mio<br \/>\nBoisson d&rsquo;orge soluble<br \/>\nCompatible avec les machines A Modo Mio<br \/>\nLongueur conseill\u00e9e : 90 ml<\/p>\n","protected":false},"featured_media":0,"comment_status":"open","ping_status":"closed","template":"","meta":{"_acf_changed":false},"product_brand":[362],"product_cat":[329,322],"product_tag":[],"product_family":[],"product_group":[],"product_class":[],"class_list":{"0":"post-3588","1":"product","2":"type-product","3":"status-publish","5":"product_brand-italfoods","6":"product_cat-amm","7":"product_cat-sol","9":"first","10":"instock","11":"shipping-taxable","12":"purchasable","13":"product-type-simple"},"acf":[],"_links":{"self":[{"href":"https:\/\/staging.ecommerce.tuttocapsuletools.it\/fr\/wp-json\/wp\/v2\/product\/3588","targetHints":{"allow":["GET"]}}],"collection":[{"href":"https:\/\/staging.ecommerce.tuttocapsuletools.it\/fr\/wp-json\/wp\/v2\/product"}],"about":[{"href":"https:\/\/staging.ecommerce.tuttocapsuletools.it\/fr\/wp-json\/wp\/v2\/types\/product"}],"replies":[{"embeddable":true,"href":"https:\/\/staging.ecommerce.tuttocapsuletools.it\/fr\/wp-json\/wp\/v2\/comments?post=3588"}],"wp:attachment":[{"href":"https:\/\/staging.ecommerce.tuttocapsuletools.it\/fr\/wp-json\/wp\/v2\/media?parent=3588"}],"wp:term":[{"taxonomy":"product_brand","embeddable":true,"href":"https:\/\/staging.ecommerce.tuttocapsuletools.it\/fr\/wp-json\/wp\/v2\/product_brand?post=3588"},{"taxonomy":"product_cat","embeddable":true,"href":"https:\/\/staging.ecommerce.tuttocapsuletools.it\/fr\/wp-json\/wp\/v2\/product_cat?post=3588"},{"taxonomy":"product_tag","embeddable":true,"href":"https:\/\/staging.ecommerce.tuttocapsuletools.it\/fr\/wp-json\/wp\/v2\/product_tag?post=3588"},{"taxonomy":"product_family","embeddable":true,"href":"https:\/\/staging.ecommerce.tuttocapsuletools.it\/fr\/wp-json\/wp\/v2\/product_family?post=3588"},{"taxonomy":"product_group","embeddable":true,"href":"https:\/\/staging.ecommerce.tuttocapsuletools.it\/fr\/wp-json\/wp\/v2\/product_group?post=3588"},{"taxonomy":"product_class","embeddable":true,"href":"https:\/\/staging.ecommerce.tuttocapsuletools.it\/fr\/wp-json\/wp\/v2\/product_class?post=3588"}],"curies":[{"name":"wp","href":"https:\/\/api.w.org\/{rel}","templated":true}]}}