{"id":3614,"date":"2026-01-30T10:46:31","date_gmt":"2026-01-30T09:46:31","guid":{"rendered":"https:\/\/staging.ecommerce.tuttocapsuletools.it\/prodotto\/italfoods-dolce-gusto-solubile-cappuccino-conf-12-box-6-2\/"},"modified":"2026-04-16T01:38:27","modified_gmt":"2026-04-15T23:38:27","slug":"italfoods-dolce-gusto-solubile-cappuccino-conf-12-box-6-2","status":"publish","type":"product","link":"https:\/\/staging.ecommerce.tuttocapsuletools.it\/fr\/prodotto\/italfoods-dolce-gusto-solubile-cappuccino-conf-12-box-6-2\/","title":{"rendered":"DolceVita Cappuccino 12 capsule"},"content":{"rendered":"<p>Offrez-vous le plaisir d&rsquo;un cappuccino parfait directement chez vous. Cette capsule renferme l&rsquo;\u00e9quilibre id\u00e9al entre un espresso de qualit\u00e9 et une mousse de lait velout\u00e9e. Avec un corps rond et une saveur harmonieuse, chaque gorg\u00e9e lib\u00e8re la douceur du lait qui enveloppe les notes d\u00e9cisives du caf\u00e9. C&rsquo;est la boisson id\u00e9ale pour commencer la journ\u00e9e du bon pied ou pour s&rsquo;accorder une pause gourmande et r\u00e9g\u00e9n\u00e9rante, pr\u00eate en quelques instants et avec une consistance incroyablement moelleuse.<\/p>\n","protected":false},"excerpt":{"rendered":"<p>Contient 12 capsules Dolce Gusto<br \/>\nBoisson soluble au caf\u00e9 et au lait<br \/>\nCompatible avec les machines Dolce Gusto<br \/>\nLongueur conseill\u00e9e : 150 ml (4\/5 niveaux)<\/p>\n","protected":false},"featured_media":0,"comment_status":"open","ping_status":"closed","template":"","meta":{"_acf_changed":false},"product_brand":[362],"product_cat":[333,322],"product_tag":[],"product_family":[],"product_group":[],"product_class":[],"class_list":{"0":"post-3614","1":"product","2":"type-product","3":"status-publish","5":"product_brand-italfoods","6":"product_cat-d-g","7":"product_cat-sol","9":"first","10":"instock","11":"shipping-taxable","12":"purchasable","13":"product-type-simple"},"acf":[],"_links":{"self":[{"href":"https:\/\/staging.ecommerce.tuttocapsuletools.it\/fr\/wp-json\/wp\/v2\/product\/3614","targetHints":{"allow":["GET"]}}],"collection":[{"href":"https:\/\/staging.ecommerce.tuttocapsuletools.it\/fr\/wp-json\/wp\/v2\/product"}],"about":[{"href":"https:\/\/staging.ecommerce.tuttocapsuletools.it\/fr\/wp-json\/wp\/v2\/types\/product"}],"replies":[{"embeddable":true,"href":"https:\/\/staging.ecommerce.tuttocapsuletools.it\/fr\/wp-json\/wp\/v2\/comments?post=3614"}],"wp:attachment":[{"href":"https:\/\/staging.ecommerce.tuttocapsuletools.it\/fr\/wp-json\/wp\/v2\/media?parent=3614"}],"wp:term":[{"taxonomy":"product_brand","embeddable":true,"href":"https:\/\/staging.ecommerce.tuttocapsuletools.it\/fr\/wp-json\/wp\/v2\/product_brand?post=3614"},{"taxonomy":"product_cat","embeddable":true,"href":"https:\/\/staging.ecommerce.tuttocapsuletools.it\/fr\/wp-json\/wp\/v2\/product_cat?post=3614"},{"taxonomy":"product_tag","embeddable":true,"href":"https:\/\/staging.ecommerce.tuttocapsuletools.it\/fr\/wp-json\/wp\/v2\/product_tag?post=3614"},{"taxonomy":"product_family","embeddable":true,"href":"https:\/\/staging.ecommerce.tuttocapsuletools.it\/fr\/wp-json\/wp\/v2\/product_family?post=3614"},{"taxonomy":"product_group","embeddable":true,"href":"https:\/\/staging.ecommerce.tuttocapsuletools.it\/fr\/wp-json\/wp\/v2\/product_group?post=3614"},{"taxonomy":"product_class","embeddable":true,"href":"https:\/\/staging.ecommerce.tuttocapsuletools.it\/fr\/wp-json\/wp\/v2\/product_class?post=3614"}],"curies":[{"name":"wp","href":"https:\/\/api.w.org\/{rel}","templated":true}]}}