{"id":3630,"date":"2026-01-30T10:46:33","date_gmt":"2026-01-30T09:46:33","guid":{"rendered":"https:\/\/staging.ecommerce.tuttocapsuletools.it\/prodotto\/italfoods-dolce-gusto-solubile-cioccomenta-conf-12-box-6-2\/"},"modified":"2026-04-15T23:53:35","modified_gmt":"2026-04-15T21:53:35","slug":"italfoods-dolce-gusto-solubile-cioccomenta-conf-12-box-6-2","status":"publish","type":"product","link":"https:\/\/staging.ecommerce.tuttocapsuletools.it\/fr\/prodotto\/italfoods-dolce-gusto-solubile-cioccomenta-conf-12-box-6-2\/","title":{"rendered":"DolceVita Cioccomenta 12 capsule"},"content":{"rendered":"<p>Laissez-vous surprendre par une rencontre de saveurs inspir\u00e9e de la plus c\u00e9l\u00e8bre tradition de la confiserie anglaise. Dans cette boisson, l&rsquo;intensit\u00e9 du caf\u00e9 se marie \u00e0 la douceur du chocolat, avant de laisser place \u00e0 la note vive et balsamique de la menthe. Un \u00e9quilibre parfait entre chaleur et fra\u00eecheur, capable d&rsquo;offrir une exp\u00e9rience sensorielle sophistiqu\u00e9e et enveloppante. C&rsquo;est le choix id\u00e9al pour ceux qui recherchent une pause originale et gourmande, rappelant le go\u00fbt incomparable des fameux chocolats \u00ab\u00a0apr\u00e8s d\u00eener\u00a0\u00bb.<\/p>\n","protected":false},"excerpt":{"rendered":"<p>Contient 12 capsules Dolce Gusto<br \/>\nBoisson soluble au caf\u00e9, chocolat et menthe<br \/>\nCompatible avec les machines Dolce Gusto<br \/>\nLongueur conseill\u00e9e : 150 ml (4\/5 niveaux)<\/p>\n","protected":false},"featured_media":0,"comment_status":"open","ping_status":"closed","template":"","meta":{"_acf_changed":false},"product_brand":[362],"product_cat":[333,322],"product_tag":[],"product_family":[],"product_group":[],"product_class":[],"class_list":{"0":"post-3630","1":"product","2":"type-product","3":"status-publish","5":"product_brand-italfoods","6":"product_cat-d-g","7":"product_cat-sol","9":"first","10":"instock","11":"shipping-taxable","12":"purchasable","13":"product-type-simple"},"acf":[],"_links":{"self":[{"href":"https:\/\/staging.ecommerce.tuttocapsuletools.it\/fr\/wp-json\/wp\/v2\/product\/3630","targetHints":{"allow":["GET"]}}],"collection":[{"href":"https:\/\/staging.ecommerce.tuttocapsuletools.it\/fr\/wp-json\/wp\/v2\/product"}],"about":[{"href":"https:\/\/staging.ecommerce.tuttocapsuletools.it\/fr\/wp-json\/wp\/v2\/types\/product"}],"replies":[{"embeddable":true,"href":"https:\/\/staging.ecommerce.tuttocapsuletools.it\/fr\/wp-json\/wp\/v2\/comments?post=3630"}],"wp:attachment":[{"href":"https:\/\/staging.ecommerce.tuttocapsuletools.it\/fr\/wp-json\/wp\/v2\/media?parent=3630"}],"wp:term":[{"taxonomy":"product_brand","embeddable":true,"href":"https:\/\/staging.ecommerce.tuttocapsuletools.it\/fr\/wp-json\/wp\/v2\/product_brand?post=3630"},{"taxonomy":"product_cat","embeddable":true,"href":"https:\/\/staging.ecommerce.tuttocapsuletools.it\/fr\/wp-json\/wp\/v2\/product_cat?post=3630"},{"taxonomy":"product_tag","embeddable":true,"href":"https:\/\/staging.ecommerce.tuttocapsuletools.it\/fr\/wp-json\/wp\/v2\/product_tag?post=3630"},{"taxonomy":"product_family","embeddable":true,"href":"https:\/\/staging.ecommerce.tuttocapsuletools.it\/fr\/wp-json\/wp\/v2\/product_family?post=3630"},{"taxonomy":"product_group","embeddable":true,"href":"https:\/\/staging.ecommerce.tuttocapsuletools.it\/fr\/wp-json\/wp\/v2\/product_group?post=3630"},{"taxonomy":"product_class","embeddable":true,"href":"https:\/\/staging.ecommerce.tuttocapsuletools.it\/fr\/wp-json\/wp\/v2\/product_class?post=3630"}],"curies":[{"name":"wp","href":"https:\/\/api.w.org\/{rel}","templated":true}]}}