{"id":3640,"date":"2026-01-30T10:46:34","date_gmt":"2026-01-30T09:46:34","guid":{"rendered":"https:\/\/staging.ecommerce.tuttocapsuletools.it\/prodotto\/italfoods-dolce-gusto-solubile-zenzero-e-limone-conf-12-box-6-2\/"},"modified":"2026-04-16T00:08:38","modified_gmt":"2026-04-15T22:08:38","slug":"italfoods-dolce-gusto-solubile-zenzero-e-limone-conf-12-box-6-2","status":"publish","type":"product","link":"https:\/\/staging.ecommerce.tuttocapsuletools.it\/fr\/prodotto\/italfoods-dolce-gusto-solubile-zenzero-e-limone-conf-12-box-6-2\/","title":{"rendered":"DolceVita Zenzero e Limone 12 capsule"},"content":{"rendered":"<p>Laissez-vous r\u00e9g\u00e9n\u00e9rer par la force naturelle de notre boisson \u00e0 base de feuilles de gingembre et de citron. Un m\u00e9lange pur, con\u00e7u pour ceux qui recherchent un bien-\u00eatre authentique sans compromis : la chaleur l\u00e9g\u00e8rement piquante de la racine de gingembre se marie \u00e0 la fra\u00eecheur vive du citron, cr\u00e9ant un mariage parfait pour \u00e9veiller les sens et favoriser la digestion. Compl\u00e8tement exempte de sucres, cette boisson est l&rsquo;alli\u00e9e id\u00e9ale pour une pause d\u00e9tox \u00e0 tout moment de la journ\u00e9e, excellente \u00e0 siroter chaude pour un effet r\u00e9confortant ou froide pour un regain d&rsquo;\u00e9nergie naturelle.<\/p>\n","protected":false},"excerpt":{"rendered":"<p>Contient 12 capsules Dolce Gusto<br \/>\nBoisson \u00e0 base de feuilles de gingembre et de citron<br \/>\nSans sucre<br \/>\nCompatible avec les machines Dolce Gusto<br \/>\nLongueur conseill\u00e9e : 120 ml (3\/4 niveaux)<\/p>\n","protected":false},"featured_media":0,"comment_status":"open","ping_status":"closed","template":"","meta":{"_acf_changed":false},"product_brand":[362],"product_cat":[333,322],"product_tag":[],"product_family":[],"product_group":[],"product_class":[],"class_list":{"0":"post-3640","1":"product","2":"type-product","3":"status-publish","5":"product_brand-italfoods","6":"product_cat-d-g","7":"product_cat-sol","9":"first","10":"instock","11":"shipping-taxable","12":"purchasable","13":"product-type-simple"},"acf":[],"_links":{"self":[{"href":"https:\/\/staging.ecommerce.tuttocapsuletools.it\/fr\/wp-json\/wp\/v2\/product\/3640","targetHints":{"allow":["GET"]}}],"collection":[{"href":"https:\/\/staging.ecommerce.tuttocapsuletools.it\/fr\/wp-json\/wp\/v2\/product"}],"about":[{"href":"https:\/\/staging.ecommerce.tuttocapsuletools.it\/fr\/wp-json\/wp\/v2\/types\/product"}],"replies":[{"embeddable":true,"href":"https:\/\/staging.ecommerce.tuttocapsuletools.it\/fr\/wp-json\/wp\/v2\/comments?post=3640"}],"wp:attachment":[{"href":"https:\/\/staging.ecommerce.tuttocapsuletools.it\/fr\/wp-json\/wp\/v2\/media?parent=3640"}],"wp:term":[{"taxonomy":"product_brand","embeddable":true,"href":"https:\/\/staging.ecommerce.tuttocapsuletools.it\/fr\/wp-json\/wp\/v2\/product_brand?post=3640"},{"taxonomy":"product_cat","embeddable":true,"href":"https:\/\/staging.ecommerce.tuttocapsuletools.it\/fr\/wp-json\/wp\/v2\/product_cat?post=3640"},{"taxonomy":"product_tag","embeddable":true,"href":"https:\/\/staging.ecommerce.tuttocapsuletools.it\/fr\/wp-json\/wp\/v2\/product_tag?post=3640"},{"taxonomy":"product_family","embeddable":true,"href":"https:\/\/staging.ecommerce.tuttocapsuletools.it\/fr\/wp-json\/wp\/v2\/product_family?post=3640"},{"taxonomy":"product_group","embeddable":true,"href":"https:\/\/staging.ecommerce.tuttocapsuletools.it\/fr\/wp-json\/wp\/v2\/product_group?post=3640"},{"taxonomy":"product_class","embeddable":true,"href":"https:\/\/staging.ecommerce.tuttocapsuletools.it\/fr\/wp-json\/wp\/v2\/product_class?post=3640"}],"curies":[{"name":"wp","href":"https:\/\/api.w.org\/{rel}","templated":true}]}}