{"id":3648,"date":"2026-01-30T10:46:36","date_gmt":"2026-01-30T09:46:36","guid":{"rendered":"https:\/\/staging.ecommerce.tuttocapsuletools.it\/prodotto\/italfoods-dolce-gusto-solubile-te-deteinato-conf-12-box-6-2\/"},"modified":"2026-04-15T22:08:43","modified_gmt":"2026-04-15T20:08:43","slug":"italfoods-dolce-gusto-solubile-te-deteinato-conf-12-box-6-2","status":"publish","type":"product","link":"https:\/\/staging.ecommerce.tuttocapsuletools.it\/fr\/prodotto\/italfoods-dolce-gusto-solubile-te-deteinato-conf-12-box-6-2\/","title":{"rendered":"DolceVita T\u00e8 Deteinato 12 capsule"},"content":{"rendered":"<p>Red\u00e9couvrez l&rsquo;\u00e9quilibre parfait entre la force aromatique du th\u00e9 et la vivacit\u00e9 d\u00e9licate du citron. Cette boisson soluble est con\u00e7ue pour vous offrir une pause r\u00e9g\u00e9n\u00e9rante \u00e0 tout moment de la journ\u00e9e, combinant des notes d&rsquo;agrumes et un go\u00fbt net qui d\u00e9salt\u00e8re naturellement. Qu&rsquo;il soit sirot\u00e9 chaud pour un r\u00e9veil en douceur ou d\u00e9gust\u00e9 froid avec des gla\u00e7ons pour une pouss\u00e9e d&rsquo;\u00e9nergie estivale, notre th\u00e9 au citron reste le choix id\u00e9al pour ceux qui recherchent simplicit\u00e9 et bien-\u00eatre dans une seule tasse.<\/p>\n","protected":false},"excerpt":{"rendered":"<p>Contient 12 capsules Dolce Gusto<br \/>\nBoisson soluble de th\u00e9 d\u00e9caf\u00e9in\u00e9 au citron<br \/>\nCompatible avec les machines Dolce Gusto<br \/>\nLongueur conseill\u00e9e : 150 ml (4\/5 niveaux)<\/p>\n","protected":false},"featured_media":0,"comment_status":"open","ping_status":"closed","template":"","meta":{"_acf_changed":false},"product_brand":[362],"product_cat":[333,322],"product_tag":[],"product_family":[],"product_group":[],"product_class":[],"class_list":{"0":"post-3648","1":"product","2":"type-product","3":"status-publish","5":"product_brand-italfoods","6":"product_cat-d-g","7":"product_cat-sol","9":"first","10":"instock","11":"shipping-taxable","12":"purchasable","13":"product-type-simple"},"acf":[],"_links":{"self":[{"href":"https:\/\/staging.ecommerce.tuttocapsuletools.it\/fr\/wp-json\/wp\/v2\/product\/3648","targetHints":{"allow":["GET"]}}],"collection":[{"href":"https:\/\/staging.ecommerce.tuttocapsuletools.it\/fr\/wp-json\/wp\/v2\/product"}],"about":[{"href":"https:\/\/staging.ecommerce.tuttocapsuletools.it\/fr\/wp-json\/wp\/v2\/types\/product"}],"replies":[{"embeddable":true,"href":"https:\/\/staging.ecommerce.tuttocapsuletools.it\/fr\/wp-json\/wp\/v2\/comments?post=3648"}],"wp:attachment":[{"href":"https:\/\/staging.ecommerce.tuttocapsuletools.it\/fr\/wp-json\/wp\/v2\/media?parent=3648"}],"wp:term":[{"taxonomy":"product_brand","embeddable":true,"href":"https:\/\/staging.ecommerce.tuttocapsuletools.it\/fr\/wp-json\/wp\/v2\/product_brand?post=3648"},{"taxonomy":"product_cat","embeddable":true,"href":"https:\/\/staging.ecommerce.tuttocapsuletools.it\/fr\/wp-json\/wp\/v2\/product_cat?post=3648"},{"taxonomy":"product_tag","embeddable":true,"href":"https:\/\/staging.ecommerce.tuttocapsuletools.it\/fr\/wp-json\/wp\/v2\/product_tag?post=3648"},{"taxonomy":"product_family","embeddable":true,"href":"https:\/\/staging.ecommerce.tuttocapsuletools.it\/fr\/wp-json\/wp\/v2\/product_family?post=3648"},{"taxonomy":"product_group","embeddable":true,"href":"https:\/\/staging.ecommerce.tuttocapsuletools.it\/fr\/wp-json\/wp\/v2\/product_group?post=3648"},{"taxonomy":"product_class","embeddable":true,"href":"https:\/\/staging.ecommerce.tuttocapsuletools.it\/fr\/wp-json\/wp\/v2\/product_class?post=3648"}],"curies":[{"name":"wp","href":"https:\/\/api.w.org\/{rel}","templated":true}]}}