{"id":3650,"date":"2026-01-30T10:46:36","date_gmt":"2026-01-30T09:46:36","guid":{"rendered":"https:\/\/staging.ecommerce.tuttocapsuletools.it\/prodotto\/italfoods-dolce-gusto-solubile-ginseng-amaro-conf-12-box-6-2\/"},"modified":"2026-04-15T22:08:44","modified_gmt":"2026-04-15T20:08:44","slug":"italfoods-dolce-gusto-solubile-ginseng-amaro-conf-12-box-6-2","status":"publish","type":"product","link":"https:\/\/staging.ecommerce.tuttocapsuletools.it\/fr\/prodotto\/italfoods-dolce-gusto-solubile-ginseng-amaro-conf-12-box-6-2\/","title":{"rendered":"DolceVita Ginseng Amaro 12 capsule"},"content":{"rendered":"<p>Le caf\u00e9 et le ginseng se marient dans une recette \u00e9quilibr\u00e9e et l\u00e9g\u00e8re. Un choix raffin\u00e9 qui rehausse les notes torr\u00e9fi\u00e9es et v\u00e9g\u00e9tales, pour une pause revigorante au go\u00fbt authentique et sinc\u00e8re.<\/p>\n","protected":false},"excerpt":{"rendered":"<p>Contient 12 capsules Dolce Gusto.<br \/>\nBoisson instantan\u00e9e au caf\u00e9 et au ginseng.<br \/>\nCompatible avec les machines Dolce Gusto.<br \/>\nDosage recommand\u00e9 : 110 ml (2\/3 niveaux).<\/p>\n","protected":false},"featured_media":0,"comment_status":"open","ping_status":"closed","template":"","meta":{"_acf_changed":false},"product_brand":[362],"product_cat":[333,322],"product_tag":[],"product_family":[],"product_group":[],"product_class":[],"class_list":{"0":"post-3650","1":"product","2":"type-product","3":"status-publish","5":"product_brand-italfoods","6":"product_cat-d-g","7":"product_cat-sol","9":"first","10":"outofstock","11":"shipping-taxable","12":"purchasable","13":"product-type-simple"},"acf":[],"_links":{"self":[{"href":"https:\/\/staging.ecommerce.tuttocapsuletools.it\/fr\/wp-json\/wp\/v2\/product\/3650","targetHints":{"allow":["GET"]}}],"collection":[{"href":"https:\/\/staging.ecommerce.tuttocapsuletools.it\/fr\/wp-json\/wp\/v2\/product"}],"about":[{"href":"https:\/\/staging.ecommerce.tuttocapsuletools.it\/fr\/wp-json\/wp\/v2\/types\/product"}],"replies":[{"embeddable":true,"href":"https:\/\/staging.ecommerce.tuttocapsuletools.it\/fr\/wp-json\/wp\/v2\/comments?post=3650"}],"wp:attachment":[{"href":"https:\/\/staging.ecommerce.tuttocapsuletools.it\/fr\/wp-json\/wp\/v2\/media?parent=3650"}],"wp:term":[{"taxonomy":"product_brand","embeddable":true,"href":"https:\/\/staging.ecommerce.tuttocapsuletools.it\/fr\/wp-json\/wp\/v2\/product_brand?post=3650"},{"taxonomy":"product_cat","embeddable":true,"href":"https:\/\/staging.ecommerce.tuttocapsuletools.it\/fr\/wp-json\/wp\/v2\/product_cat?post=3650"},{"taxonomy":"product_tag","embeddable":true,"href":"https:\/\/staging.ecommerce.tuttocapsuletools.it\/fr\/wp-json\/wp\/v2\/product_tag?post=3650"},{"taxonomy":"product_family","embeddable":true,"href":"https:\/\/staging.ecommerce.tuttocapsuletools.it\/fr\/wp-json\/wp\/v2\/product_family?post=3650"},{"taxonomy":"product_group","embeddable":true,"href":"https:\/\/staging.ecommerce.tuttocapsuletools.it\/fr\/wp-json\/wp\/v2\/product_group?post=3650"},{"taxonomy":"product_class","embeddable":true,"href":"https:\/\/staging.ecommerce.tuttocapsuletools.it\/fr\/wp-json\/wp\/v2\/product_class?post=3650"}],"curies":[{"name":"wp","href":"https:\/\/api.w.org\/{rel}","templated":true}]}}