{"id":3652,"date":"2026-01-30T10:46:36","date_gmt":"2026-01-30T09:46:36","guid":{"rendered":"https:\/\/staging.ecommerce.tuttocapsuletools.it\/prodotto\/italfoods-dolce-gusto-solubile-cortado-conf-12-box-6-2\/"},"modified":"2026-04-16T00:08:40","modified_gmt":"2026-04-15T22:08:40","slug":"italfoods-dolce-gusto-solubile-cortado-conf-12-box-6-2","status":"publish","type":"product","link":"https:\/\/staging.ecommerce.tuttocapsuletools.it\/fr\/prodotto\/italfoods-dolce-gusto-solubile-cortado-conf-12-box-6-2\/","title":{"rendered":"DolceVita Cortado 12 capsule"},"content":{"rendered":"<p>Une boisson \u00e9quilibr\u00e9e qui allie l&rsquo;intensit\u00e9 du caf\u00e9 \u00e0 la douceur d&rsquo;un nuage de lait. Cet espresso macchiato en capsule offre une texture velout\u00e9e et un corps rond. C&rsquo;est le choix id\u00e9al pour ceux qui recherchent un go\u00fbt prononc\u00e9 mais adouci par une note cr\u00e9meuse, parfait pour une courte pause de caract\u00e8re.<\/p>\n","protected":false},"excerpt":{"rendered":"<p>Contient 12 capsules Dolce Gusto<br \/>\nBoisson soluble au caf\u00e9 et au lait<br \/>\nCompatible avec les machines Dolce Gusto<br \/>\nLongueur conseill\u00e9e : 120 ml (3\/4 niveaux)<\/p>\n","protected":false},"featured_media":0,"comment_status":"open","ping_status":"closed","template":"","meta":{"_acf_changed":false},"product_brand":[362],"product_cat":[333,322],"product_tag":[],"product_family":[],"product_group":[],"product_class":[],"class_list":{"0":"post-3652","1":"product","2":"type-product","3":"status-publish","5":"product_brand-italfoods","6":"product_cat-d-g","7":"product_cat-sol","9":"first","10":"instock","11":"shipping-taxable","12":"purchasable","13":"product-type-simple"},"acf":[],"_links":{"self":[{"href":"https:\/\/staging.ecommerce.tuttocapsuletools.it\/fr\/wp-json\/wp\/v2\/product\/3652","targetHints":{"allow":["GET"]}}],"collection":[{"href":"https:\/\/staging.ecommerce.tuttocapsuletools.it\/fr\/wp-json\/wp\/v2\/product"}],"about":[{"href":"https:\/\/staging.ecommerce.tuttocapsuletools.it\/fr\/wp-json\/wp\/v2\/types\/product"}],"replies":[{"embeddable":true,"href":"https:\/\/staging.ecommerce.tuttocapsuletools.it\/fr\/wp-json\/wp\/v2\/comments?post=3652"}],"wp:attachment":[{"href":"https:\/\/staging.ecommerce.tuttocapsuletools.it\/fr\/wp-json\/wp\/v2\/media?parent=3652"}],"wp:term":[{"taxonomy":"product_brand","embeddable":true,"href":"https:\/\/staging.ecommerce.tuttocapsuletools.it\/fr\/wp-json\/wp\/v2\/product_brand?post=3652"},{"taxonomy":"product_cat","embeddable":true,"href":"https:\/\/staging.ecommerce.tuttocapsuletools.it\/fr\/wp-json\/wp\/v2\/product_cat?post=3652"},{"taxonomy":"product_tag","embeddable":true,"href":"https:\/\/staging.ecommerce.tuttocapsuletools.it\/fr\/wp-json\/wp\/v2\/product_tag?post=3652"},{"taxonomy":"product_family","embeddable":true,"href":"https:\/\/staging.ecommerce.tuttocapsuletools.it\/fr\/wp-json\/wp\/v2\/product_family?post=3652"},{"taxonomy":"product_group","embeddable":true,"href":"https:\/\/staging.ecommerce.tuttocapsuletools.it\/fr\/wp-json\/wp\/v2\/product_group?post=3652"},{"taxonomy":"product_class","embeddable":true,"href":"https:\/\/staging.ecommerce.tuttocapsuletools.it\/fr\/wp-json\/wp\/v2\/product_class?post=3652"}],"curies":[{"name":"wp","href":"https:\/\/api.w.org\/{rel}","templated":true}]}}