{"id":3656,"date":"2026-01-30T10:46:37","date_gmt":"2026-01-30T09:46:37","guid":{"rendered":"https:\/\/staging.ecommerce.tuttocapsuletools.it\/prodotto\/obs-italfoods-dolce-gusto-solubile-fragolosa-conf-12-box-6-2\/"},"modified":"2026-04-15T18:53:36","modified_gmt":"2026-04-15T16:53:36","slug":"obs-italfoods-dolce-gusto-solubile-fragolosa-conf-12-box-6-2","status":"publish","type":"product","link":"https:\/\/staging.ecommerce.tuttocapsuletools.it\/fr\/prodotto\/obs-italfoods-dolce-gusto-solubile-fragolosa-conf-12-box-6-2\/","title":{"rendered":"DolceVita Fragolosa 12 capsule"},"content":{"rendered":"<p>Laissez-vous tenter par la saveur incomparable de l&rsquo;un des g\u00e2teaux les plus embl\u00e9matiques au monde. Cette boisson soluble capture l&rsquo;essence du classique cheesecake : la base cr\u00e9meuse et velout\u00e9e de la cr\u00e8me se marie aux notes vives et sucr\u00e9es des fraises m\u00fbres, cr\u00e9ant un m\u00e9lange irr\u00e9sistible. C&rsquo;est le choix parfait pour ceux qui recherchent une pause non conventionnelle, capable d&rsquo;offrir tout le plaisir d&rsquo;un dessert artisanal dans une tasse chaude et parfum\u00e9e. Une exp\u00e9rience gourmande moderne et d\u00e9licieuse, d\u00e9di\u00e9e aux palais les plus gourmands.<\/p>\n","protected":false},"excerpt":{"rendered":"<p>Contient 12 capsules Dolce Gusto<br \/>\nBoisson soluble au go\u00fbt de cheesecake \u00e0 la fraise<br \/>\nCompatible avec les machines Dolce Gusto<br \/>\nLongueur conseill\u00e9e : 150 ml (4\/5 niveaux)<\/p>\n","protected":false},"featured_media":0,"comment_status":"open","ping_status":"closed","template":"","meta":{"_acf_changed":false},"product_brand":[362],"product_cat":[333,322],"product_tag":[],"product_family":[],"product_group":[],"product_class":[],"class_list":{"0":"post-3656","1":"product","2":"type-product","3":"status-publish","5":"product_brand-italfoods","6":"product_cat-d-g","7":"product_cat-sol","9":"first","10":"instock","11":"shipping-taxable","12":"purchasable","13":"product-type-simple"},"acf":[],"_links":{"self":[{"href":"https:\/\/staging.ecommerce.tuttocapsuletools.it\/fr\/wp-json\/wp\/v2\/product\/3656","targetHints":{"allow":["GET"]}}],"collection":[{"href":"https:\/\/staging.ecommerce.tuttocapsuletools.it\/fr\/wp-json\/wp\/v2\/product"}],"about":[{"href":"https:\/\/staging.ecommerce.tuttocapsuletools.it\/fr\/wp-json\/wp\/v2\/types\/product"}],"replies":[{"embeddable":true,"href":"https:\/\/staging.ecommerce.tuttocapsuletools.it\/fr\/wp-json\/wp\/v2\/comments?post=3656"}],"wp:attachment":[{"href":"https:\/\/staging.ecommerce.tuttocapsuletools.it\/fr\/wp-json\/wp\/v2\/media?parent=3656"}],"wp:term":[{"taxonomy":"product_brand","embeddable":true,"href":"https:\/\/staging.ecommerce.tuttocapsuletools.it\/fr\/wp-json\/wp\/v2\/product_brand?post=3656"},{"taxonomy":"product_cat","embeddable":true,"href":"https:\/\/staging.ecommerce.tuttocapsuletools.it\/fr\/wp-json\/wp\/v2\/product_cat?post=3656"},{"taxonomy":"product_tag","embeddable":true,"href":"https:\/\/staging.ecommerce.tuttocapsuletools.it\/fr\/wp-json\/wp\/v2\/product_tag?post=3656"},{"taxonomy":"product_family","embeddable":true,"href":"https:\/\/staging.ecommerce.tuttocapsuletools.it\/fr\/wp-json\/wp\/v2\/product_family?post=3656"},{"taxonomy":"product_group","embeddable":true,"href":"https:\/\/staging.ecommerce.tuttocapsuletools.it\/fr\/wp-json\/wp\/v2\/product_group?post=3656"},{"taxonomy":"product_class","embeddable":true,"href":"https:\/\/staging.ecommerce.tuttocapsuletools.it\/fr\/wp-json\/wp\/v2\/product_class?post=3656"}],"curies":[{"name":"wp","href":"https:\/\/api.w.org\/{rel}","templated":true}]}}