{"id":3696,"date":"2026-01-30T10:46:41","date_gmt":"2026-01-30T09:46:41","guid":{"rendered":"https:\/\/staging.ecommerce.tuttocapsuletools.it\/prodotto\/italfoods-nespresso-nocciolino-conf-10-box-8-2\/"},"modified":"2026-04-16T05:23:40","modified_gmt":"2026-04-16T03:23:40","slug":"italfoods-nespresso-nocciolino-conf-10-box-8-2","status":"publish","type":"product","link":"https:\/\/staging.ecommerce.tuttocapsuletools.it\/fr\/prodotto\/italfoods-nespresso-nocciolino-conf-10-box-8-2\/","title":{"rendered":"DolceVita Nocciolino 10 capsule"},"content":{"rendered":"<p>Caf\u00e9 et noisette : toute l&rsquo;\u00e9nergie de l&rsquo;espresso avec une touche de gourmandise en plus. Une boisson instantan\u00e9e \u00e9quilibr\u00e9e et parfum\u00e9e, id\u00e9ale pour ceux qui recherchent un d\u00e9licieux go\u00fbt torr\u00e9fi\u00e9 dans chaque tasse.<\/p>\n","protected":false},"excerpt":{"rendered":"<p>Contient 10 capsules Nespresso<br \/>\nBoisson instantan\u00e9e au caf\u00e9 et \u00e0 la noisette<br \/>\nCompatible avec les machines Nespresso<br \/>\nDosage recommand\u00e9 : 60 ml<\/p>\n","protected":false},"featured_media":0,"comment_status":"open","ping_status":"closed","template":"","meta":{"_acf_changed":false},"product_brand":[362],"product_cat":[335,322],"product_tag":[],"product_family":[],"product_group":[],"product_class":[],"class_list":{"0":"post-3696","1":"product","2":"type-product","3":"status-publish","5":"product_brand-italfoods","6":"product_cat-nes","7":"product_cat-sol","9":"first","10":"outofstock","11":"shipping-taxable","12":"purchasable","13":"product-type-simple"},"acf":[],"_links":{"self":[{"href":"https:\/\/staging.ecommerce.tuttocapsuletools.it\/fr\/wp-json\/wp\/v2\/product\/3696","targetHints":{"allow":["GET"]}}],"collection":[{"href":"https:\/\/staging.ecommerce.tuttocapsuletools.it\/fr\/wp-json\/wp\/v2\/product"}],"about":[{"href":"https:\/\/staging.ecommerce.tuttocapsuletools.it\/fr\/wp-json\/wp\/v2\/types\/product"}],"replies":[{"embeddable":true,"href":"https:\/\/staging.ecommerce.tuttocapsuletools.it\/fr\/wp-json\/wp\/v2\/comments?post=3696"}],"wp:attachment":[{"href":"https:\/\/staging.ecommerce.tuttocapsuletools.it\/fr\/wp-json\/wp\/v2\/media?parent=3696"}],"wp:term":[{"taxonomy":"product_brand","embeddable":true,"href":"https:\/\/staging.ecommerce.tuttocapsuletools.it\/fr\/wp-json\/wp\/v2\/product_brand?post=3696"},{"taxonomy":"product_cat","embeddable":true,"href":"https:\/\/staging.ecommerce.tuttocapsuletools.it\/fr\/wp-json\/wp\/v2\/product_cat?post=3696"},{"taxonomy":"product_tag","embeddable":true,"href":"https:\/\/staging.ecommerce.tuttocapsuletools.it\/fr\/wp-json\/wp\/v2\/product_tag?post=3696"},{"taxonomy":"product_family","embeddable":true,"href":"https:\/\/staging.ecommerce.tuttocapsuletools.it\/fr\/wp-json\/wp\/v2\/product_family?post=3696"},{"taxonomy":"product_group","embeddable":true,"href":"https:\/\/staging.ecommerce.tuttocapsuletools.it\/fr\/wp-json\/wp\/v2\/product_group?post=3696"},{"taxonomy":"product_class","embeddable":true,"href":"https:\/\/staging.ecommerce.tuttocapsuletools.it\/fr\/wp-json\/wp\/v2\/product_class?post=3696"}],"curies":[{"name":"wp","href":"https:\/\/api.w.org\/{rel}","templated":true}]}}