{"id":3704,"date":"2026-01-30T10:46:42","date_gmt":"2026-01-30T09:46:42","guid":{"rendered":"https:\/\/staging.ecommerce.tuttocapsuletools.it\/prodotto\/italfoods-nespresso-macaron-conf-10-box-8-2\/"},"modified":"2026-04-16T00:23:40","modified_gmt":"2026-04-15T22:23:40","slug":"italfoods-nespresso-macaron-conf-10-box-8-2","status":"publish","type":"product","link":"https:\/\/staging.ecommerce.tuttocapsuletools.it\/fr\/prodotto\/italfoods-nespresso-macaron-conf-10-box-8-2\/","title":{"rendered":"DolceVita Macaron 10 capsule"},"content":{"rendered":"<p>Laissez-vous s\u00e9duire par le go\u00fbt raffin\u00e9 de notre boisson \u00e0 l&rsquo;amande, un hommage \u00e0 la fine p\u00e2tisserie fran\u00e7aise. Chaque gorg\u00e9e lib\u00e8re l&rsquo;ar\u00f4me doux et l\u00e9g\u00e8rement torr\u00e9fi\u00e9 des c\u00e9l\u00e8bres macarons, fusionnant la d\u00e9licatesse de l&rsquo;amande avec une consistance cr\u00e9meuse et velout\u00e9e. C&rsquo;est le choix parfait pour ceux qui recherchent une pause sophistiqu\u00e9e et parfum\u00e9e, capable de transformer un simple moment de d\u00e9tente en une petite exp\u00e9rience gourmande au charme parisien. Une v\u00e9ritable tentation pour le palais, \u00e9quilibr\u00e9e et irr\u00e9sistiblement douce.<\/p>\n","protected":false},"excerpt":{"rendered":"<p>Contient 10 capsules Nespresso<br \/>\nBoisson soluble au caf\u00e9 et saveur d&rsquo;amande<br \/>\nCompatible avec les machines Nespresso<br \/>\nLongueur conseill\u00e9e : 60 ml<\/p>\n","protected":false},"featured_media":0,"comment_status":"open","ping_status":"closed","template":"","meta":{"_acf_changed":false},"product_brand":[362],"product_cat":[335,322],"product_tag":[],"product_family":[],"product_group":[],"product_class":[],"class_list":{"0":"post-3704","1":"product","2":"type-product","3":"status-publish","5":"product_brand-italfoods","6":"product_cat-nes","7":"product_cat-sol","9":"first","10":"instock","11":"shipping-taxable","12":"purchasable","13":"product-type-simple"},"acf":[],"_links":{"self":[{"href":"https:\/\/staging.ecommerce.tuttocapsuletools.it\/fr\/wp-json\/wp\/v2\/product\/3704","targetHints":{"allow":["GET"]}}],"collection":[{"href":"https:\/\/staging.ecommerce.tuttocapsuletools.it\/fr\/wp-json\/wp\/v2\/product"}],"about":[{"href":"https:\/\/staging.ecommerce.tuttocapsuletools.it\/fr\/wp-json\/wp\/v2\/types\/product"}],"replies":[{"embeddable":true,"href":"https:\/\/staging.ecommerce.tuttocapsuletools.it\/fr\/wp-json\/wp\/v2\/comments?post=3704"}],"wp:attachment":[{"href":"https:\/\/staging.ecommerce.tuttocapsuletools.it\/fr\/wp-json\/wp\/v2\/media?parent=3704"}],"wp:term":[{"taxonomy":"product_brand","embeddable":true,"href":"https:\/\/staging.ecommerce.tuttocapsuletools.it\/fr\/wp-json\/wp\/v2\/product_brand?post=3704"},{"taxonomy":"product_cat","embeddable":true,"href":"https:\/\/staging.ecommerce.tuttocapsuletools.it\/fr\/wp-json\/wp\/v2\/product_cat?post=3704"},{"taxonomy":"product_tag","embeddable":true,"href":"https:\/\/staging.ecommerce.tuttocapsuletools.it\/fr\/wp-json\/wp\/v2\/product_tag?post=3704"},{"taxonomy":"product_family","embeddable":true,"href":"https:\/\/staging.ecommerce.tuttocapsuletools.it\/fr\/wp-json\/wp\/v2\/product_family?post=3704"},{"taxonomy":"product_group","embeddable":true,"href":"https:\/\/staging.ecommerce.tuttocapsuletools.it\/fr\/wp-json\/wp\/v2\/product_group?post=3704"},{"taxonomy":"product_class","embeddable":true,"href":"https:\/\/staging.ecommerce.tuttocapsuletools.it\/fr\/wp-json\/wp\/v2\/product_class?post=3704"}],"curies":[{"name":"wp","href":"https:\/\/api.w.org\/{rel}","templated":true}]}}